{"id":8684,"date":"2023-10-21T10:59:19","date_gmt":"2023-10-21T10:59:19","guid":{"rendered":"https:\/\/rezeptfrei-apotheke.net\/?post_type=product&#038;p=8684"},"modified":"2023-10-30T21:59:22","modified_gmt":"2023-10-30T21:59:22","slug":"2-3-fea-pellets-50mg-125mg","status":"publish","type":"product","link":"https:\/\/rezeptfrei-apotheke.net\/pl\/product\/2-3-fea-pellets-50mg-125mg\/","title":{"rendered":"Peletki 2\/3-FEA 50mg\/125mg"},"content":{"rendered":"<p>Czy chcesz\u00a0<strong>kup proszek 3-FEA<\/strong>, 3-Fluoroetamfetamina? Zatem trafi\u0142e\u015b we w\u0142a\u015bciwe miejsce! Wszystkie chemikalia badawcze dost\u0119pne w naszym sklepie internetowym s\u0105 testowane laboratoryjnie i charakteryzuj\u0105 si\u0119 najczystsz\u0105 jako\u015bci\u0105. Zam\u00f3wienia s\u0105 dyskretnie pakowane i wysy\u0142ane w ci\u0105gu 24 godzin. Ponadto mo\u017cesz bezpiecznie i szybko p\u0142aci\u0107 za pomoc\u0105 Bitcoin i kryptowalut.<\/p>\n<h3>Gdzie mog\u0119 kupi\u0107 3-FEA?<\/h3>\n<p>W naszym sklepie internetowym znajdziesz wszystko, czego potrzebujesz\u00a0<strong>badania chemiczne<\/strong>\u00a0i tutaj mo\u017cesz r\u00f3wnie\u017c zam\u00f3wi\u0107 najwy\u017cszej jako\u015bci 3-FEA.<\/p>\n<p>Substancja ta jest przeznaczona wy\u0142\u0105cznie do u\u017cytku laboratoryjnego.<\/p>\n<p>Zawsze upewnij si\u0119, \u017ce podejmujesz odpowiednie \u015brodki ostro\u017cno\u015bci. Pami\u0119taj na przyk\u0142ad o zakryciu ods\u0142oni\u0119tej sk\u00f3ry i za\u0142o\u017ceniu okular\u00f3w ochronnych.<\/p>\n<p><em><strong>Prosz\u0119 zanotowa\u0107:<\/strong>\u00a0Podobnie jak inne chemikalia badawcze, 3-FEA jest przeznaczony wy\u0142\u0105cznie do cel\u00f3w badawczych i absolutnie nie powinien by\u0107 spo\u017cywany przez ludzi, zwierz\u0119ta lub inne \u017cywe organizmy.<\/em><\/p>\n<p>Przechowywa\u0107 w suchym i ch\u0142odnym miejscu, aby zapewni\u0107 maksymalny okres przydatno\u015bci do spo\u017cycia.<\/p>","protected":false},"excerpt":{"rendered":"<p><strong>Nazwa IUPAC: <\/strong>zero<\/p>\n<p><strong>CAS # <\/strong>3871-89-4 \/ 54982-43-3<\/p>\n<p><strong>Inna nazwa: <\/strong>2-Fluoroetyloamfetamina \/ 3-Fluoroetyloamfetamina<\/p>\n<p><strong>Wygl\u0105d: <\/strong>Pelety<\/p>\n<p><strong>Formularz: <\/strong>pellety<\/p>\n<p><strong>Analiza NMR: <\/strong>Nie dotyczy<\/p>","protected":false},"featured_media":8737,"comment_status":"open","ping_status":"closed","template":"","meta":[],"product_brand":[],"product_cat":[93],"product_tag":[],"class_list":{"0":"post-8684","1":"product","2":"type-product","3":"status-publish","4":"has-post-thumbnail","6":"product_cat-order-pills-online","8":"first","9":"instock","10":"shipping-taxable","11":"purchasable","12":"product-type-variable"},"jetpack_sharing_enabled":true,"_links":{"self":[{"href":"https:\/\/rezeptfrei-apotheke.net\/pl\/wp-json\/wp\/v2\/product\/8684","targetHints":{"allow":["GET"]}}],"collection":[{"href":"https:\/\/rezeptfrei-apotheke.net\/pl\/wp-json\/wp\/v2\/product"}],"about":[{"href":"https:\/\/rezeptfrei-apotheke.net\/pl\/wp-json\/wp\/v2\/types\/product"}],"replies":[{"embeddable":true,"href":"https:\/\/rezeptfrei-apotheke.net\/pl\/wp-json\/wp\/v2\/comments?post=8684"}],"wp:featuredmedia":[{"embeddable":true,"href":"https:\/\/rezeptfrei-apotheke.net\/pl\/wp-json\/wp\/v2\/media\/8737"}],"wp:attachment":[{"href":"https:\/\/rezeptfrei-apotheke.net\/pl\/wp-json\/wp\/v2\/media?parent=8684"}],"wp:term":[{"taxonomy":"product_brand","embeddable":true,"href":"https:\/\/rezeptfrei-apotheke.net\/pl\/wp-json\/wp\/v2\/product_brand?post=8684"},{"taxonomy":"product_cat","embeddable":true,"href":"https:\/\/rezeptfrei-apotheke.net\/pl\/wp-json\/wp\/v2\/product_cat?post=8684"},{"taxonomy":"product_tag","embeddable":true,"href":"https:\/\/rezeptfrei-apotheke.net\/pl\/wp-json\/wp\/v2\/product_tag?post=8684"}],"curies":[{"name":"wp","href":"https:\/\/api.w.org\/{rel}","templated":true}]}}