{"id":8685,"date":"2023-10-21T10:59:19","date_gmt":"2023-10-21T10:59:19","guid":{"rendered":"https:\/\/rezeptfrei-apotheke.net\/?post_type=product&#038;p=8685"},"modified":"2023-10-30T21:51:48","modified_gmt":"2023-10-30T21:51:48","slug":"4-ho-mipt-pellets-20mg","status":"publish","type":"product","link":"https:\/\/rezeptfrei-apotheke.net\/pl\/product\/4-ho-mipt-pellets-20mg\/","title":{"rendered":"Peletki 4-HO-MIPT 20mg"},"content":{"rendered":"<h2><strong>Co to jest 4-HO-MiPT?<\/strong><\/h2>\n<p>4-HO-MiPT jest skr\u00f3tem od 4-hydroksy-N-metylo-N-izopropylotryptaminy. Substancja ta nale\u017cy do klasy substancji chemicznych zawieraj\u0105cych tryptaminy. Jest bardzo podobny do psilocyny, kt\u00f3ra jest aktywnym sk\u0142adnikiem magicznych grzyb\u00f3w. Wiadomo, \u017ce podobnie jak psylocyna, 4-HO-MiPT wywo\u0142uje efekty psychodeliczne podczas laboratoryjnych eksperyment\u00f3w badawczych.<\/p>\n<p>4-HO-MiPT zyskuje na popularno\u015bci i staje si\u0119 jedn\u0105 z najpowszechniejszych syntetycznych tryptamin wykorzystywanych przez badaczy chemii.<\/p>\n<p>&nbsp;<\/p>\n<h2><strong>Gdzie kupi\u0107 4-HO-MiPT?<\/strong><\/h2>\n<p>W Chemical Planet sprzedajemy wysokiej jako\u015bci 4-HO-MiPT. Oferujemy t\u0119 substancj\u0119 badawcz\u0105 w postaci proszku hcl lub fumaranu, kt\u00f3ry idealnie nadaje si\u0119 do eksperyment\u00f3w laboratoryjnych. Je\u015bli jednak wolisz inn\u0105 form\u0119, mo\u017cesz skontaktowa\u0107 si\u0119 z nami, aby sprawdzi\u0107, kiedy b\u0119dziemy mogli udost\u0119pni\u0107 inn\u0105 form\u0119.<\/p>\n<p>Aby kupi\u0107 nasz 4-HO-MiPT, musisz mie\u0107 uko\u0144czone 18 lat. Musisz tak\u017ce w pe\u0142ni przestrzega\u0107 praw swojego narodu. Nasz 4-HO-MiPT nie jest przeznaczony do u\u017cytku przez ludzi ani zwierz\u0119ta. S\u0142u\u017cy wy\u0142\u0105cznie celom badawczym.<\/p>\n<p>&nbsp;<\/p>\n<h2><strong>Legalno\u015b\u0107 4-HO-MiPT<\/strong><\/h2>\n<p>4-HO-MiPT jest nielegalny w Brazylii i Szwecji. W Wielkiej Brytanii jest klasyfikowany jako lek klasy A. W Stanach Zjednoczonych jest to nieplanowane. Cz\u0119sto jednak uwa\u017ca si\u0119 j\u0105 za analog psilocyny. Zatem osoby posiadaj\u0105ce lub sprzedaj\u0105ce 4-HO-MiPT mog\u0105 by\u0107 \u015bcigane na mocy federalnej ustawy o analogach.<\/p>\n<p><strong>\u015arodki eksperymentalne<\/strong>: Podobnie jak w przypadku wi\u0119kszo\u015bci 4-hydroksy, musisz upewni\u0107 si\u0119, \u017ce twoje laboratorium ma funkcjonaln\u0105 skal\u0119 miligramow\u0105 lub mo\u017cliwo\u015b\u0107 oznaczania ilo\u015bciowego wolumetrycznego. Jest to szczeg\u00f3lnie istotne w przypadku 4-AcO-MiPT, poniewa\u017c poziomy reaktywno\u015bci zaczynaj\u0105 si\u0119 ju\u017c od 5 mg.<\/p>","protected":false},"excerpt":{"rendered":"<p><strong>Nazwa IUPAC: <\/strong>3-(2-[izopropylo(metylo)amino]etylo)-1H-indol-4-ol<\/p>\n<p><strong>Inna nazwa: <\/strong>4-hydroksy-N-metylo-N-izopropylotryptamina<\/p>\n<p><strong>Formularz: <\/strong>pellety<\/p>\n<p><strong>Analiza NMR: <\/strong>Nie dotyczy<\/p>","protected":false},"featured_media":8738,"comment_status":"open","ping_status":"closed","template":"","meta":[],"product_brand":[],"product_cat":[93],"product_tag":[],"class_list":{"0":"post-8685","1":"product","2":"type-product","3":"status-publish","4":"has-post-thumbnail","6":"product_cat-order-pills-online","8":"first","9":"instock","10":"shipping-taxable","11":"purchasable","12":"product-type-variable"},"jetpack_sharing_enabled":true,"_links":{"self":[{"href":"https:\/\/rezeptfrei-apotheke.net\/pl\/wp-json\/wp\/v2\/product\/8685","targetHints":{"allow":["GET"]}}],"collection":[{"href":"https:\/\/rezeptfrei-apotheke.net\/pl\/wp-json\/wp\/v2\/product"}],"about":[{"href":"https:\/\/rezeptfrei-apotheke.net\/pl\/wp-json\/wp\/v2\/types\/product"}],"replies":[{"embeddable":true,"href":"https:\/\/rezeptfrei-apotheke.net\/pl\/wp-json\/wp\/v2\/comments?post=8685"}],"wp:featuredmedia":[{"embeddable":true,"href":"https:\/\/rezeptfrei-apotheke.net\/pl\/wp-json\/wp\/v2\/media\/8738"}],"wp:attachment":[{"href":"https:\/\/rezeptfrei-apotheke.net\/pl\/wp-json\/wp\/v2\/media?parent=8685"}],"wp:term":[{"taxonomy":"product_brand","embeddable":true,"href":"https:\/\/rezeptfrei-apotheke.net\/pl\/wp-json\/wp\/v2\/product_brand?post=8685"},{"taxonomy":"product_cat","embeddable":true,"href":"https:\/\/rezeptfrei-apotheke.net\/pl\/wp-json\/wp\/v2\/product_cat?post=8685"},{"taxonomy":"product_tag","embeddable":true,"href":"https:\/\/rezeptfrei-apotheke.net\/pl\/wp-json\/wp\/v2\/product_tag?post=8685"}],"curies":[{"name":"wp","href":"https:\/\/api.w.org\/{rel}","templated":true}]}}