{"id":8686,"date":"2023-10-21T10:59:19","date_gmt":"2023-10-21T10:59:19","guid":{"rendered":"https:\/\/rezeptfrei-apotheke.net\/?post_type=product&#038;p=8686"},"modified":"2023-10-31T07:31:48","modified_gmt":"2023-10-31T07:31:48","slug":"4-ho-met-pellets-20mg","status":"publish","type":"product","link":"https:\/\/rezeptfrei-apotheke.net\/pl\/product\/4-ho-met-pellets-20mg\/","title":{"rendered":"Peletki 4-HO-MET 20mg"},"content":{"rendered":"<p>Zam\u00f3w peletki 4-AcO-MET 20mg, 4-HO-MET (Metocyna, Metylcybina lub 4-hydroksy-<i>N<\/i>-metyl-<i>N<\/i>-etylotryptamina) jest badan\u0105 substancj\u0105 chemiczn\u0105 klasy tryptaminy o dzia\u0142aniu psychodelicznym. Ta badana substancja chemiczna dzia\u0142a poprzez dzia\u0142anie na receptory serotoninowe obecne w o\u015brodkowym uk\u0142adzie nerwowym. Anegdotyczne doniesienia sugeruj\u0105, \u017ce wyniki tego produktu s\u0105 prawie identyczne z wynikami psilocyny (g\u0142\u00f3wnego aktywnego sk\u0142adnika magicznych grzyb\u00f3w). Ta badana substancja chemiczna zosta\u0142a po raz pierwszy zsyntetyzowana przez Aleksandra Shulgina i zosta\u0142a udokumentowana w jego ksi\u0105\u017cce TiHKAL (Tryptaminy, kt\u00f3re pozna\u0142em i pokocha\u0142em).<\/p>","protected":false},"excerpt":{"rendered":"<p><strong>Nazwa IUPAC: <\/strong>3-(2-[izopropylo(metylo)amino]etylo)-1H-indol-4-ol<\/p>\n<p><strong>Inna nazwa: <\/strong>4-hydroksy-N-metylo-N-izopropylotryptamina<\/p>\n<p><strong>Formularz: <\/strong>pellety<\/p>\n<p><strong>Analiza NMR: <\/strong>Nie dotyczy<\/p>","protected":false},"featured_media":8739,"comment_status":"open","ping_status":"closed","template":"","meta":[],"product_brand":[],"product_cat":[93],"product_tag":[98,99,100,101,102,103],"class_list":{"0":"post-8686","1":"product","2":"type-product","3":"status-publish","4":"has-post-thumbnail","6":"product_cat-order-pills-online","7":"product_tag-4-aco-met-pellets-20mg","8":"product_tag-4-aco-with","9":"product_tag-4acomet","10":"product_tag-buy-tryptamines","11":"product_tag-pellets","12":"product_tag-tryptamine","14":"first","15":"instock","16":"shipping-taxable","17":"purchasable","18":"product-type-variable"},"jetpack_sharing_enabled":true,"_links":{"self":[{"href":"https:\/\/rezeptfrei-apotheke.net\/pl\/wp-json\/wp\/v2\/product\/8686","targetHints":{"allow":["GET"]}}],"collection":[{"href":"https:\/\/rezeptfrei-apotheke.net\/pl\/wp-json\/wp\/v2\/product"}],"about":[{"href":"https:\/\/rezeptfrei-apotheke.net\/pl\/wp-json\/wp\/v2\/types\/product"}],"replies":[{"embeddable":true,"href":"https:\/\/rezeptfrei-apotheke.net\/pl\/wp-json\/wp\/v2\/comments?post=8686"}],"wp:featuredmedia":[{"embeddable":true,"href":"https:\/\/rezeptfrei-apotheke.net\/pl\/wp-json\/wp\/v2\/media\/8739"}],"wp:attachment":[{"href":"https:\/\/rezeptfrei-apotheke.net\/pl\/wp-json\/wp\/v2\/media?parent=8686"}],"wp:term":[{"taxonomy":"product_brand","embeddable":true,"href":"https:\/\/rezeptfrei-apotheke.net\/pl\/wp-json\/wp\/v2\/product_brand?post=8686"},{"taxonomy":"product_cat","embeddable":true,"href":"https:\/\/rezeptfrei-apotheke.net\/pl\/wp-json\/wp\/v2\/product_cat?post=8686"},{"taxonomy":"product_tag","embeddable":true,"href":"https:\/\/rezeptfrei-apotheke.net\/pl\/wp-json\/wp\/v2\/product_tag?post=8686"}],"curies":[{"name":"wp","href":"https:\/\/api.w.org\/{rel}","templated":true}]}}