{"id":8688,"date":"2023-10-21T10:59:19","date_gmt":"2023-10-21T10:59:19","guid":{"rendered":"https:\/\/rezeptfrei-apotheke.net\/?post_type=product&#038;p=8688"},"modified":"2023-10-31T07:35:07","modified_gmt":"2023-10-31T07:35:07","slug":"bk-2c-b-hcl","status":"publish","type":"product","link":"https:\/\/rezeptfrei-apotheke.net\/pl\/product\/bk-2c-b-hcl\/","title":{"rendered":"bk-2C-B HCL"},"content":{"rendered":"<h2><strong>Og\u00f3lne informacje o bk-2C-B HCL<\/strong><\/h2>\n<p><strong>bk-2C-B HCL<\/strong>\u00a0jest substancj\u0105 chemiczn\u0105 do bada\u0144 planistycznych, tym bardziej wyra\u017anie katynonem nale\u017c\u0105cym do substancji kontrolowanej 2C-B (2,5-dimetoksy-4-bromofenetyloamina), kt\u00f3r\u0105 jako pierwszy w\u0142\u0105czy\u0142 Alexander Shulgin. Nie wiadomo, kto jako pierwszy zsyntetyzowa\u0142 bk-2C-B, chocia\u017c by\u0142 on ju\u017c dost\u0119pny w po\u0142owie 2013 r. jako substancja chemiczna do eksploracji sportowej.<\/p>\n<p>Z biegiem lat ukaza\u0142o si\u0119 kilka prac ujawniaj\u0105cych analityczne charakterystyki substancji. Jest on oferowany na stronach internetowych i nazywany jest syntetycznym lekiem halucynogennym.<\/p>\n<p>Od dnia 12 pa\u017adziernika 2016 r. bk-2C-B sta\u0142a si\u0119 substancj\u0105 kontrolowan\u0105 w Kanadzie (Harmonogram III). Jest to r\u00f3wnie\u017c nielegalne w Niemczech, Szwajcarii i Zjednoczonym Kr\u00f3lestwie.<\/p>\n<h3><strong>Sk\u0142ad chemiczny bk-2C-B HCL<\/strong><\/h3>\n<p>Jego konwencjonalna nazwa to 2-amino-1-(4-Bromo-2,5-dimetoksyfenylo)-etanon, monochlorowodorek, a jego r\u00f3wnanie subatomowe to C10H12BrNO3 \u2022 HCl.<\/p>\n<p>Bk-2C-B oznacza podstawion\u0105 fenetyloamin\u0119. Podkre\u015bla podstawniki metoksylowe w R2 i R5 oraz brom w R4. P\u0119czek ketonowy jest dost\u0119pny w pozycji beta (\u03b2) z przydatnego p\u0119czka aminowego zwi\u0105zanego z w\u0119glem alfa (\u03b1), co prowadzi do jego nazwy wskazuj\u0105cej, \u017ce jest to podstawowy prosty 2C-B. Ze wzgl\u0119du na przydatne gromadzenie si\u0119 ketonu cz\u0119sto okre\u015bla si\u0119 go mianem podstawionego katynonu.<\/p>\n<h3><strong>Farmakologia bk-2C-B HCL<\/strong><\/h3>\n<p>Bk-2C-B prawdopodobnie dzia\u0142a jako p\u00f3\u0142\u015brodkowy agonista 5-HT2A. Przyjmuje si\u0119, \u017ce skutki psychodeliczne wynikaj\u0105 z \u017cywotno\u015bci leku na receptorach 5-HT2A. Jednak\u017ce rola tych po\u0142\u0105cze\u0144 i spos\u00f3b, w jaki powoduj\u0105 doznania psychodeliczne, pozostaje nieuchwytna.<\/p>\n<p>Bk-2C-B, lub beta-keto 2C-B, to fenetyloamina z pod\u0142o\u017cem, uwypuklaj\u0105ca pier\u015bcie\u0144 fenylowy zwi\u0105zany z wi\u0105zk\u0105 aminow\u0105 (NH2) poprzez \u0142a\u0144cuch etylowy. Bk-2C-B zawiera projekt 2C-B z wi\u0105zk\u0105 ketonow\u0105 na w\u0119glu beta konstrukcji (R1). Ponadto bk-2C-B obejmuje grupy metoksy-utylitarne CH3O-przy\u0142\u0105czone do w\u0119gli R2 i R5 oraz cz\u0105steczk\u0119 bromu przy\u0142\u0105czon\u0105 do w\u0119gla R4 pier\u015bcienia fenylowego.<\/p>\n<p>Bk-2C-B ma miejsce z grup\u0105 2C fenetyloamin, kt\u00f3re zawieraj\u0105 p\u0119czki metoksylowe w pozycjach 2-5 pier\u015bcienia benzenowego.<\/p>\n<h3><strong>Wysokiej jako\u015bci bk-2C-B HCL<\/strong><\/h3>\n<p><strong>Chemia panaceum<\/strong>\u00a0posiada wieloletnie do\u015bwiadczenie w bran\u017cy projektant\u00f3w chemikali\u00f3w badawczych, co pozwala nam zapewni\u0107 najwy\u017csz\u0105 jako\u015b\u0107 tych chemikali\u00f3w badawczych. Zesp\u00f3\u0142 badawczy zajmuj\u0105cy si\u0119 chemi\u0105 sprzedaje bk-2C-B HCL.\u00a0<strong>Badania chemiczne<\/strong>, w tym bk-2C-B HCL, spe\u0142niaj\u0105 wszystkie wymogi bezpiecze\u0144stwa. Chemikalia badawcze s\u0105 starannie dystrybuowane i przechowywane w ch\u0142odnym, suchym miejscu.<\/p>\n<p>Wszystkie produkty s\u0105 regularnie kontrolowane pod k\u0105tem jako\u015bci, czysto\u015bci i bezpiecze\u0144stwa. Zawsze przechowuj bk-2C-B HCL w temperaturze pokojowej i poza zasi\u0119giem dzieci i zwierz\u0105t domowych. Nasz bk-2C-B HCL nie jest przeznaczony do u\u017cytku osobistego. S\u0142u\u017cy wy\u0142\u0105cznie do cel\u00f3w badawczych.<\/p>\n<p>Podczas bada\u0144 tej substancji chemicznej nie mo\u017cna jej miesza\u0107 z alkoholem ani chemikaliami badawczymi!<\/p>\n<p>Wszystkie nasze produkty maj\u0105 uczciw\u0105 cen\u0119!<\/p>\n<h3><strong>Testowany laboratoryjnie bk-2C-B HCL z wynikami.<\/strong><\/h3>\n<p>Przerabia post\u0119p w kierunku og\u00f3lnego spe\u0142nienia swoich klient\u00f3w. R\u00f3\u017cne badania wykaza\u0142y, \u017ce klienci przed zakupem syntetycznych substancji chemicznych do cel\u00f3w badawczych \u017c\u0105daj\u0105 tyle danych, ile si\u0119 spodziewaj\u0105. Ponadto publikujemy wszystkie konsekwencje laboratoryjne ka\u017cdego zwi\u0105zku badawczego w pliku PDF.<\/p>\n<p>Nasz\u00a0<strong>Proszek HCL bk-2C-B<\/strong>\u00a0konsekwentnie spe\u0142nia sk\u0142adniki aktywne i mo\u017ce by\u0107 \u0142atwo zauwa\u017cony przez ka\u017cdego.<\/p>\n<p>Wszystkie konsekwencje laboratoryjne ka\u017cdej badanej substancji chemicznej rozpowszechniamy w dokumencie PDF.<\/p>\n<h3><strong>Bezpiecznie zamawiaj w bk-2C-B HCL.<\/strong><\/h3>\n<p>Designerskie chemikalia badawcze Panacea Chems s\u0105 doskona\u0142ej jako\u015bci i maj\u0105 uczciw\u0105 cen\u0119. Dlatego te\u017c, je\u015bli z\u0142o\u017cysz zam\u00f3wienie na chemikalia badawcze w Panacea Chems, gwarantujemy, \u017ce dostarczymy je szybko i bezpiecznie do Twojego domu, poniewa\u017c sprzeda\u017c chemikali\u00f3w badawczych jest zawsze dost\u0119pna w Panacea Chems.<\/p>\n<p>Zamawianie syntetycznych zwi\u0105zk\u00f3w badawczych za pomoc\u0105 Bitcoina lub przelewu bankowego jest proste w Panacea Chems.<\/p>\n<p>Wysy\u0142amy proszek chemikali\u00f3w badawczych tego samego dnia roboczego, je\u015bli p\u0142atno\u015b\u0107 zostanie otrzymana przed godzin\u0105 15:00 CEST.<\/p>\n<p>Nie dostarczamy artyku\u0142\u00f3w osobom poni\u017cej 18 roku \u017cycia!<\/p>\n<p>Sprzeda\u017c chemikali\u00f3w badawczych s\u0142u\u017cy wy\u0142\u0105cznie celom badawczym.<\/p>\n<p>&nbsp;<\/p>\n<h3><strong>Dyskretna wysy\u0142ka chemikali\u00f3w badawczych.<\/strong><\/h3>\n<p>Panacea Chems bezpiecznie zapakuje Twoje zam\u00f3wienie i zapewni odpowiedni transport. Co wi\u0119cej, pakujemy z doskona\u0142\u0105 dyskrecj\u0105, a na zewn\u0105trz nie wida\u0107 \u017cadnych \u015blad\u00f3w tego, co mo\u017ce znajdowa\u0107 si\u0119 w \u015brodku.<\/p>\n<h3><strong>\u015arodki ostro\u017cno\u015bci<\/strong><\/h3>\n<ul>\n<li>Kup bk-2C-B HCL odpowiedni sprz\u0119t ochrony indywidualnej, taki jak okulary i r\u0119kawice. Czy\u015b\u0107 je i piel\u0119gnuj w odpowiedni spos\u00f3b. Post\u0119puj zgodnie z bezpiecznymi systemami podczas post\u0119powania z chemikaliami badawczymi i nie id\u017a na skr\u00f3ty.<\/li>\n<li>Je\u015bli badana substancja chemiczna wejdzie w kontakt z oczami, nale\u017cy je dobrze przep\u0142uka\u0107 i w razie potrzeby wyeliminowa\u0107 soczewki kontaktowe.<\/li>\n<li>Staraj si\u0119 u\u017cywa\u0107 maski podczas u\u017cywania tych chemikali\u00f3w, aby nie dosta\u0142y si\u0119 do \u015brodka podczas oddychania.<\/li>\n<li>Jak wskazuj\u0105 obs\u0142ugiwane metody, nale\u017cy bezpiecznie obchodzi\u0107 si\u0119 z materia\u0142ami niebezpiecznymi, przechowywa\u0107 je i utylizowa\u0107. Nigdy nie wylewaj ich do \u015bciek\u00f3w lub kana\u0142\u00f3w.<\/li>\n<li>Przechowuj chemikalia badawcze w odpowiedni spos\u00f3b, zgodnie z ich nazwami. \u0141atwopalne chemikalia nale\u017cy przechowywa\u0107 w doskona\u0142ej, suchej marihuanie, z dala od intensywno\u015bci i \u015bwiat\u0142a dziennego. Niekt\u00f3re syntetyki, np. kwasy, nale\u017cy usuwa\u0107 niezale\u017cnie od siebie.<\/li>\n<li>Panacea Chems oferowane do cel\u00f3w badawczych; spo\u017cycie przez ludzi jest surowo zabronione.<\/li>\n<\/ul>","protected":false},"excerpt":{"rendered":"<p><strong>Nazwa IUPAC:<\/strong><\/p>\n<p>2-amino-1-(4-bromo-2,5-dimetoksyfenylo)-etanon, monochlorowodorek<\/p>\n<p><strong>CAS #<\/strong><\/p>\n<p>807631-09-0<\/p>\n<p><strong>Inna nazwa:<\/strong><\/p>\n<p>bk-4-Bromo-2,5-dimetoksyfenetyloamina<\/p>\n<p><strong>Wygl\u0105d:<\/strong><\/p>\n<p>proszek<\/p>\n<p><strong>Formularz:<\/strong><\/p>\n<p>HCL<\/p>\n<p><strong>Analiza NMR:<\/strong><\/p>\n<p>C10H12BrNO3<\/p>","protected":false},"featured_media":8741,"comment_status":"open","ping_status":"closed","template":"","meta":[],"product_brand":[],"product_cat":[94],"product_tag":[],"class_list":{"0":"post-8688","1":"product","2":"type-product","3":"status-publish","4":"has-post-thumbnail","6":"product_cat-phenethylamine-derivatives","8":"first","9":"instock","10":"shipping-taxable","11":"purchasable","12":"product-type-variable"},"jetpack_sharing_enabled":true,"_links":{"self":[{"href":"https:\/\/rezeptfrei-apotheke.net\/pl\/wp-json\/wp\/v2\/product\/8688","targetHints":{"allow":["GET"]}}],"collection":[{"href":"https:\/\/rezeptfrei-apotheke.net\/pl\/wp-json\/wp\/v2\/product"}],"about":[{"href":"https:\/\/rezeptfrei-apotheke.net\/pl\/wp-json\/wp\/v2\/types\/product"}],"replies":[{"embeddable":true,"href":"https:\/\/rezeptfrei-apotheke.net\/pl\/wp-json\/wp\/v2\/comments?post=8688"}],"wp:featuredmedia":[{"embeddable":true,"href":"https:\/\/rezeptfrei-apotheke.net\/pl\/wp-json\/wp\/v2\/media\/8741"}],"wp:attachment":[{"href":"https:\/\/rezeptfrei-apotheke.net\/pl\/wp-json\/wp\/v2\/media?parent=8688"}],"wp:term":[{"taxonomy":"product_brand","embeddable":true,"href":"https:\/\/rezeptfrei-apotheke.net\/pl\/wp-json\/wp\/v2\/product_brand?post=8688"},{"taxonomy":"product_cat","embeddable":true,"href":"https:\/\/rezeptfrei-apotheke.net\/pl\/wp-json\/wp\/v2\/product_cat?post=8688"},{"taxonomy":"product_tag","embeddable":true,"href":"https:\/\/rezeptfrei-apotheke.net\/pl\/wp-json\/wp\/v2\/product_tag?post=8688"}],"curies":[{"name":"wp","href":"https:\/\/api.w.org\/{rel}","templated":true}]}}