{"id":8689,"date":"2023-10-21T10:59:19","date_gmt":"2023-10-21T10:59:19","guid":{"rendered":"https:\/\/rezeptfrei-apotheke.net\/?post_type=product&#038;p=8689"},"modified":"2023-10-31T07:25:48","modified_gmt":"2023-10-31T07:25:48","slug":"%ce%b2h-2c-b-bohb","status":"publish","type":"product","link":"https:\/\/rezeptfrei-apotheke.net\/pl\/product\/%ce%b2h-2c-b-bohb\/","title":{"rendered":"\u03b2H-2C-B (BOHB)"},"content":{"rendered":"<h2><strong>Co to jest BK-2C-B HCL?\u00a0<\/strong><\/h2>\n<p>\u03b2k-2C-B jest zamiennikiem fenetyloaminy. Przy R2 i R5 ma podstawniki metoksylowe, a R4 ma brom. Funkcjonalna grupa aminowa przy\u0142\u0105czona do w\u0119gla alfa (\u03b1) ma grup\u0119 ketonow\u0105 w pozycji beta (\u03b2), co daje pocz\u0105tek jej nazwie i sugeruje, \u017ce jest to strukturalny odpowiednik 2C-B. Cz\u0119sto okre\u015bla si\u0119 go mianem podstawionego katynonu ze wzgl\u0119du na ketonow\u0105 grup\u0119 funkcyjn\u0105.<\/p>\n<p>W kilku 2,5-dimetoksyfenetyloaminie pozycja czwarta pier\u015bcienia aromatycznego zosta\u0142a zast\u0105piona. Dok\u0142adniej, jest to katynonowy analog zwi\u0105zku chemicznego 2C-B (2,5-dimetoksy-4-bromofenetyloamina), kt\u00f3ry zosta\u0142 po raz pierwszy stworzony przez Alexandra Shulgina.<\/p>\n<p>Reakcja Grignarda z bromkiem metylomagnezu, utlenianie, -bromowanie, reakcja z heksametylenotetraamin\u0105 i hydroliza kwasowa sk\u0142adaj\u0105 si\u0119 na szlak syntezy. Pierwotny atak nukleofilowy na w\u0119giel ketonowy cz\u0105steczki wyj\u015bciowej skutkuje powstaniem drugorz\u0119dowego alkoholu jako mechanizmu tej drogi syntezy.<\/p>\n<h2><strong>Zastrze\u017cenie<\/strong><\/h2>\n<p>W \u017cadnym wypadku nie nale\u017cy podawa\u0107 tego produktu ludziom ani zwierz\u0119tom. Jest sprzedawany wy\u0142\u0105cznie do u\u017cytku w badaniach laboratoryjnych. Sugerujemy ostro\u017cne obchodzenie si\u0119 z materia\u0142em. Je\u015bli wydarzy si\u0119 co\u015b z\u0142ego, nie b\u0119dziemy ponosi\u0107 odpowiedzialno\u015bci za kontrol\u0119 szk\u00f3d.<\/p>\n<h2><strong>Czy BK-2C-B HCL jest legalny?<\/strong><\/h2>\n<p>Przed zakupem BK-2C-B HCL zach\u0119camy do skonsultowania si\u0119 z w\u0142a\u015bciwymi w\u0142adzami w miejscu zamieszkania lub miejscu docelowym wysy\u0142ki.<\/p>\n<p>Stosuj\u0105c rygorystyczne przepisy w sprzeda\u017cy tego produktu, mamy pewno\u015b\u0107, \u017ce nasi klienci podejmuj\u0105 wymagane zabezpieczenia, aby trzyma\u0107 si\u0119 w\u0142a\u015bciwej strony prawa. Jako klient powiniene\u015b zna\u0107 przepisy obowi\u0105zuj\u0105ce na Twoim obszarze, poniewa\u017c przepisy stale si\u0119 zmieniaj\u0105. Wszelkie problemy prawne, kt\u00f3re mog\u0105 wynikn\u0105\u0107 z zakupu BK-2C-B HCL w Twoim kraju, nie podlegaj\u0105 naszej odpowiedzialno\u015bci.<\/p>\n<h2><strong>Gdzie kupi\u0107 BK-2C-B HCL?<\/strong><\/h2>\n<p>Chemical Planet jest jednym z czo\u0142owych sprzedawc\u00f3w detalicznych i dystrybutor\u00f3w BK-2C-B HCL i innych chemikali\u00f3w. Godno\u015b\u0107 nabieramy tylko sprzedaj\u0105c chemi\u0119 wysokiej jako\u015bci, tak\u017ce t\u0105 nietuzinkow\u0105. BK-2C-B HCL jest dost\u0119pny w postaci proszku i jest sprzedawany wy\u0142\u0105cznie do u\u017cytku w badaniach laboratoryjnych. Substancj\u0119 t\u0119 mog\u0105 zakupi\u0107 u nas wy\u0142\u0105cznie osoby, kt\u00f3re uko\u0144czy\u0142y 18 rok \u017cycia.<\/p>","protected":false},"excerpt":{"rendered":"<p><strong>Nazwa IUPAC: <\/strong>Chlorowodorek 2,5-dimetoksy-beta-hydroksy-4-bromofenetylaminy<\/p>\n<p><strong>Formularz: <\/strong>proszek<\/p>","protected":false},"featured_media":8742,"comment_status":"open","ping_status":"closed","template":"","meta":[],"product_brand":[],"product_cat":[94],"product_tag":[],"class_list":{"0":"post-8689","1":"product","2":"type-product","3":"status-publish","4":"has-post-thumbnail","6":"product_cat-phenethylamine-derivatives","8":"first","9":"instock","10":"shipping-taxable","11":"purchasable","12":"product-type-variable"},"jetpack_sharing_enabled":true,"_links":{"self":[{"href":"https:\/\/rezeptfrei-apotheke.net\/pl\/wp-json\/wp\/v2\/product\/8689","targetHints":{"allow":["GET"]}}],"collection":[{"href":"https:\/\/rezeptfrei-apotheke.net\/pl\/wp-json\/wp\/v2\/product"}],"about":[{"href":"https:\/\/rezeptfrei-apotheke.net\/pl\/wp-json\/wp\/v2\/types\/product"}],"replies":[{"embeddable":true,"href":"https:\/\/rezeptfrei-apotheke.net\/pl\/wp-json\/wp\/v2\/comments?post=8689"}],"wp:featuredmedia":[{"embeddable":true,"href":"https:\/\/rezeptfrei-apotheke.net\/pl\/wp-json\/wp\/v2\/media\/8742"}],"wp:attachment":[{"href":"https:\/\/rezeptfrei-apotheke.net\/pl\/wp-json\/wp\/v2\/media?parent=8689"}],"wp:term":[{"taxonomy":"product_brand","embeddable":true,"href":"https:\/\/rezeptfrei-apotheke.net\/pl\/wp-json\/wp\/v2\/product_brand?post=8689"},{"taxonomy":"product_cat","embeddable":true,"href":"https:\/\/rezeptfrei-apotheke.net\/pl\/wp-json\/wp\/v2\/product_cat?post=8689"},{"taxonomy":"product_tag","embeddable":true,"href":"https:\/\/rezeptfrei-apotheke.net\/pl\/wp-json\/wp\/v2\/product_tag?post=8689"}],"curies":[{"name":"wp","href":"https:\/\/api.w.org\/{rel}","templated":true}]}}