{"id":8690,"date":"2023-10-21T10:59:19","date_gmt":"2023-10-21T10:59:19","guid":{"rendered":"https:\/\/rezeptfrei-apotheke.net\/?post_type=product&#038;p=8690"},"modified":"2023-10-21T11:00:47","modified_gmt":"2023-10-21T11:00:47","slug":"25e-nboh","status":"publish","type":"product","link":"https:\/\/rezeptfrei-apotheke.net\/pl\/product\/25e-nboh\/","title":{"rendered":"25E-NBOH"},"content":{"rendered":"<p>panaceachems.com oferuje produkty, kt\u00f3re nie s\u0105 przeznaczone do spo\u017cycia przez ludzi. Je\u015bli (nieumy\u015blnie) spo\u017cyjesz ten produkt, mo\u017ce to mie\u0107 powa\u017cne konsekwencje zdrowotne.<\/p>","protected":false},"excerpt":{"rendered":"<p><strong>Nazwa IUPAC: <\/strong>2-({[2-(4-etylo-2,5-dimetoksyfenylo)etylo]amino}metylo)fenol<\/p>\n<p><strong>Analiza NMR: <\/strong>C19H25NO3<\/p>","protected":false},"featured_media":8743,"comment_status":"open","ping_status":"closed","template":"","meta":[],"product_brand":[],"product_cat":[94],"product_tag":[],"class_list":{"0":"post-8690","1":"product","2":"type-product","3":"status-publish","4":"has-post-thumbnail","6":"product_cat-phenethylamine-derivatives","8":"first","9":"instock","10":"shipping-taxable","11":"purchasable","12":"product-type-variable"},"jetpack_sharing_enabled":true,"_links":{"self":[{"href":"https:\/\/rezeptfrei-apotheke.net\/pl\/wp-json\/wp\/v2\/product\/8690","targetHints":{"allow":["GET"]}}],"collection":[{"href":"https:\/\/rezeptfrei-apotheke.net\/pl\/wp-json\/wp\/v2\/product"}],"about":[{"href":"https:\/\/rezeptfrei-apotheke.net\/pl\/wp-json\/wp\/v2\/types\/product"}],"replies":[{"embeddable":true,"href":"https:\/\/rezeptfrei-apotheke.net\/pl\/wp-json\/wp\/v2\/comments?post=8690"}],"wp:featuredmedia":[{"embeddable":true,"href":"https:\/\/rezeptfrei-apotheke.net\/pl\/wp-json\/wp\/v2\/media\/8743"}],"wp:attachment":[{"href":"https:\/\/rezeptfrei-apotheke.net\/pl\/wp-json\/wp\/v2\/media?parent=8690"}],"wp:term":[{"taxonomy":"product_brand","embeddable":true,"href":"https:\/\/rezeptfrei-apotheke.net\/pl\/wp-json\/wp\/v2\/product_brand?post=8690"},{"taxonomy":"product_cat","embeddable":true,"href":"https:\/\/rezeptfrei-apotheke.net\/pl\/wp-json\/wp\/v2\/product_cat?post=8690"},{"taxonomy":"product_tag","embeddable":true,"href":"https:\/\/rezeptfrei-apotheke.net\/pl\/wp-json\/wp\/v2\/product_tag?post=8690"}],"curies":[{"name":"wp","href":"https:\/\/api.w.org\/{rel}","templated":true}]}}