{"id":8691,"date":"2023-10-21T10:59:19","date_gmt":"2023-10-21T10:59:19","guid":{"rendered":"https:\/\/rezeptfrei-apotheke.net\/?post_type=product&#038;p=8691"},"modified":"2023-10-30T21:43:37","modified_gmt":"2023-10-30T21:43:37","slug":"4f-mph","status":"publish","type":"product","link":"https:\/\/rezeptfrei-apotheke.net\/pl\/product\/4f-mph\/","title":{"rendered":"4F-MPH"},"content":{"rendered":"<h2><strong>Og\u00f3lne informacje na temat 4F-MPH<\/strong><\/h2>\n<p>Kup 4F-MPH, znany r\u00f3wnie\u017c jako 4-fluorometylofenidat, jest syntetyczn\u0105 substancj\u0105 badawcz\u0105 nale\u017c\u0105c\u0105 do klasy fenidat\u00f3w. Jest blisko spokrewnionym analogiem metylofenidatu (Ritalin) i ma wiele podobnych w\u0142a\u015bciwo\u015bci. Substancje te s\u0105 cz\u0119sto opracowywane w celu badania nowych struktur chemicznych.<\/p>\n<p>4F-MPH jest stosunkowo nowym zwi\u0105zkiem, a historia jego bada\u0144 jest ograniczona. Po raz pierwszy zosta\u0142 zsyntetyzowany i opisany w literaturze naukowej na pocz\u0105tku XXI wieku. Poniewa\u017c jest to substancja chemiczna do bada\u0144, jej w\u0142a\u015bciwo\u015bci i skutki s\u0105 nadal badane i by\u0107 mo\u017ce b\u0119d\u0105 prowadzone badania maj\u0105ce na celu zrozumienie jej farmakologii, potencjalnych zastosowa\u0144 i zagro\u017ce\u0144.<\/p>\n<p>4F-MPH jest strukturalnie podobny do metylofenidatu (Ritalin), ale zawiera podstawienie atomu fluoru.<\/p>\n<p>&nbsp;<\/p>\n<h3><strong>Sk\u0142ad chemiczny 4F-MPH<\/strong><\/h3>\n<p>4F-MPH, znany r\u00f3wnie\u017c jako 4-fluorometylofenidat, to substancja chemiczna badawcza nale\u017c\u0105ca do klas fenetyloaminy i piperydyny. Sk\u0142ad chemiczny 4F-MPH jest nast\u0119puj\u0105cy:<\/p>\n<p>Nazwa chemiczna: Kwas 2-(4-fluorofenylo)-2-metylo-3-(piperydyn-2-ylo)propanowy, ester metylowy<\/p>\n<p>Wz\u00f3r cz\u0105steczkowy: C14H18FNO2<\/p>\n<p>Masa cz\u0105steczkowa: 251,3 g\/mol<\/p>\n<p>Wz\u00f3r ten wskazuje, \u017ce 4F-MPH sk\u0142ada si\u0119 z czternastu atom\u00f3w w\u0119gla (C14), osiemnastu atom\u00f3w wodoru (H18), jednego atomu fluoru (F), jednego atomu azotu (N) i dw\u00f3ch atom\u00f3w tlenu (O2).<\/p>\n<p>Zwi\u0105zek sk\u0142ada si\u0119 z pier\u015bcienia fenylowego podstawionego atomem fluoru w pozycji para (pozycja 4). Zawiera tak\u017ce pier\u015bcie\u0144 piperydynowy przy\u0142\u0105czony do pier\u015bcienia fenylowego mostkiem dwuw\u0119glowym. Pier\u015bcie\u0144 piperydynowy jest cech\u0105 wsp\u00f3ln\u0105 wielu substancji chemicznych stosowanych w badaniach.<\/p>\n<p>&nbsp;<\/p>\n<h3><strong>Kup wysokiej jako\u015bci 4F-MPH.<\/strong><\/h3>\n<p><strong>Chemia panaceum\u00a0<\/strong>ma r\u00f3\u017cn\u0105 d\u0142ugo\u015b\u0107 zaanga\u017cowania w bran\u017c\u0119 plan\u00f3w bada\u0144 chemicznych, anga\u017cuj\u0105c nas w zapewnienie najlepszego z tych chemikali\u00f3w do bada\u0144 poszukiwawczych.\u00a0<strong>Kupno 4F-MPH<\/strong>\u00a0jest niezb\u0119dna i ma najwy\u017csz\u0105 jako\u015b\u0107.\u00a0<strong>4F-MPH<\/strong>zakupy s\u0105 ni\u017csze ni\u017c w przypadku r\u00f3\u017cnych organizacji.<\/p>\n<p>Badania chemiczne m.in\u00a0<strong>4F-MPH<\/strong>, spe\u0142niaj\u0105 wszystkie wymogi bezpiecze\u0144stwa. Chemikalia badawcze s\u0105 starannie rozprowadzane i obs\u0142ugiwane w doskona\u0142ym, suchym miejscu.<\/p>\n<p>Wszystkie produkty s\u0105 rzetelnie sprawdzane pod k\u0105tem jako\u015bci, bezpiecze\u0144stwa i czysto\u015bci. Utrzymuj stale\u00a0<strong>4F-MPH<\/strong>\u00a0w temperaturze pokojowej. S\u0142u\u017cy wy\u0142\u0105cznie celom badawczym.<\/p>\n<p>Cena naszych \u015brodk\u00f3w chemicznych jest bardzo rozs\u0105dna i mo\u017cesz to zrobi\u0107\u00a0<strong>kup 4F-MPH\u00a0<\/strong>online po niewiarygodnie niskich cenach.<\/p>\n<p>&nbsp;<\/p>\n<h3><strong>Testowany laboratoryjnie proszek 4F-MPH z wynikami.<\/strong><\/h3>\n<p>Przerabia post\u0119p w kierunku og\u00f3lnego spe\u0142nienia swoich klient\u00f3w. R\u00f3\u017cne badania wykaza\u0142y, \u017ce klienci przed zakupem syntetycznych substancji chemicznych do cel\u00f3w badawczych \u017c\u0105daj\u0105 tyle danych, ile si\u0119 spodziewaj\u0105. Ponadto publikujemy wszystkie konsekwencje laboratoryjne ka\u017cdego zwi\u0105zku badawczego w pliku PDF.<\/p>\n<p>Nasz\u00a0<strong>4F-MPH kup online\u00a0<\/strong>konsekwentnie spe\u0142niaj\u0105 sk\u0142adniki aktywne i s\u0105 widoczne dla ka\u017cdego.<\/p>\n<p>Wszystkie konsekwencje laboratoryjne ka\u017cdej badanej substancji chemicznej rozpowszechniamy w dokumencie PDF.<\/p>\n<p>&nbsp;<\/p>\n<h3><strong>Bezpiecznie zamawiaj w 4F-MPH.<\/strong><\/h3>\n<p>Designerskie chemikalia badawcze Panacea Chems s\u0105 doskona\u0142ej jako\u015bci i maj\u0105 uczciw\u0105 cen\u0119. Dlatego te\u017c, je\u015bli z\u0142o\u017cysz zam\u00f3wienie na chemikalia badawcze w Panacea Chems, gwarantujemy, \u017ce przeka\u017cemy Twoj\u0105 pro\u015bb\u0119 do Twojego laboratorium badawczego szybko i bezpiecznie, poniewa\u017c sprzeda\u017c chemikali\u00f3w badawczych jest zawsze dost\u0119pna w Panacea Chems.<\/p>\n<p>Zamawianie syntetycznych zwi\u0105zk\u00f3w badawczych za pomoc\u0105 Bitcoina lub przelewu bankowego jest w Panacea Chems proste.<\/p>\n<p>Wysy\u0142amy chemikalia badawcze tego samego dnia roboczego, je\u015bli p\u0142atno\u015b\u0107 zostanie otrzymana przed godzin\u0105 15:00 CEST.<\/p>\n<p>Nie dostarczamy artyku\u0142\u00f3w osobom poni\u017cej 18 roku \u017cycia!<\/p>\n<p><strong>Sprzedam 4F-MPH<\/strong>\u00a0s\u0142u\u017cy wy\u0142\u0105cznie celom badawczym.<\/p>\n<p>&nbsp;<\/p>\n<h3><strong>Dyskretna wysy\u0142ka chemikali\u00f3w badawczych.<\/strong><\/h3>\n<p>Panacea Chems bezpiecznie zapakuje Twoje zam\u00f3wienie i zapewni odpowiedni transport. Co wi\u0119cej, pakujemy z doskona\u0142\u0105 dyskrecj\u0105, a na zewn\u0105trz nie wida\u0107 \u017cadnych \u015blad\u00f3w tego, co mo\u017ce znajdowa\u0107 si\u0119 w \u015brodku.<\/p>","protected":false},"excerpt":{"rendered":"<p><strong>Nazwa IUPAC: <\/strong>2-(4-fluorofenylo)-2-(piperydyn-2-ylo)octan metylu<\/p>\n<p><strong>CAS # <\/strong>1354631-33-6<\/p>\n<p><strong>Inna nazwa: <\/strong>4-fluorometylofenidat, 4-FMPH<\/p>\n<p><strong>Wygl\u0105d: <\/strong>proszek<\/p>\n<p><strong>Analiza NMR: <\/strong>C14H18FNO2<\/p>","protected":false},"featured_media":8744,"comment_status":"open","ping_status":"closed","template":"","meta":[],"product_brand":[],"product_cat":[95],"product_tag":[],"class_list":{"0":"post-8691","1":"product","2":"type-product","3":"status-publish","4":"has-post-thumbnail","6":"product_cat-buy-piperidines-online","8":"first","9":"instock","10":"shipping-taxable","11":"purchasable","12":"product-type-variable"},"jetpack_sharing_enabled":true,"_links":{"self":[{"href":"https:\/\/rezeptfrei-apotheke.net\/pl\/wp-json\/wp\/v2\/product\/8691","targetHints":{"allow":["GET"]}}],"collection":[{"href":"https:\/\/rezeptfrei-apotheke.net\/pl\/wp-json\/wp\/v2\/product"}],"about":[{"href":"https:\/\/rezeptfrei-apotheke.net\/pl\/wp-json\/wp\/v2\/types\/product"}],"replies":[{"embeddable":true,"href":"https:\/\/rezeptfrei-apotheke.net\/pl\/wp-json\/wp\/v2\/comments?post=8691"}],"wp:featuredmedia":[{"embeddable":true,"href":"https:\/\/rezeptfrei-apotheke.net\/pl\/wp-json\/wp\/v2\/media\/8744"}],"wp:attachment":[{"href":"https:\/\/rezeptfrei-apotheke.net\/pl\/wp-json\/wp\/v2\/media?parent=8691"}],"wp:term":[{"taxonomy":"product_brand","embeddable":true,"href":"https:\/\/rezeptfrei-apotheke.net\/pl\/wp-json\/wp\/v2\/product_brand?post=8691"},{"taxonomy":"product_cat","embeddable":true,"href":"https:\/\/rezeptfrei-apotheke.net\/pl\/wp-json\/wp\/v2\/product_cat?post=8691"},{"taxonomy":"product_tag","embeddable":true,"href":"https:\/\/rezeptfrei-apotheke.net\/pl\/wp-json\/wp\/v2\/product_tag?post=8691"}],"curies":[{"name":"wp","href":"https:\/\/api.w.org\/{rel}","templated":true}]}}