{"id":8692,"date":"2023-10-21T10:59:20","date_gmt":"2023-10-21T10:59:20","guid":{"rendered":"https:\/\/rezeptfrei-apotheke.net\/?post_type=product&#038;p=8692"},"modified":"2026-02-16T10:23:58","modified_gmt":"2026-02-16T10:23:58","slug":"hdmp-28","status":"publish","type":"product","link":"https:\/\/rezeptfrei-apotheke.net\/pl\/product\/hdmp-28\/","title":{"rendered":"HDMP-28"},"content":{"rendered":"<div class=\"wpb-content-wrapper\"><div class=\"vc_row wpb_row vc_row-fluid\"><div class=\"wpb_column vc_column_container vc_col-sm-12\"><div class=\"vc_column-inner\"><div class=\"wpb_wrapper\">\n\t<div class=\"wpb_text_column wpb_content_element\" >\n\t\t<div class=\"wpb_wrapper\">\n\t\t\t<h2>Kup HDMP-28<\/h2>\n<p>1-(2-Hydroksy-2,5-dimetyloheksylo)-3-(2-metoksy-3-metylopentylo)mocznik, znany r\u00f3wnie\u017c jako HDMP-28, to syntetyczny zwi\u0105zek nale\u017c\u0105cy do klasy katynon\u00f3w. Zosta\u0142 po raz pierwszy zsyntetyzowany pod koniec XXI wieku i od tego czasu zyska\u0142 popularno\u015b\u0107 jako substancja chemiczna do bada\u0144. HDMP-28 jest znany ze swoich w\u0142a\u015bciwo\u015bci stymuluj\u0105cych i jest cz\u0119sto stosowany w eksperymentach laboratoryjnych w celu zbadania jego wp\u0142ywu na centralny uk\u0142ad nerwowy.<br \/>\nMetoda syntezy:<br \/>\nSynteza HDMP-28 polega na reakcji 2,5-dimetylo-2-hydroksyheksanu-1-olu z 3-metylo-2-(2-metoksyetylo)pentano-2-amin\u0105 w obecno\u015bci mocznika i katalizatora. Powsta\u0142y produkt nast\u0119pnie oczyszcza si\u0119 przy u\u017cyciu r\u00f3\u017cnych technik, takich jak rekrystalizacja i chromatografia kolumnowa. Czysto\u015b\u0107 produktu ko\u0144cowego zwykle okre\u015bla si\u0119 za pomoc\u0105 technik analitycznych, takich jak chromatografia gazowa ze spektrometri\u0105 mas (GC-MS) i spektroskopia magnetycznego rezonansu j\u0105drowego (NMR).<br \/>\nZastosowanie w badaniach naukowych:<br \/>\nHDMP-28 jest powszechnie stosowany w eksperymentach laboratoryjnych w celu zbadania jego wp\u0142ywu na o\u015brodkowy uk\u0142ad nerwowy. Wiadomo, \u017ce dzia\u0142a jako inhibitor wychwytu zwrotnego dopaminy i inhibitor wychwytu zwrotnego noradrenaliny, co prowadzi do wzrostu poziomu tych neuroprzeka\u017anik\u00f3w w m\u00f3zgu. Uwa\u017ca si\u0119, \u017ce ten wzrost poziomu neuroprzeka\u017anik\u00f3w jest odpowiedzialny za stymuluj\u0105ce dzia\u0142anie HDMP-28.<br \/>\nMechanizm akcji:<br \/>\nMechanizm dzia\u0142ania HDMP-28 polega na hamowaniu transporter\u00f3w wychwytu zwrotnego dopaminy i noradrenaliny. Prowadzi to do wzrostu poziomu tych neuroprzeka\u017anik\u00f3w w szczelinie synaptycznej, co nasila ich dzia\u0142anie na receptory postsynaptyczne. To ostatecznie prowadzi do stymuluj\u0105cego dzia\u0142ania HDMP-28.<\/p>\n\n\t\t<\/div>\n\t<\/div>\n<\/div><\/div><\/div><\/div>\n<\/div>","protected":false},"excerpt":{"rendered":"<p><strong>Nazwa IUPAC: <\/strong>(2R)-2-naftylo[(2R)-2-piperydynylo]octan metylu<\/p>\n<p><strong>CAS # <\/strong>219915-69-2<\/p>\n<p><strong>Wygl\u0105d: <\/strong>proszek<\/p>\n<p><strong>Analiza NMR: <\/strong>C18H21NO2<\/p>","protected":false},"featured_media":8745,"comment_status":"open","ping_status":"closed","template":"","meta":[],"product_brand":[],"product_cat":[95],"product_tag":[],"class_list":{"0":"post-8692","1":"product","2":"type-product","3":"status-publish","4":"has-post-thumbnail","6":"product_cat-buy-piperidines-online","8":"first","9":"instock","10":"shipping-taxable","11":"purchasable","12":"product-type-variable"},"jetpack_sharing_enabled":true,"_links":{"self":[{"href":"https:\/\/rezeptfrei-apotheke.net\/pl\/wp-json\/wp\/v2\/product\/8692","targetHints":{"allow":["GET"]}}],"collection":[{"href":"https:\/\/rezeptfrei-apotheke.net\/pl\/wp-json\/wp\/v2\/product"}],"about":[{"href":"https:\/\/rezeptfrei-apotheke.net\/pl\/wp-json\/wp\/v2\/types\/product"}],"replies":[{"embeddable":true,"href":"https:\/\/rezeptfrei-apotheke.net\/pl\/wp-json\/wp\/v2\/comments?post=8692"}],"wp:featuredmedia":[{"embeddable":true,"href":"https:\/\/rezeptfrei-apotheke.net\/pl\/wp-json\/wp\/v2\/media\/8745"}],"wp:attachment":[{"href":"https:\/\/rezeptfrei-apotheke.net\/pl\/wp-json\/wp\/v2\/media?parent=8692"}],"wp:term":[{"taxonomy":"product_brand","embeddable":true,"href":"https:\/\/rezeptfrei-apotheke.net\/pl\/wp-json\/wp\/v2\/product_brand?post=8692"},{"taxonomy":"product_cat","embeddable":true,"href":"https:\/\/rezeptfrei-apotheke.net\/pl\/wp-json\/wp\/v2\/product_cat?post=8692"},{"taxonomy":"product_tag","embeddable":true,"href":"https:\/\/rezeptfrei-apotheke.net\/pl\/wp-json\/wp\/v2\/product_tag?post=8692"}],"curies":[{"name":"wp","href":"https:\/\/api.w.org\/{rel}","templated":true}]}}