{"id":8693,"date":"2023-10-21T10:59:20","date_gmt":"2023-10-21T10:59:20","guid":{"rendered":"https:\/\/rezeptfrei-apotheke.net\/?post_type=product&#038;p=8693"},"modified":"2026-02-16T10:15:31","modified_gmt":"2026-02-16T10:15:31","slug":"hdep-28","status":"publish","type":"product","link":"https:\/\/rezeptfrei-apotheke.net\/pl\/product\/hdep-28\/","title":{"rendered":"HDEP-28"},"content":{"rendered":"<div class=\"wpb-content-wrapper\"><div class=\"vc_row wpb_row vc_row-fluid\"><div class=\"wpb_column vc_column_container vc_col-sm-12\"><div class=\"vc_column-inner\"><div class=\"wpb_wrapper\">\n\t<div class=\"wpb_text_column wpb_content_element\" >\n\t\t<div class=\"wpb_wrapper\">\n\t\t\t<h2>Kup HDEP-28 Etylonaftydat w Internecie<\/h2>\n<p>Etylonaftydat, czyli HDEP-28<\/p>\n<p>kup etylonaftydat online<br \/>\ngdzie kupi\u0107 etylonaftydat<br \/>\ngdzie kupi\u0107 etylonaftydan online<br \/>\nkup proszek etylonaftydanu online<br \/>\nkup kryszta\u0142 etylonaftydatu online<br \/>\njak mog\u0119 zam\u00f3wi\u0107 etylonaftydat online<br \/>\nzam\u00f3w etylonaftydan online<br \/>\nnajlepszej jako\u015bci etylonaftydat w sprzeda\u017cy online<br \/>\nSprzedam etylonaftydan<br \/>\nSprzeda\u017c etylonaftydanu online<br \/>\nCena etylonaftydatu<br \/>\nkup etylonaftydan przez Internet<br \/>\nSprzedam tanio etylonaftydan<\/p>\n\n\t\t<\/div>\n\t<\/div>\n<\/div><\/div><\/div><\/div>\n<\/div>","protected":false},"excerpt":{"rendered":"<p>Nazwa IUPAC: 2-(naftalen-2-ylo)-2-(piperydyn-2-ylo)octan etylu<\/p>\n<p>CAS # 2170529-69-6<\/p>\n<p>Wygl\u0105d: proszek<\/p>\n<p>Analiza NMR: C19H23NO2<\/p>","protected":false},"featured_media":8746,"comment_status":"open","ping_status":"closed","template":"","meta":[],"product_brand":[],"product_cat":[95],"product_tag":[],"class_list":{"0":"post-8693","1":"product","2":"type-product","3":"status-publish","4":"has-post-thumbnail","6":"product_cat-buy-piperidines-online","8":"first","9":"instock","10":"shipping-taxable","11":"purchasable","12":"product-type-variable"},"jetpack_sharing_enabled":true,"_links":{"self":[{"href":"https:\/\/rezeptfrei-apotheke.net\/pl\/wp-json\/wp\/v2\/product\/8693","targetHints":{"allow":["GET"]}}],"collection":[{"href":"https:\/\/rezeptfrei-apotheke.net\/pl\/wp-json\/wp\/v2\/product"}],"about":[{"href":"https:\/\/rezeptfrei-apotheke.net\/pl\/wp-json\/wp\/v2\/types\/product"}],"replies":[{"embeddable":true,"href":"https:\/\/rezeptfrei-apotheke.net\/pl\/wp-json\/wp\/v2\/comments?post=8693"}],"wp:featuredmedia":[{"embeddable":true,"href":"https:\/\/rezeptfrei-apotheke.net\/pl\/wp-json\/wp\/v2\/media\/8746"}],"wp:attachment":[{"href":"https:\/\/rezeptfrei-apotheke.net\/pl\/wp-json\/wp\/v2\/media?parent=8693"}],"wp:term":[{"taxonomy":"product_brand","embeddable":true,"href":"https:\/\/rezeptfrei-apotheke.net\/pl\/wp-json\/wp\/v2\/product_brand?post=8693"},{"taxonomy":"product_cat","embeddable":true,"href":"https:\/\/rezeptfrei-apotheke.net\/pl\/wp-json\/wp\/v2\/product_cat?post=8693"},{"taxonomy":"product_tag","embeddable":true,"href":"https:\/\/rezeptfrei-apotheke.net\/pl\/wp-json\/wp\/v2\/product_tag?post=8693"}],"curies":[{"name":"wp","href":"https:\/\/api.w.org\/{rel}","templated":true}]}}