{"id":8694,"date":"2023-10-21T10:59:20","date_gmt":"2023-10-21T10:59:20","guid":{"rendered":"https:\/\/rezeptfrei-apotheke.net\/?post_type=product&#038;p=8694"},"modified":"2026-02-13T15:32:21","modified_gmt":"2026-02-13T15:32:21","slug":"desoxypipradrol","status":"publish","type":"product","link":"https:\/\/rezeptfrei-apotheke.net\/pl\/product\/desoxypipradrol\/","title":{"rendered":"dezoksypipradrol"},"content":{"rendered":"<div class=\"wpb-content-wrapper\"><div class=\"vc_row wpb_row vc_row-fluid\"><div class=\"wpb_column vc_column_container vc_col-sm-12\"><div class=\"vc_column-inner\"><div class=\"wpb_wrapper\">\n\t<div class=\"wpb_text_column wpb_content_element\" >\n\t\t<div class=\"wpb_wrapper\">\n\t\t\t<h2>NAJLEPSZYM SPOSOBEM NA LEGALNY HAJ U NAS KUPUJESZ 2-DPMP NA SPRZEDA\u017b<\/h2>\n<p>Dezoksypipradrol, nazywany tak\u017ce 2-difenylometylopiperydyn\u0105<a href=\"#\">\u00a0Kup 2-DPMP<\/a>, zosta\u0142 opracowany przez Cib\u0119 w latach pi\u0119\u0107dziesi\u0105tych XX wieku. Mimo \u017ce nigdy nie zosta\u0142a sprzedana ani nie przyznano jej licencji do cel\u00f3w leczniczych, zyska\u0142a reputacj\u0119 silnej i kontrowersyjnej substancji.\u00a0<a href=\"https:\/\/en.wikipedia.org\/wiki\/Desoxypipradrol\" target=\"_blank\" rel=\"noopener\">Dezoksypipradrol<\/a>, NDRI (inhibitor wychwytu zwrotnego noradrenaliny i dopaminy), by\u0142 niew\u0142a\u015bciwie stosowany ze wzgl\u0119du na swoje dzia\u0142anie euforyczne i stymuluj\u0105ce. Pomimo swojego potencja\u0142u lek ten by\u0142 w du\u017cej mierze lekcewa\u017cony przez dziesi\u0119ciolecia i nigdy nie zosta\u0142 wprowadzony na rynek ani nie uzyska\u0142 licencji do stosowania leczniczego.<\/p>\n<h3>DZIA\u0141ANIE DESOKSYPIPROLU<\/h3>\n<p>Desoksypipradrol podnosi poziom dopaminy i noradrenaliny w m\u00f3zgu jako NDRI. Korzy\u015bci z tego obejmuj\u0105 popraw\u0119 nastroju, energii i czujno\u015bci, a tak\u017ce zmniejszone zapotrzebowanie na jedzenie i sen. Dzia\u0142anie desoksypipradrolu jest por\u00f3wnywalne z dzia\u0142aniem innych \u015brodk\u00f3w pobudzaj\u0105cych, takich jak amfetamina i kokaina. Lek ten jest jednak znacznie silniejszy i mo\u017ce powodowa\u0107 powa\u017cne skutki uboczne, takie jak l\u0119k, psychoza i ko\u0142atanie serca. Desoksypipradrol sta\u0142 si\u0119 dobrze znany jako narkotyk rekreacyjny dopiero pod koniec lat 90. i na pocz\u0105tku XXI wieku. Ju\u017c raz zyska\u0142 popularno\u015b\u0107 w\u015br\u00f3d imprezowicz\u00f3w i poszukiwaczy mocnych wra\u017ce\u0144 ze wzgl\u0119du na silne dzia\u0142anie pobudzaj\u0105ce i euforyczne. Jednak\u017ce wp\u0142yw dezoksypipradrolu na organizm ludzki nie by\u0142 jeszcze powszechnie znany.<\/p>\n<h3>NIEBEZPIECZE\u0143STWA ZWI\u0104ZANE Z DEZoksypipradrolem<\/h3>\n<p>Opr\u00f3cz wymienionych wcze\u015bniej skutk\u00f3w ubocznych lek mo\u017ce powodowa\u0107 zawa\u0142y serca, ko\u0142atanie serca, a nawet nadci\u015bnienie. Desoksypipradrol jest siln\u0105 substancj\u0105, kt\u00f3ra mo\u017ce szybko spowodowa\u0107 przedawkowanie. Dotyczy to szczeg\u00f3lnie nowych u\u017cytkownik\u00f3w i os\u00f3b przyjmuj\u0105cych du\u017ce ilo\u015bci leku. Opr\u00f3cz zagro\u017ce\u0144 fizycznych dezoksypipradrol mo\u017ce powodowa\u0107 powa\u017cne problemy ze zdrowiem psychicznym, takie jak l\u0119k, paranoja, a nawet halucynacje. Efekty te mog\u0105 utrzymywa\u0107 si\u0119 przez bardzo d\u0142ugi czas po ustaniu dzia\u0142ania leku i mog\u0105 powa\u017cnie zaniepokoi\u0107 pacjenta.<\/p>\n<h3>DESOXYPIPRADROL W OBECNYM KRAJOBRAZU NARKOTYK\u00d3W<\/h3>\n<p>Pomimo ryzyka, szczeg\u00f3lnie na imprezach i w klubach, dezoksypipradrol jest jednak powszechnie stosowanym narkotykiem rekreacyjnym. Funkcjonariusze organ\u00f3w \u015bcigania i specjali\u015bci ds. zdrowia publicznego przygl\u0105daj\u0105 si\u0119 teraz tej sprawie bli\u017cej ze wzgl\u0119du na jej reputacj\u0119 jako \u015bmiertelnej toksyny. albo czyni\u0105c go nielegalnym, albo dodaj\u0105c go do listy substancji zabronionych. Doprowadzi\u0142o to do zmniejszenia jego wykorzystania w r\u00f3\u017cnych sytuacjach, jednak dla niekt\u00f3rych os\u00f3b nadal jest to preferowany narkotyk.<\/p>\n\n\t\t<\/div>\n\t<\/div>\n<\/div><\/div><\/div><\/div>\n<\/div>","protected":false},"excerpt":{"rendered":"<p>Nazwa IUPAC: 2-benzhydrylopiperydyna<br \/>\nCAS # 519-74-4<br \/>\nWygl\u0105d: proszek<br \/>\nAnaliza NMR: C18H21N<\/p>","protected":false},"featured_media":8747,"comment_status":"open","ping_status":"closed","template":"","meta":[],"product_brand":[],"product_cat":[95],"product_tag":[],"class_list":{"0":"post-8694","1":"product","2":"type-product","3":"status-publish","4":"has-post-thumbnail","6":"product_cat-buy-piperidines-online","8":"first","9":"instock","10":"shipping-taxable","11":"purchasable","12":"product-type-variable"},"jetpack_sharing_enabled":true,"_links":{"self":[{"href":"https:\/\/rezeptfrei-apotheke.net\/pl\/wp-json\/wp\/v2\/product\/8694","targetHints":{"allow":["GET"]}}],"collection":[{"href":"https:\/\/rezeptfrei-apotheke.net\/pl\/wp-json\/wp\/v2\/product"}],"about":[{"href":"https:\/\/rezeptfrei-apotheke.net\/pl\/wp-json\/wp\/v2\/types\/product"}],"replies":[{"embeddable":true,"href":"https:\/\/rezeptfrei-apotheke.net\/pl\/wp-json\/wp\/v2\/comments?post=8694"}],"wp:featuredmedia":[{"embeddable":true,"href":"https:\/\/rezeptfrei-apotheke.net\/pl\/wp-json\/wp\/v2\/media\/8747"}],"wp:attachment":[{"href":"https:\/\/rezeptfrei-apotheke.net\/pl\/wp-json\/wp\/v2\/media?parent=8694"}],"wp:term":[{"taxonomy":"product_brand","embeddable":true,"href":"https:\/\/rezeptfrei-apotheke.net\/pl\/wp-json\/wp\/v2\/product_brand?post=8694"},{"taxonomy":"product_cat","embeddable":true,"href":"https:\/\/rezeptfrei-apotheke.net\/pl\/wp-json\/wp\/v2\/product_cat?post=8694"},{"taxonomy":"product_tag","embeddable":true,"href":"https:\/\/rezeptfrei-apotheke.net\/pl\/wp-json\/wp\/v2\/product_tag?post=8694"}],"curies":[{"name":"wp","href":"https:\/\/api.w.org\/{rel}","templated":true}]}}