{"id":8696,"date":"2023-10-21T10:59:20","date_gmt":"2023-10-21T10:59:20","guid":{"rendered":"https:\/\/rezeptfrei-apotheke.net\/?post_type=product&#038;p=8696"},"modified":"2023-10-30T21:26:49","modified_gmt":"2023-10-30T21:26:49","slug":"3-fpm","status":"publish","type":"product","link":"https:\/\/rezeptfrei-apotheke.net\/pl\/product\/3-fpm\/","title":{"rendered":"3-FPM"},"content":{"rendered":"<h2>Kupi\u0107 <strong>3-FPM <\/strong><strong>Informacje og\u00f3lne 3-FPM<\/strong><\/h2>\n<p>3-Fluorofenmetrazyna to oryginalna substancja energetyzuj\u0105ca z grupy fenylomorfolin. 3-FPM jest sp\u00f3\u0142k\u0105 zale\u017cn\u0105 fenmetrazyny, dobrze znanej wcze\u015bniej substancji energetyzuj\u0105cej, stosowanej klinicznie jako \u015brodek przeciwb\u00f3lowy w Europie w latach pi\u0119\u0107dziesi\u0105tych XX wieku. Zapewnia swoje dzia\u0142anie poprzez zwi\u0119kszenie poziomu serotoniny, dopaminy i noradrenaliny w umy\u015ble.<\/p>\n<h3><strong>Sk\u0142ad chemiczny 3-FPM<\/strong><\/h3>\n<p>Dost\u0119pny u nas wz\u00f3r 3-FPM to C11H14FNO \u2013 masa atomowa 285,42g. 3-FPM lub 3-fluorofenmetrazyna jest uwa\u017cana za 3-FPH i PAL-593; ten przedmiot jest fluorowanym substytutem fenmetrazyny. 3-FPM (PAL-593) to fluorowana prosta w \u015bwietle energetyzatora i fluorowana fenylomorfolina fenmetrazyny, tr\u00f3jfluorofenmetrazyny.<\/p>\n<p>Wz\u00f3r chemiczny to C11H14FNO. 3-Fluorofenmetrazyna to prosta 3F-fenmetrazyna i 3-fluorofenmetrazyna, kolejna substancja badana z rodziny energetyzator\u00f3w 2-3-fluorofenyl, 3-metylomorfolina i 3-fluorofenmetrazyna.<\/p>\n<p>3- Fluorofenmetrazyna zawiera cz\u0105steczk\u0119 fluoru zintegrowan\u0105 ze szkieletem amfetaminy.<\/p>\n<h3><strong>Farmakologia 3-FPM<\/strong><\/h3>\n<p>3-FPM (FPM 3) zwi\u0119ksza dzia\u0142anie umys\u0142u poprzez aktywacj\u0119 poziomu serotoniny, dopaminy i noradrenaliny. Abstrakcyjne efekty obejmuj\u0105 lepsz\u0105 koncentracj\u0119 i inspiracj\u0119, przyspieszenie my\u015bli oraz wi\u0119ksze szcz\u0119\u015bcie i podekscytowanie. Zbi\u00f3r synaps przynosi efekty uniesienia i stymuluj\u0105cych prze\u017cy\u0107.<\/p>\n<h3><strong>Kup wysokiej jako\u015bci 3-FPM<\/strong><\/h3>\n<p>TRRCSHOP od wielu lat uczestniczy w zakupach designerskich chemikali\u00f3w badawczych, dzi\u0119ki czemu mo\u017cemy zapewni\u0107 to, co najlepsze dla ka\u017cdego produktu. W rezultacie chemikalia badawcze, kt\u00f3re sprzedajemy na stronie internetowej, w tym 3-fluorofenmetrazyna 3-FPM, spe\u0142niaj\u0105 nasze rygorystyczne wytyczne i s\u0105 transportowane, sk\u0142adowane i przechowywane z najwy\u017csz\u0105 ostro\u017cno\u015bci\u0105 w ch\u0142odnych, suchych miejscach.<\/p>\n<p>Wszystkie produkty maj\u0105 uczciw\u0105 cen\u0119, a zakupy w TRRCSHOP s\u0105 wolne od szk\u00f3d.<\/p>\n<h3><strong>Wynik przetestowano laboratoryjnie przy 3-FPM<\/strong><\/h3>\n<p>TRRCSHOP czyni post\u0119py w kierunku zwi\u0119kszania zadowolenia konsument\u00f3w. Badania pokazuj\u0105, \u017ce nowy klient ma wiele zapyta\u0144 dotycz\u0105cych chemikali\u00f3w badawczych, takich jak 3-FPM, 2-FMA czy FPM3. Rekord ma wiele zalet, je\u015bli chodzi o odpowiadanie na ka\u017cde Twoje zapytanie.<\/p>\n<p>Wszystkie konsekwencje laboratoryjne ka\u017cdego zwi\u0105zku badawczego rozpowszechniamy w pliku PDF, kt\u00f3ry powinien by\u0107 widoczny nad tym tekstem!<\/p>\n<p>Nasz 3-FPM generalnie zgadza si\u0119 z funkcjonuj\u0105cymi mocowaniami i jest dost\u0119pny dla ka\u017cdego. Ponadto zwykle dost\u0119pne s\u0105 wyniki bada\u0144 laboratoryjnych Zespo\u0142u ds. Bada\u0144 nad Chemikaliami.<\/p>\n<h3><strong>Bezpiecznie zamawiaj od 3-FPM.<\/strong><\/h3>\n<p>Designerskie chemikalia badawcze TRRCSHOP s\u0105 doskona\u0142ej jako\u015bci i maj\u0105 uczciw\u0105 cen\u0119. W momencie, gdy poprosisz o 3-FPM w TRRCSHOP, gwarantujemy, \u017ce Twoja pro\u015bba zostanie szybko i bezpiecznie dostarczona do Twojego domu.<\/p>\n<p>Zamawianie syntetycznych zwi\u0105zk\u00f3w badawczych za pomoc\u0105 Bitcoina lub ruchu bankowego jest proste w TRRCSHOP.<\/p>\n<p>Wysy\u0142amy z szybko\u015bci\u0105 3 FPM tego samego dnia roboczego, je\u015bli p\u0142atno\u015b\u0107 zostanie otrzymana przed godzin\u0105 14:00 CEST. Nie wysy\u0142amy w soboty, niedziele ani \u015bwi\u0119ta pa\u0144stwowe\/mi\u0119dzynarodowe<strong>.<\/strong><\/p>\n<h3><strong>Dyskretna wysy\u0142ka chemikali\u00f3w badawczych.<\/strong><\/h3>\n<p>Mimo \u017ce designerskie chemikalia badawcze s\u0105 legalnie dost\u0119pne w Internecie, w TRRCSHOP staramy si\u0119 dostarcza\u0107 je w spos\u00f3b jak najbardziej bezpieczny i rozs\u0105dny. Najpierw przedmiot umieszcza si\u0119 w torbie zatrzaskowej, a nast\u0119pnie trafia do torby, w kt\u00f3rej jest podw\u00f3jnie spalany. Pakujemy z bardzo dobr\u0105 dyskrecj\u0105 i na zewn\u0105trz nie wida\u0107 \u017cadnych \u015blad\u00f3w tego, co mo\u017ce by\u0107 w \u015brodku.<\/p>\n<p>Wybierz \u015bledzon\u0105 dostaw\u0119, kt\u00f3r\u0105 chcesz \u015bledzi\u0107 i \u015bledzi\u0107, aby m\u00f3c stopniowo \u015bledzi\u0107 swoje zam\u00f3wienie. Na przyk\u0142ad wysy\u0142amy zam\u00f3wienia powy\u017cej 500 euro ze \u015bcie\u017ck\u0105 bezp\u0142atn\u0105.<\/p>\n<p>Nie dostarczamy artyku\u0142\u00f3w osobom poni\u017cej 18 roku \u017cycia!<\/p>\n<h3><strong>\u015arodki ostro\u017cno\u015bci<\/strong><\/h3>\n<ul>\n<li>RC oferowane s\u0105 pod adresem <a href=\"https:\/\/rezeptfrei-apotheke.net\/pl\/\">rchemshop<\/a> s\u0142u\u017c\u0105 celom badawczym, spo\u017cycie przez ludzi jest surowo zabronione.<\/li>\n<li>Kup odpowiedni sprz\u0119t ochrony indywidualnej, taki jak okulary i r\u0119kawice. Czy\u015b\u0107 je i piel\u0119gnuj w odpowiedni spos\u00f3b. Post\u0119puj zgodnie z bezpiecznymi systemami podczas post\u0119powania z chemikaliami badawczymi i nie id\u017a na skr\u00f3ty.<\/li>\n<li>Je\u015bli badana substancja chemiczna wejdzie w kontakt z oczami, nale\u017cy je dobrze przep\u0142uka\u0107 i w razie potrzeby wyeliminowa\u0107 soczewki kontaktowe.<\/li>\n<li>Staraj si\u0119 u\u017cywa\u0107 maski podczas u\u017cywania tych chemikali\u00f3w, aby nie dosta\u0142y si\u0119 do \u015brodka podczas oddychania.<\/li>\n<li>Jak wskazuj\u0105 obs\u0142ugiwane metody, nale\u017cy obchodzi\u0107 si\u0119 z materia\u0142ami niebezpiecznymi, przechowywa\u0107 je i utylizowa\u0107 w spos\u00f3b bezpieczny. Nigdy nie wylewaj ich do \u015bciek\u00f3w lub kana\u0142\u00f3w.<\/li>\n<li>Przechowuj chemikalia badawcze w odpowiedni spos\u00f3b, zgodnie z ich nazwami. \u0141atwopalne chemikalia nale\u017cy przechowywa\u0107 w doskona\u0142ym, suchym miejscu, z dala od intensywnego \u015bwiat\u0142a i \u015bwiat\u0142a dziennego. Kilka syntetyk\u00f3w, takich jak kwasy, nale\u017cy odk\u0142ada\u0107 niezale\u017cnie od siebie.<\/li>\n<\/ul>","protected":false},"excerpt":{"rendered":"<p>Nazwa IUPAC: 2-(3-fluorofenylo)-3-metylomorfolina, monochlorowodorek<br \/>\nCAS # 1803562-83-5<br \/>\nInna nazwa: 3-Fluorofenmetrazyna (chlorowodorek)<br \/>\nWygl\u0105d: proszek<br \/>\nAnaliza NMR: C11H14FNO \u2022 HCl<\/p>","protected":false},"featured_media":8749,"comment_status":"open","ping_status":"closed","template":"","meta":[],"product_brand":[],"product_cat":[95],"product_tag":[],"class_list":{"0":"post-8696","1":"product","2":"type-product","3":"status-publish","4":"has-post-thumbnail","6":"product_cat-buy-piperidines-online","8":"first","9":"instock","10":"shipping-taxable","11":"purchasable","12":"product-type-variable"},"jetpack_sharing_enabled":true,"_links":{"self":[{"href":"https:\/\/rezeptfrei-apotheke.net\/pl\/wp-json\/wp\/v2\/product\/8696","targetHints":{"allow":["GET"]}}],"collection":[{"href":"https:\/\/rezeptfrei-apotheke.net\/pl\/wp-json\/wp\/v2\/product"}],"about":[{"href":"https:\/\/rezeptfrei-apotheke.net\/pl\/wp-json\/wp\/v2\/types\/product"}],"replies":[{"embeddable":true,"href":"https:\/\/rezeptfrei-apotheke.net\/pl\/wp-json\/wp\/v2\/comments?post=8696"}],"wp:featuredmedia":[{"embeddable":true,"href":"https:\/\/rezeptfrei-apotheke.net\/pl\/wp-json\/wp\/v2\/media\/8749"}],"wp:attachment":[{"href":"https:\/\/rezeptfrei-apotheke.net\/pl\/wp-json\/wp\/v2\/media?parent=8696"}],"wp:term":[{"taxonomy":"product_brand","embeddable":true,"href":"https:\/\/rezeptfrei-apotheke.net\/pl\/wp-json\/wp\/v2\/product_brand?post=8696"},{"taxonomy":"product_cat","embeddable":true,"href":"https:\/\/rezeptfrei-apotheke.net\/pl\/wp-json\/wp\/v2\/product_cat?post=8696"},{"taxonomy":"product_tag","embeddable":true,"href":"https:\/\/rezeptfrei-apotheke.net\/pl\/wp-json\/wp\/v2\/product_tag?post=8696"}],"curies":[{"name":"wp","href":"https:\/\/api.w.org\/{rel}","templated":true}]}}