{"id":8697,"date":"2023-10-21T10:59:20","date_gmt":"2023-10-21T10:59:20","guid":{"rendered":"https:\/\/rezeptfrei-apotheke.net\/?post_type=product&#038;p=8697"},"modified":"2023-10-31T08:52:48","modified_gmt":"2023-10-31T08:52:48","slug":"nb-5-meo-mipt-oxalate","status":"publish","type":"product","link":"https:\/\/rezeptfrei-apotheke.net\/pl\/product\/nb-5-meo-mipt-oxalate\/","title":{"rendered":"NB-5-MeO-MiPT (szczawian)"},"content":{"rendered":"<h2><strong>Informacje og\u00f3lne Tryptaminy: NB-5-MeO-MiPT (szczawian)<\/strong><\/h2>\n<p>Tryptamina jest metabolitem indolaminowym niezb\u0119dnego, \u017cr\u0105cego amino tryptofanu. Indol charakteryzuje struktur\u0119 substancji \u2013 po\u0142\u0105czony pier\u015bcie\u0144 benzenowy i pirolowy oraz wi\u0105zka 2-aminoetylowa przy kolejnym w\u0119glu (trzecia jota o s\u0142odkim zapachu, przy czym pierwsza to heterocykliczny azot). Budowa tryptaminy jest wsp\u00f3lnym elementem niekt\u00f3rych neuromodulator\u00f3w aminoergicznych, w tym melatoniny, serotoniny, bufoteniny i halucynogennych pochodnych, na przyk\u0142ad dimetylotryptaminy (DMT), psilocybiny, psylocyny i innych. Ponadto wykazano, \u017ce tryptamina oddzia\u0142uje na receptory zwi\u0105zane z aminami komunikowane w m\u00f3zgu ssak\u00f3w i zarz\u0105dza dzia\u0142aniem uk\u0142ad\u00f3w dopaminergicznego, serotoninergicznego i glutaminergicznego.<\/p>\n<p>5-MeO-MiPT jest lekiem halucynogennym i stymuluj\u0105cym, stosowanym przez niekt\u00f3rych jako enteogen. Ma podstawowe i farmakodynamiczne w\u0142a\u015bciwo\u015bci, takie jak leki 5-MeO-DiPT, DiPT i MiPT. Jednak zwykle jest stosowany jako \u201ezamiennik\u201d 5-MeO-DiPT ze wzgl\u0119du na dok\u0142adn\u0105 budow\u0119 i dzia\u0142anie.<\/p>\n<p>&nbsp;<\/p>\n<h3><strong>Sk\u0142ad chemiczny tryptaminy: NB-5-MeO-MiPT (szczawian)<\/strong><\/h3>\n<p>&nbsp;<\/p>\n<p>5-MeO-MiPT nale\u017cy do klasy mieszanin zwykle znanych jako tryptaminy i jest homologiem N-metylo-N-izopropylowym halucynogennego 5-MeO-DMT. Pe\u0142na nazwa zwi\u0105zku to 5-metoksy-N-metylo-N-izopropylotryptamina.<\/p>\n<p>5-MeO-MiPT powoduje, \u017ce odczynnik Ehrlicha staje si\u0119 fioletowy, a nast\u0119pnie miesza si\u0119 z niebieskim. Sprawia, \u017ce odczynnik markiza zmienia kolor na \u017c\u00f3\u0142ty, a\u017c do ciemnego.<\/p>\n<h3><strong>Farmakologia tryptaminy: NB-5-MeO-MiPT (szczawian).<\/strong><\/h3>\n<p>Powinowactwa w zarz\u0105dzie 5-HT nie s\u0105 ca\u0142kowicie utwierdzone w programie PDSP wspieranym przez NIMH. Na przyk\u0142ad nadal niepewne s\u0105 receptory 5-HT2A i 5-HT2C u ludzi i gryzoni, w kt\u00f3rych wykorzystuje si\u0119 radioligandy zar\u00f3wno agonist\u00f3w, jak i z\u0142oczy\u0144c\u00f3w.<\/p>\n<p>Jako proporcj\u0119 cennej wytrzyma\u0142o\u015bci i \u017cywotno\u015bci oszacowano zmiany w wewn\u0105trzkom\u00f3rkowym poziomie Ca2+ przy u\u017cyciu fluorometrycznego urz\u0105dzenia do obrazowania (FLIPRTETRA, Molecular Devices) na ludzkich receptorach 5-HT2A, 5-HT2B i 5-HT2C oraz 5-HT2A u gryzoni i receptory 5-HT2C. W ko\u0144cu, jako proporcj\u0119 aktywacji receptora 5-HT2A in vivo, zbadali\u015bmy zdolno\u015b\u0107 do pobudzania mysiego HTR, przy za\u0142o\u017ceniu, \u017ce wszystko by\u0142o r\u00f3wne.<\/p>\n<p>Spekulowali\u015bmy, \u017ce u\u017cyteczna moc receptora 5-HT2A gryzoni mo\u017ce najlepiej \u0142\u0105czy\u0107 si\u0119 z informacjami o zachowaniu szarpni\u0119cia g\u0142ow\u0105 myszy, poniewa\u017c powinowactwa ligand\u00f3w do receptora 5-HT2A gryzoni s\u0105 powi\u0105zane z mysim receptorem 5-HT2A, ale nie z ludzkim receptorem 5-HT2A.<\/p>\n<h3><strong>Kup wysokiej jako\u015bci Fluoreksetamin\u0119<\/strong><\/h3>\n<p>TRRCSHOP posiada wieloletnie do\u015bwiadczenie w bran\u017cy projektant\u00f3w substancji chemicznych do bada\u0144, co pozwala nam zapewni\u0107 najwy\u017csz\u0105 jako\u015b\u0107 tych substancji chemicznych do bada\u0144. Zesp\u00f3\u0142 badawczy zajmuj\u0105cy si\u0119 chemi\u0105 sprzedaje fluoreksetamin\u0119 i peletki 2,5 mg. Chemikalia badawcze, w tym fluoroksetaminy, spe\u0142niaj\u0105 wszelkie wymogi bezpiecze\u0144stwa. Chemikalia badawcze s\u0105 starannie dystrybuowane i przechowywane w ch\u0142odnym, suchym miejscu.<\/p>\n<p>Wszystkie produkty s\u0105 regularnie kontrolowane pod k\u0105tem jako\u015bci, czysto\u015bci i bezpiecze\u0144stwa. Zawsze przechowuj Fluoreksetamin\u0119 w temperaturze pokojowej i poza zasi\u0119giem dzieci i zwierz\u0105t domowych. Nasza Fluoreksetamina nie jest przeznaczona do u\u017cytku osobistego. S\u0142u\u017cy wy\u0142\u0105cznie celom badawczym.<\/p>\n<p>Podczas bada\u0144 tej substancji chemicznej nie mo\u017cna jej miesza\u0107 z alkoholem ani chemikaliami badawczymi!<\/p>\n<p>Wszystkie nasze produkty maj\u0105 uczciw\u0105 cen\u0119!<\/p>\n<h3><strong>Testowana laboratoryjnie fluoreksetamina z wynikami.<\/strong><\/h3>\n<p>Przerabia post\u0119p w kierunku og\u00f3lnego spe\u0142nienia swoich klient\u00f3w. R\u00f3\u017cne badania wykaza\u0142y, \u017ce klienci przed zakupem syntetycznych substancji chemicznych do cel\u00f3w badawczych \u017c\u0105daj\u0105 tyle danych, ile si\u0119 spodziewaj\u0105. Ponadto publikujemy wszystkie konsekwencje laboratoryjne ka\u017cdego zwi\u0105zku badawczego w pliku PDF.<\/p>\n<p>Nasza Fluoreksetamina konsekwentnie spe\u0142nia sk\u0142adniki aktywne i mo\u017ce by\u0107 \u0142atwo zauwa\u017cona przez ka\u017cdego.<\/p>\n<p>Wszystkie konsekwencje laboratoryjne ka\u017cdej badanej substancji chemicznej rozpowszechniamy w dokumencie PDF.<\/p>\n<h3><strong>Bezpiecznie zam\u00f3w od Fluorexetamine.<\/strong><\/h3>\n<p>Designerskie chemikalia badawcze TRRCSHOP s\u0105 doskona\u0142ej jako\u015bci i maj\u0105 uczciw\u0105 cen\u0119. Dlatego w momencie, gdy poprosisz o sw\u00f3j\u00a0<strong>Fluoreksetamina\u00a0<\/strong>w TRRCSHOP gwarantujemy, \u017ce szybko i bezpiecznie przeka\u017cemy Twoj\u0105 pro\u015bb\u0119 do Twojego domu.<\/p>\n<p>Zamawianie syntetycznych zwi\u0105zk\u00f3w badawczych za pomoc\u0105 Bitcoina lub przelewu bankowego jest proste w TRRCSHOP.<\/p>\n<p>Wysy\u0142amy Fluoreksetamin\u0119 tego samego dnia roboczego, je\u015bli p\u0142atno\u015b\u0107 zostanie otrzymana przed godzin\u0105 14:00 CEST. Zwykle nie wysy\u0142amy w soboty, niedziele ani \u015bwi\u0119ta pa\u0144stwowe\/mi\u0119dzynarodowe<strong>.<\/strong><\/p>\n<h3><strong>Dyskretna wysy\u0142ka chemikali\u00f3w badawczych.<\/strong><\/h3>\n<p>Mimo \u017ce designerskie chemikalia badawcze s\u0105 legalnie dost\u0119pne w Internecie, w Rcendeavor dostarczamy je najbezpieczniej i rozs\u0105dniej. Pakujemy z bardzo dobr\u0105 dyskrecj\u0105 i na zewn\u0105trz nie wida\u0107 \u017cadnych \u015blad\u00f3w tego, co mo\u017ce by\u0107 w \u015brodku.<\/p>\n<p>Wysy\u0142amy zam\u00f3wienia powy\u017cej 500 euro z funkcj\u0105 \u015bledzenia i \u015bledzenia, dzi\u0119ki czemu mo\u017cesz stopniowo \u015bledzi\u0107 sw\u00f3j pakiet. zam\u00f3wienia powy\u017cej 500 euro wysy\u0142amy z darmow\u0105 tras\u0105.<\/p>\n<p>Nie dostarczamy artyku\u0142\u00f3w osobom poni\u017cej 18 roku \u017cycia!<\/p>\n<h3><strong>\u015arodki ostro\u017cno\u015bci<\/strong><\/h3>\n<ul>\n<li>Kup odpowiedni sprz\u0119t ochrony indywidualnej, taki jak okulary i r\u0119kawice. Czy\u015b\u0107 je i piel\u0119gnuj w odpowiedni spos\u00f3b. Post\u0119puj zgodnie z bezpiecznymi systemami podczas post\u0119powania z chemikaliami badawczymi i nie id\u017a na skr\u00f3ty.<\/li>\n<li>Je\u015bli badana substancja chemiczna wejdzie w kontakt z oczami, nale\u017cy je dobrze przep\u0142uka\u0107 i w razie potrzeby wyeliminowa\u0107 soczewki kontaktowe.<\/li>\n<li>Staraj si\u0119 u\u017cywa\u0107 maski podczas u\u017cywania tych chemikali\u00f3w, aby nie dosta\u0142y si\u0119 do \u015brodka podczas oddychania.<\/li>\n<li>Jak wskazuj\u0105 obs\u0142ugiwane metody, nale\u017cy bezpiecznie obchodzi\u0107 si\u0119 z materia\u0142ami niebezpiecznymi, przechowywa\u0107 je i utylizowa\u0107. Nigdy nie wylewaj ich do \u015bciek\u00f3w lub kana\u0142\u00f3w.<\/li>\n<li>Przechowuj chemikalia badawcze w odpowiedni spos\u00f3b, zgodnie z ich nazwami. \u0141atwopalne chemikalia nale\u017cy przechowywa\u0107 w doskona\u0142ej, suchej marihuanie, z dala od intensywno\u015bci i \u015bwiat\u0142a dziennego. Niekt\u00f3re syntetyki, np. kwasy, nale\u017cy usuwa\u0107 niezale\u017cnie od siebie.<\/li>\n<li>TRRCSHOP oferowany do cel\u00f3w badawczych; spo\u017cycie przez ludzi jest surowo zabronione.<\/li>\n<\/ul>","protected":false},"excerpt":{"rendered":"<p>Nazwa IUPAC: szczawian 3-(2-(izopropylo(metylo)amino)etylo)-5-metoksy-1H-indolo-1-karboksylanu tert-butylu<br \/>\nWygl\u0105d: proszek<br \/>\nPosta\u0107: szczawian<\/p>","protected":false},"featured_media":8750,"comment_status":"open","ping_status":"closed","template":"","meta":[],"product_brand":[],"product_cat":[96],"product_tag":[],"class_list":{"0":"post-8697","1":"product","2":"type-product","3":"status-publish","4":"has-post-thumbnail","6":"product_cat-buy-tryptamines-online","8":"first","9":"instock","10":"shipping-taxable","11":"purchasable","12":"product-type-variable"},"jetpack_sharing_enabled":true,"_links":{"self":[{"href":"https:\/\/rezeptfrei-apotheke.net\/pl\/wp-json\/wp\/v2\/product\/8697","targetHints":{"allow":["GET"]}}],"collection":[{"href":"https:\/\/rezeptfrei-apotheke.net\/pl\/wp-json\/wp\/v2\/product"}],"about":[{"href":"https:\/\/rezeptfrei-apotheke.net\/pl\/wp-json\/wp\/v2\/types\/product"}],"replies":[{"embeddable":true,"href":"https:\/\/rezeptfrei-apotheke.net\/pl\/wp-json\/wp\/v2\/comments?post=8697"}],"wp:featuredmedia":[{"embeddable":true,"href":"https:\/\/rezeptfrei-apotheke.net\/pl\/wp-json\/wp\/v2\/media\/8750"}],"wp:attachment":[{"href":"https:\/\/rezeptfrei-apotheke.net\/pl\/wp-json\/wp\/v2\/media?parent=8697"}],"wp:term":[{"taxonomy":"product_brand","embeddable":true,"href":"https:\/\/rezeptfrei-apotheke.net\/pl\/wp-json\/wp\/v2\/product_brand?post=8697"},{"taxonomy":"product_cat","embeddable":true,"href":"https:\/\/rezeptfrei-apotheke.net\/pl\/wp-json\/wp\/v2\/product_cat?post=8697"},{"taxonomy":"product_tag","embeddable":true,"href":"https:\/\/rezeptfrei-apotheke.net\/pl\/wp-json\/wp\/v2\/product_tag?post=8697"}],"curies":[{"name":"wp","href":"https:\/\/api.w.org\/{rel}","templated":true}]}}