{"id":8698,"date":"2023-10-21T10:59:20","date_gmt":"2023-10-21T10:59:20","guid":{"rendered":"https:\/\/rezeptfrei-apotheke.net\/?post_type=product&#038;p=8698"},"modified":"2026-02-13T14:25:45","modified_gmt":"2026-02-13T14:25:45","slug":"nb-5-meo-dalt-oxalate","status":"publish","type":"product","link":"https:\/\/rezeptfrei-apotheke.net\/pl\/product\/nb-5-meo-dalt-oxalate\/","title":{"rendered":"NB-5-MeO-DALT (szczawian)"},"content":{"rendered":"<h2><strong>Co to jest 5-MEO-DALT?<\/strong><\/h2>\n<p>Pe\u0142na nazwa 5-MeO-DALT to N-allilo-N-[2-(5-metoksy-1H-indol-3-ilo)etylo]prop-2-en-1-amina. Pod wieloma wzgl\u0119dami jest powi\u0105zany ze zwi\u0105zkami 5-MeO-DPT i DALT (N,N-Diallilotryptamina). Nazwa handlowa 5-MeO-DALT wzi\u0119\u0142a si\u0119 od sk\u0142adnik\u00f3w o strukturze chemicznej 5-MethOxy-DiALLyl Tryptamina. Ma grup\u0119 aminow\u0105, do kt\u00f3rej przy\u0142\u0105czone s\u0105 dwie grupy allilowe, a tak\u017ce pier\u015bcie\u0144 indolowy tryptaminy z przy\u0142\u0105czon\u0105 grup\u0105 5-metoksylow\u0105. Ma wiele podobie\u0144stw strukturalnych z DALT i 5-MeO-DiPT.<\/p>\n<p>&nbsp;<\/p>\n<p>Po raz pierwszy zosta\u0142 zsyntetyzowany przez Aleksandra Shulgina. Pierwszy materia\u0142 dotycz\u0105cy syntezy 5-MeO-DALT wys\u0142a\u0142 do pracownika badawczego o nazwisku Murple w maju 2004 r., po czym zosta\u0142 udost\u0119pniony w Internecie.<\/p>\n<p>Po syntezie w Chinach w komercyjnych laboratoriach, Buy 5-MeO-DALT sta\u0142 si\u0119 dost\u0119pny na rynku od internetowego sprzedawcy \u015brodk\u00f3w chemicznych w czerwcu 2004 roku.<\/p>","protected":false},"excerpt":{"rendered":"<p>Co to jest 5-MEO-DALT? Pe\u0142na nazwa 5-MeO-DALT to N-allilo-N-[2-(5-metoksy-1H-indol-3-ilo)etylo]prop-2-en-1-amina. Jest to pod wieloma wzgl\u0119dami powi\u0105zane z<\/p>","protected":false},"featured_media":8751,"comment_status":"open","ping_status":"closed","template":"","meta":[],"product_brand":[],"product_cat":[96],"product_tag":[],"class_list":{"0":"post-8698","1":"product","2":"type-product","3":"status-publish","4":"has-post-thumbnail","6":"product_cat-buy-tryptamines-online","8":"first","9":"instock","10":"shipping-taxable","11":"purchasable","12":"product-type-variable"},"jetpack_sharing_enabled":true,"_links":{"self":[{"href":"https:\/\/rezeptfrei-apotheke.net\/pl\/wp-json\/wp\/v2\/product\/8698","targetHints":{"allow":["GET"]}}],"collection":[{"href":"https:\/\/rezeptfrei-apotheke.net\/pl\/wp-json\/wp\/v2\/product"}],"about":[{"href":"https:\/\/rezeptfrei-apotheke.net\/pl\/wp-json\/wp\/v2\/types\/product"}],"replies":[{"embeddable":true,"href":"https:\/\/rezeptfrei-apotheke.net\/pl\/wp-json\/wp\/v2\/comments?post=8698"}],"wp:featuredmedia":[{"embeddable":true,"href":"https:\/\/rezeptfrei-apotheke.net\/pl\/wp-json\/wp\/v2\/media\/8751"}],"wp:attachment":[{"href":"https:\/\/rezeptfrei-apotheke.net\/pl\/wp-json\/wp\/v2\/media?parent=8698"}],"wp:term":[{"taxonomy":"product_brand","embeddable":true,"href":"https:\/\/rezeptfrei-apotheke.net\/pl\/wp-json\/wp\/v2\/product_brand?post=8698"},{"taxonomy":"product_cat","embeddable":true,"href":"https:\/\/rezeptfrei-apotheke.net\/pl\/wp-json\/wp\/v2\/product_cat?post=8698"},{"taxonomy":"product_tag","embeddable":true,"href":"https:\/\/rezeptfrei-apotheke.net\/pl\/wp-json\/wp\/v2\/product_tag?post=8698"}],"curies":[{"name":"wp","href":"https:\/\/api.w.org\/{rel}","templated":true}]}}