{"id":8725,"date":"2023-10-21T10:59:44","date_gmt":"2023-10-21T10:59:44","guid":{"rendered":"https:\/\/rezeptfrei-apotheke.net\/?post_type=product&#038;p=8725"},"modified":"2023-10-30T20:46:24","modified_gmt":"2023-10-30T20:46:24","slug":"amt-succinate","status":"publish","type":"product","link":"https:\/\/rezeptfrei-apotheke.net\/pl\/product\/amt-succinate\/","title":{"rendered":"bursztynian AMT"},"content":{"rendered":"<h2><strong>Co to jest bursztynian aMT?<\/strong><\/h2>\n<p>Kup bursztynian aMT, kt\u00f3ry jest zwi\u0105zkiem na bazie tryptaminy. Znany jest r\u00f3wnie\u017c jako bursztynian alfa-metylotryptaminy, zwi\u0105zek kwasu bursztynowego z 3-(2-aminopropylo)indolem, bursztynian metylotryptaminy, bursztynian alfaMT, bursztynian MT, zwi\u0105zek kwasu butanodiowego z -metylo-1H-indolo-3-etanoamin\u0105 i kwas butanodiowy zwi\u0105zek z -metylo-1H-in (1:1).<\/p>\n<p>&nbsp;<\/p>\n<p>1-(1H-indol-3-ilo)propano-2-amina, cz\u0119sto znana jako aMT lub -metylotryptamina, jest syntetyczn\u0105 cz\u0105steczk\u0105 alkaloidu indolowego z klasy tryptaminy. Tryptaminy s\u0105 indolaminowym metabolitem tryptofanu, wa\u017cnego aminokwasu. Niekt\u00f3re neuromodulatory aminoergiczne maj\u0105 tak\u0105 sam\u0105 struktur\u0119 jak tryptamina.<\/p>\n<p>&nbsp;<\/p>\n<p>aMT W\u0119giel alfa bursztynianu tryptaminy jest podstawiony grup\u0105 metylow\u0105. Ma zwi\u0105zek chemiczny z tryptamin\u0105 podobny do zwi\u0105zku amfetaminy z fenyloetyloamin\u0105. Neuroprzeka\u017anik serotonina jest silnie powi\u0105zany z aMT (5-hydroksytryptamin\u0105). aMT odkrywa si\u0119 jako racemat jego enancjomer\u00f3w (R-) i (S-) w postaci wolnej zasady.<\/p>\n<p>&nbsp;<\/p>\n<p>Firma Upjohn pierwotnie produkowa\u0142a bursztynian aMT w latach sze\u015b\u0107dziesi\u0105tych XX wieku. Nitroaldol Kondensacja indolo-3-karboksyaldehydu i nitroetanu pod kataliz\u0105 octanu amonu, a tak\u017ce kondensacja indolo-3-acetonu i hydroksyloaminy, a nast\u0119pnie redukcja powsta\u0142ego ketooksymu wodorkiem litowo-glinowym, mo\u017cna zastosowa\u0107 do wytworzenia aMT. aMT dzia\u0142a jako zr\u00f3wnowa\u017cony inhibitor wychwytu zwrotnego, a tak\u017ce \u015brodek uwalniaj\u0105cy trzy r\u00f3\u017cne monoaminy.<\/p>\n<p>&nbsp;<\/p>\n<h2><strong>Zastrze\u017cenie<\/strong><\/h2>\n<p>Nie nale\u017cy podawa\u0107 tego produktu ludziom i zwierz\u0119tom. Jest dost\u0119pny wy\u0142\u0105cznie do u\u017cytku laboratoryjnego. Zalecamy r\u00f3wnie\u017c, aby obchodzi\u0107 si\u0119 z produktem za pomoc\u0105 \u015brodk\u00f3w ochrony osobistej, aby unikn\u0105\u0107 wszelkich zagro\u017ce\u0144, kt\u00f3re mog\u0105 wynika\u0107 z obchodzenia si\u0119 z substancj\u0105 chemiczn\u0105.<\/p>\n<p>&nbsp;<\/p>\n<h2><strong>Czy bursztynian aMT jest legalny?<\/strong><\/h2>\n<p>Przed zakupem bursztynianu aMT zalecamy sprawdzenie legalno\u015bci tej substancji chemicznej z w\u0142a\u015bciwymi w\u0142adzami w Twoim regionie lub miejscu wysy\u0142ki.<\/p>\n<p>&nbsp;<\/p>\n<p>W trosce o bezpiecze\u0144stwo klient\u00f3w podejmujemy odpowiednie kroki wdra\u017caj\u0105c rygorystyczne zabezpieczenia przy sprzeda\u017cy tych towar\u00f3w. Nie ponosimy odpowiedzialno\u015bci za jakiekolwiek problemy prawne, kt\u00f3re mog\u0105 wynikn\u0105\u0107 w wyniku zakupu bursztynianu aMT w Twoim kraju.<\/p>\n<p>&nbsp;<\/p>\n<h2><strong>Gdzie kupi\u0107 bursztynian aMT?<\/strong><\/h2>\n<p>Chemical Planet jest wiod\u0105cym dostawc\u0105 i dystrybutorem bursztynianu aMT i pokrewnych chemikali\u00f3w. Bursztynian aMT jest dostarczany wy\u0142\u0105cznie do cel\u00f3w bada\u0144 laboratoryjnych i jest dost\u0119pny w postaci proszku. Substancja ta jest dost\u0119pna wy\u0142\u0105cznie dla os\u00f3b doros\u0142ych w wieku 18 lat i starszych i nie nale\u017cy jej stosowa\u0107 u ludzi ani zwierz\u0105t.<\/p>","protected":false},"excerpt":{"rendered":"<p><strong>Nazwa IUPAC:<\/strong><\/p>\n<p><strong>CAS # <\/strong>299-26-3<\/p>\n<p><strong>Inna nazwa: <\/strong>alfa-metylotryptamina<\/p>\n<p><strong>Analiza NMR: <\/strong>C11H14N2<\/p>","protected":false},"featured_media":8772,"comment_status":"open","ping_status":"closed","template":"","meta":[],"product_brand":[],"product_cat":[96],"product_tag":[],"class_list":{"0":"post-8725","1":"product","2":"type-product","3":"status-publish","4":"has-post-thumbnail","6":"product_cat-buy-tryptamines-online","8":"first","9":"instock","10":"shipping-taxable","11":"purchasable","12":"product-type-variable"},"jetpack_sharing_enabled":true,"_links":{"self":[{"href":"https:\/\/rezeptfrei-apotheke.net\/pl\/wp-json\/wp\/v2\/product\/8725","targetHints":{"allow":["GET"]}}],"collection":[{"href":"https:\/\/rezeptfrei-apotheke.net\/pl\/wp-json\/wp\/v2\/product"}],"about":[{"href":"https:\/\/rezeptfrei-apotheke.net\/pl\/wp-json\/wp\/v2\/types\/product"}],"replies":[{"embeddable":true,"href":"https:\/\/rezeptfrei-apotheke.net\/pl\/wp-json\/wp\/v2\/comments?post=8725"}],"wp:featuredmedia":[{"embeddable":true,"href":"https:\/\/rezeptfrei-apotheke.net\/pl\/wp-json\/wp\/v2\/media\/8772"}],"wp:attachment":[{"href":"https:\/\/rezeptfrei-apotheke.net\/pl\/wp-json\/wp\/v2\/media?parent=8725"}],"wp:term":[{"taxonomy":"product_brand","embeddable":true,"href":"https:\/\/rezeptfrei-apotheke.net\/pl\/wp-json\/wp\/v2\/product_brand?post=8725"},{"taxonomy":"product_cat","embeddable":true,"href":"https:\/\/rezeptfrei-apotheke.net\/pl\/wp-json\/wp\/v2\/product_cat?post=8725"},{"taxonomy":"product_tag","embeddable":true,"href":"https:\/\/rezeptfrei-apotheke.net\/pl\/wp-json\/wp\/v2\/product_tag?post=8725"}],"curies":[{"name":"wp","href":"https:\/\/api.w.org\/{rel}","templated":true}]}}