{"id":8726,"date":"2023-10-21T10:59:44","date_gmt":"2023-10-21T10:59:44","guid":{"rendered":"https:\/\/rezeptfrei-apotheke.net\/?post_type=product&#038;p=8726"},"modified":"2023-10-30T20:35:17","modified_gmt":"2023-10-30T20:35:17","slug":"5-meo-dipt","status":"publish","type":"product","link":"https:\/\/rezeptfrei-apotheke.net\/pl\/product\/5-meo-dipt\/","title":{"rendered":"5-MEO-DIPT"},"content":{"rendered":"<h2><strong>KUP 5-MEO-MIPT<\/strong><\/h2>\n<p>5-MeO-MiPT znany r\u00f3wnie\u017c jako 5-metoksy-N-metylo-N-izopropylotryptamina i moxy jest mniej znanym psychodelikiem z klasy tryptaminy. 5-MeO-MiPT jest strukturalnie spokrewniony z innymi tryptaminami, takimi jak 5-MeO-DMT i 5-MeO-DiPT. Jest to rzadkie w por\u00f3wnaniu z dietyloamidem kwasu lizergowego i psylocyn\u0105, ale istnieje ju\u017c od kilku dekad. 5-MeO-MiPT powoduje, \u017ce odczynnik Ehrlicha zmienia kolor na fioletowy, a nast\u0119pnie blaknie do bladoniebieskiego. Powoduje, \u017ce odczynnik markiza zmienia kolor z \u017c\u00f3\u0142tego na czarny. Uwa\u017ca si\u0119, \u017ce psychoaktywne wyniki bada\u0144 wynikaj\u0105 z aktywno\u015bci receptor\u00f3w serotoninowych.<\/p>\n<p>Synteza 5-MeO-MiPT zosta\u0142a po raz pierwszy opisana w 1985 roku przez Davida Repke i Alexandra Shulgina i opisana w ksi\u0105\u017cce Shulgina TiHKAL \u201eTryptamines I Have Known and Loved\u201d.<\/p>\n<p>Raporty badawcze opisuj\u0105 dzia\u0142anie 5-MeO-MiPT jako wysoce stymuluj\u0105ce i lekko entaktogenne, pozbawione typowych efekt\u00f3w psychodelicznych. Bardzo niewiele wiadomo na temat 5-MeO-MiPT, a jego historia na rynku chemikali\u00f3w badawczych jest ograniczona. Zdecydowanie zalecamy stosowanie praktyk redukcji szk\u00f3d podczas badania tej substancji.<\/p>\n<p>&nbsp;<\/p>\n<h2><strong>JAK STOSOWA\u0106 PROSZEK I PELLET 5-MEO-MIPT?<\/strong><\/h2>\n<p>W Realchems mo\u017cesz kupi\u0107 5-MeO-MIPT online w najwy\u017cszej jako\u015bci postaci proszku i granulatu. Kup proszek 5-MeO-MIPT w ilo\u015bciach 0,25gr, 0,5gr, 1gr i 2gr lub kup 5-MeO-MIPT w granulkach w ilo\u015bciach od 1-25. Aby zapewni\u0107 maksymalny okres przydatno\u015bci do spo\u017cycia, nale\u017cy przechowywa\u0107 proszek lub peletki 5-MeO-MIPT w suchym i ch\u0142odnym miejscu. Podczas obchodzenia si\u0119 z chemikaliami badawczymi nale\u017cy zawsze zachowa\u0107 w laboratorium odpowiednie \u015brodki ostro\u017cno\u015bci, takie jak wycieranie powierzchni i noszenie r\u0119kawiczek, maski i odzie\u017cy ochronnej.<\/p>\n<p>&nbsp;<\/p>\n<h2><strong>DEFINICJA 5-MEO-MIPT<\/strong><\/h2>\n<p>Definicja 5-MeO-MIPT to oficjalnie znana 5-metoksy-N-metylo-N-izopropylotryptamina i powszechnie znana jako moxy. Jest to mniej znana tryptamina strukturalnie spokrewniona z 5-MeO-DMT i 5-MeO-DiPT.<\/p>\n<p>&nbsp;<\/p>\n<h2><strong>INFORMACJE O CHEMII 5-MEO-MIPT<\/strong><\/h2>\n<p>5-MeO-MiPT jest strukturalnie podobny do bardziej popularnej substancji 5-MeO-DiPT, znanej r\u00f3wnie\u017c jako foxy metoksy, dlatego 5-MeO-MiPT nosi przydomek \u201emoxy\u201d. 5-MeO-MiPT zosta\u0142 po raz pierwszy zsyntetyzowany w 1985 roku przez Davida Repke i Alexandra Shulgina. Niekt\u00f3rzy badacze zg\u0142aszaj\u0105 typowe skutki 5-MeO-DiPT bez \u017cadnych niepo\u017c\u0105danych skutk\u00f3w i znacznie bardziej psychodeliczne w por\u00f3wnaniu z 5-MeO-DMT.<\/p>\n<p>Naukowcy uwa\u017caj\u0105, \u017ce 5-MeO-MiPT dzia\u0142a przede wszystkim poprzez agonizm receptora 5-HT2A. Najsilniej wi\u0105\u017ce si\u0119 z receptorami 5-HT1A; wykazuje tak\u017ce do\u015b\u0107 silne powinowactwo wi\u0105zania do SERT i NET, dzia\u0142aj\u0105c jako umiarkowanie silny inhibitor wychwytu zwrotnego serotoniny i noradrenaliny. Niewiele wiadomo o 5-MeO-MiPT, a jego historia jest kr\u00f3tka na rynku chemikali\u00f3w badawczych. Zdecydowanie zalecamy stosowanie praktyk redukcji szk\u00f3d podczas badania tej substancji.<\/p>\n<p>&nbsp;<\/p>\n<h2><strong>GDZIE KUPI\u0106 5-MEO-MIPT<\/strong><\/h2>\n<p>5-MeO-MIPT mo\u017cna kupi\u0107 tutaj na stronie <a href=\"https:\/\/rezeptfrei-apotheke.net\/pl\/\">Rchemsho<\/a>strona internetowa p. Sprzedajemy najwy\u017cszej jako\u015bci 5-MeO-MIPT, zazwyczaj w proszku i granulkach. Cz\u0119sto jednak mamy dost\u0119pne inne formy substancji, wi\u0119c skontaktuj si\u0119 z nami, aby sprawdzi\u0107, czy mamy na stanie preferowan\u0105 form\u0119 substancji. Aby kupi\u0107 u nas 5-MeO-MIPT, musisz mie\u0107 uko\u0144czone 18 lat.<\/p>","protected":false},"excerpt":{"rendered":"<p><strong>Nazwa IUPAC: <\/strong>5-metoksy-N,N-diizopropylotryptamina \u2013 chlorowodorek<\/p>\n<p><strong>CAS # <\/strong>4021-34-5<\/p>\n<p><strong>Formularz: <\/strong>HCl<\/p>\n<p><strong>Analiza NMR: <\/strong>C17H26N2O<\/p>","protected":false},"featured_media":8773,"comment_status":"open","ping_status":"closed","template":"","meta":[],"product_brand":[],"product_cat":[96],"product_tag":[],"class_list":{"0":"post-8726","1":"product","2":"type-product","3":"status-publish","4":"has-post-thumbnail","6":"product_cat-buy-tryptamines-online","8":"first","9":"instock","10":"shipping-taxable","11":"purchasable","12":"product-type-variable"},"jetpack_sharing_enabled":true,"_links":{"self":[{"href":"https:\/\/rezeptfrei-apotheke.net\/pl\/wp-json\/wp\/v2\/product\/8726","targetHints":{"allow":["GET"]}}],"collection":[{"href":"https:\/\/rezeptfrei-apotheke.net\/pl\/wp-json\/wp\/v2\/product"}],"about":[{"href":"https:\/\/rezeptfrei-apotheke.net\/pl\/wp-json\/wp\/v2\/types\/product"}],"replies":[{"embeddable":true,"href":"https:\/\/rezeptfrei-apotheke.net\/pl\/wp-json\/wp\/v2\/comments?post=8726"}],"wp:featuredmedia":[{"embeddable":true,"href":"https:\/\/rezeptfrei-apotheke.net\/pl\/wp-json\/wp\/v2\/media\/8773"}],"wp:attachment":[{"href":"https:\/\/rezeptfrei-apotheke.net\/pl\/wp-json\/wp\/v2\/media?parent=8726"}],"wp:term":[{"taxonomy":"product_brand","embeddable":true,"href":"https:\/\/rezeptfrei-apotheke.net\/pl\/wp-json\/wp\/v2\/product_brand?post=8726"},{"taxonomy":"product_cat","embeddable":true,"href":"https:\/\/rezeptfrei-apotheke.net\/pl\/wp-json\/wp\/v2\/product_cat?post=8726"},{"taxonomy":"product_tag","embeddable":true,"href":"https:\/\/rezeptfrei-apotheke.net\/pl\/wp-json\/wp\/v2\/product_tag?post=8726"}],"curies":[{"name":"wp","href":"https:\/\/api.w.org\/{rel}","templated":true}]}}