{"id":8727,"date":"2023-10-21T10:59:44","date_gmt":"2023-10-21T10:59:44","guid":{"rendered":"https:\/\/rezeptfrei-apotheke.net\/?post_type=product&#038;p=8727"},"modified":"2023-10-30T20:28:47","modified_gmt":"2023-10-30T20:28:47","slug":"5-meo-dalt","status":"publish","type":"product","link":"https:\/\/rezeptfrei-apotheke.net\/pl\/product\/5-meo-dalt\/","title":{"rendered":"5-MeO-DALT"},"content":{"rendered":"<h2><strong>KUP 5-MEO-DALT<\/strong><\/h2>\n<p>5-MeO-DALT, znany r\u00f3wnie\u017c jako N,N-Diallilo-5-metoksytryptamina lub potocznie jako Foxtrot, jest mniej znanym psychodelikiem z klasy tryptaminy. Alexander Theodore Shulgin by\u0142 ameryka\u0144skim chemikiem, biochemikiem, chemikiem organicznym, farmakologiem, psychofarmakologiem i autorem. Przypisuje si\u0119 mu wprowadzenie MDMA i dlatego nazywany jest ojcem chrzestnym psychodelik\u00f3w. W 2004 roku Shulgin przekaza\u0142 swoje badania wsp\u00f3\u0142pracownikowi o nazwisku Murple w maju 2004 roku, po czym szybko si\u0119 rozprzestrzeni\u0142y. Wkr\u00f3tce po odkryciu 5-MeO-DALT pojawi\u0142 si\u0119 na rynku chemikali\u00f3w badawczych po syntezie w komercyjnych laboratoriach w Chinach. Erowid oficjalnie opublikowa\u0142 syntez\u0119 i wyniki 5-MeO-DALT. Doniesienia o wykryciu 5-MeO-DALT przez badaczy zacz\u0119\u0142y pojawia\u0107 si\u0119 w 2007 roku.<\/p>\n<p>&nbsp;<\/p>\n<h2><strong>JAK STOSOWA\u0106 PROSZEK 5-MEO-DALT?<\/strong><\/h2>\n<p>Kupuj online chemikalia badawcze 5-MeO-DALT w najwy\u017cszej jako\u015bci proszku. Dostarczane przez Realchems w ilo\u015bciach 0,25 gr, 0,5 gr, 1 gr, 2 gr i 5 gr. Aby zapewni\u0107 maksymalny okres przydatno\u015bci do spo\u017cycia, nale\u017cy przechowywa\u0107 proszek 5-MeO-DALT w suchym i ch\u0142odnym miejscu. Podczas obchodzenia si\u0119 z chemikaliami badawczymi nale\u017cy zawsze zachowa\u0107 w laboratorium odpowiednie \u015brodki ostro\u017cno\u015bci, takie jak wycieranie powierzchni i noszenie r\u0119kawiczek, maski i odzie\u017cy ochronnej.<\/p>\n<p>&nbsp;<\/p>\n<h2><strong>DEFINICJA 5-MEO-DALT<\/strong><\/h2>\n<p>Definicja 5-MeO-DALT jest oficjalnie znana jako N,N-Diallilo-5-metoksytryptamina lub potocznie jako Foxtrot, psychodelik strukturalnie spokrewniony z tryptaminami, takimi jak 5-MeO-DiPT i DALT.<\/p>\n<p>&nbsp;<\/p>\n<h2><strong>PODSTAWOWE INFORMACJE Z CHEMII 5-MEO-DALT<\/strong><\/h2>\n<p>Nazwa N,N-Diallilo-5-metoksytryptaminy pochodzi od struktury chemicznej 5-MethOxy-DiALLyl Tryptamina i sk\u0142ada si\u0119 z dw\u00f3ch grup allilowych zwi\u0105zanych z grup\u0105 aminow\u0105 i grupy 5-metoksylowej przy\u0142\u0105czonej do pier\u015bcienia indolowego tryptaminy. 5-Meo-DALT jest strukturalnie spokrewniony z DALT i 5-MeO-DiPT i cz\u0119sto mo\u017cna go znale\u017a\u0107 w bia\u0142awej substancji proszkowej.<\/p>\n<p>Teoretycznie 5-MeO-DALT dzia\u0142a jako cz\u0119\u015bciowy agonista 5-HT2A. Uwa\u017ca si\u0119, \u017ce efekty psychodeliczne wynikaj\u0105 ze skuteczno\u015bci dzia\u0142ania na receptory 5-HT2A. Wyniki bada\u0144 pozostaj\u0105 jednak przedmiotem ci\u0105g\u0142ych bada\u0144 naukowych. 5-MeO-DALT ma bardzo kr\u00f3tk\u0105 histori\u0119. Dlatego zdecydowanie zaleca si\u0119 stosowanie praktyk redukcji szk\u00f3d podczas prowadzenia bada\u0144 nad t\u0105 substancj\u0105.<\/p>\n<p>&nbsp;<\/p>\n<h2><strong>GDZIE KUPI\u0106 5-MEO-DALT<\/strong><\/h2>\n<p>5-MeO-DALT mo\u017cna kupi\u0107 tutaj na stronie <a href=\"https:\/\/rezeptfrei-apotheke.net\/pl\/\">Rchemshop<\/a> strona internetowa. Sprzedajemy najwy\u017cszej jako\u015bci 5-MeO-DALT, zazwyczaj w proszku. Cz\u0119sto jednak mamy dost\u0119pne inne formy substancji, wi\u0119c skontaktuj si\u0119 z nami, aby sprawdzi\u0107, czy mamy na stanie preferowan\u0105 form\u0119 substancji. Aby kupi\u0107 u nas 5-MeO-DALT, musisz mie\u0107 uko\u0144czone 18 lat.<\/p>","protected":false},"excerpt":{"rendered":"<p><strong>Nazwa IUPAC: <\/strong>N-allilo-N-[2-(5-metoksy-1H-indol-3-ilo)etylo]prop-2-en-1-amina<\/p>\n<p><strong>CAS # <\/strong>928822-98-4<\/p>\n<p><strong>Inna nazwa: <\/strong>N,N-di allilo-5-metoksytryptamina<\/p>\n<p><strong>Formularz: <\/strong>hcl<\/p>\n<p><strong>Analiza NMR: <\/strong>C17H22N2O<\/p>","protected":false},"featured_media":8774,"comment_status":"open","ping_status":"closed","template":"","meta":[],"product_brand":[],"product_cat":[96],"product_tag":[],"class_list":{"0":"post-8727","1":"product","2":"type-product","3":"status-publish","4":"has-post-thumbnail","6":"product_cat-buy-tryptamines-online","8":"first","9":"instock","10":"shipping-taxable","11":"purchasable","12":"product-type-variable"},"jetpack_sharing_enabled":true,"_links":{"self":[{"href":"https:\/\/rezeptfrei-apotheke.net\/pl\/wp-json\/wp\/v2\/product\/8727","targetHints":{"allow":["GET"]}}],"collection":[{"href":"https:\/\/rezeptfrei-apotheke.net\/pl\/wp-json\/wp\/v2\/product"}],"about":[{"href":"https:\/\/rezeptfrei-apotheke.net\/pl\/wp-json\/wp\/v2\/types\/product"}],"replies":[{"embeddable":true,"href":"https:\/\/rezeptfrei-apotheke.net\/pl\/wp-json\/wp\/v2\/comments?post=8727"}],"wp:featuredmedia":[{"embeddable":true,"href":"https:\/\/rezeptfrei-apotheke.net\/pl\/wp-json\/wp\/v2\/media\/8774"}],"wp:attachment":[{"href":"https:\/\/rezeptfrei-apotheke.net\/pl\/wp-json\/wp\/v2\/media?parent=8727"}],"wp:term":[{"taxonomy":"product_brand","embeddable":true,"href":"https:\/\/rezeptfrei-apotheke.net\/pl\/wp-json\/wp\/v2\/product_brand?post=8727"},{"taxonomy":"product_cat","embeddable":true,"href":"https:\/\/rezeptfrei-apotheke.net\/pl\/wp-json\/wp\/v2\/product_cat?post=8727"},{"taxonomy":"product_tag","embeddable":true,"href":"https:\/\/rezeptfrei-apotheke.net\/pl\/wp-json\/wp\/v2\/product_tag?post=8727"}],"curies":[{"name":"wp","href":"https:\/\/api.w.org\/{rel}","templated":true}]}}