{"id":8728,"date":"2023-10-21T10:59:44","date_gmt":"2023-10-21T10:59:44","guid":{"rendered":"https:\/\/rezeptfrei-apotheke.net\/?post_type=product&#038;p=8728"},"modified":"2023-10-30T20:42:46","modified_gmt":"2023-10-30T20:42:46","slug":"5-meo-dmt-freebase","status":"publish","type":"product","link":"https:\/\/rezeptfrei-apotheke.net\/pl\/product\/5-meo-dmt-freebase\/","title":{"rendered":"Wolna zasada 5-MeO-DMT"},"content":{"rendered":"<h2><strong>Og\u00f3lne informacje na temat Kup darmow\u0105 baz\u0119 5-MeO-DMT<\/strong><\/h2>\n<p>Wolna zasada 5-Meo-DMT to badawczy psychodelik chemiczny klasy tryptaminy, od czterech do wielu razy bardziej imponuj\u0105cy ni\u017c jego bardziej znany kuzyn, DMT (N, N-dimetylotryptamina).<\/p>\n<p>Wydaje si\u0119, \u017ce mo\u017cna go tropi\u0107 w wielu r\u00f3\u017cnych drzewach i krzewach, cz\u0119sto w pobli\u017cu DMT i bufoteniny (5-HO-DMT), a tak\u017ce jednego rodzaju \u017cab. Woln\u0105 zasad\u0119 5-Meo-DMT mo\u017cna r\u00f3wnie\u017c wytworzy\u0107 syntetycznie.<\/p>\n<p>W Ameryce \u015arodkowej i Po\u0142udniowej woln\u0105 zasad\u0119 5-MeO-DMT najcz\u0119\u015bciej otrzymuje si\u0119 z Anadenanthera peregrine i Virola theiodora \u2014 obydwie te ro\u015bliny s\u0105 zwykle zbierane w celu uzyskania psychoaktywnej tabaki.<\/p>\n<p>Wyst\u0119puje r\u00f3wnie\u017c w g\u0142adkiej bia\u0142ej toksynie \u017caby pustynnej Sonora, kt\u00f3ra wyst\u0119puje lokalnie w po\u0142udniowo-zachodnich Stanach Zjednoczonych i p\u00f3\u0142nocno-zachodnim Meksyku. Pozyskiwanie jadu wywar\u0142o presj\u0119 na populacj\u0119 mieszka\u0144c\u00f3w tego naturalnie delikatnego gatunku. Obecnie w kilku stanach USA uznaje si\u0119 go za ryzykowny lub lokalnie wykrywany. Poszukiwane s\u0105 \u017ar\u00f3d\u0142a 5-MeO DMT, na przyk\u0142ad wersje syntetyczne lub pochodzenia ro\u015blinnego.<\/p>\n<h3><strong>Sk\u0142ad chemiczny wolnej zasady 5-MeO-DMT<\/strong><\/h3>\n<p>2-(5-metoksy-1H-indol-3-ilo)-N,N-dimetyloetanoamina (5-metoksy-N,N-dimetylotryptamina, w skr\u00f3cie 5-MeO-DMT) to alkaloid tryptaminowy, s\u0142odko pachn\u0105cy eter oraz trzeciorz\u0119dowa amina o \u0142adunku subatomowym 218,298 g\/mol i wzorze chemicznym C<sub>13<\/sub>H<sub>18<\/sub>N<sub>2<\/sub>O. Jako wolna zasada 5-MeO-DMT jest bia\u0142\u0105, mocn\u0105 substancj\u0105 o temperaturze topnienia 69,5\u00b0C. Jego rozpuszczalno\u015b\u0107 w wodzie wynosi&gt; 32,7 \u03bcg\/ml.<\/p>\n<h3><strong>Farmakologia 5-MeO-DMT substancja chemiczna do bada\u0144<\/strong><\/h3>\n<p>Podobnie jak inne tryptaminy, wolna zasada 5-MeO-DMT kopen ma podstawow\u0105 struktur\u0119 podobn\u0105 do DMT, ale ma wi\u0105zk\u0119 metoksylow\u0105 w pozycji R5. Dzia\u0142a zasadniczo jako agonista receptora serotoninowego (5-HT), ze specyficzn\u0105, ograniczaj\u0105c\u0105 sympati\u0105 do podtypu receptora 5-HT1A. Wi\u0105\u017ce si\u0119 z 5-HT2A i pod\u0105\u017ca za receptorami aminowymi, prawdopodobnie po\u015brednicz\u0105c w efektach halucynogennych przy u\u017cyciu tego ostatniego. Dodatkowo pami\u0119ta si\u0119, \u017ce hamowanie wychwytu zwrotnego neuroprzeka\u017anik\u00f3w, na przyk\u0142ad noradrenaliny i dopaminy, jest powi\u0105zane ze zdolno\u015bciami 5-MeO-DMT.<\/p>\n<h3><strong>Kup wysokiej jako\u015bci 5-MeO-DMT<\/strong><\/h3>\n<p>TRRCSHOP posiada wieloletnie do\u015bwiadczenie w bran\u017cy projektant\u00f3w substancji chemicznych do bada\u0144, co pozwala nam zapewni\u0107 najwy\u017csz\u0105 jako\u015b\u0107 tych substancji chemicznych do bada\u0144. Zesp\u00f3\u0142 badawczy zajmuj\u0105cy si\u0119 chemi\u0105 zajmuje si\u0119 sprzeda\u017c\u0105 kopenu w formie wolnej zasady 5-MeO-DMT. Chemikalia badawcze, w tym wolne zasady 5-MeO-DMT, spe\u0142niaj\u0105 wszelkie wymogi bezpiecze\u0144stwa. Chemikalia badawcze s\u0105 starannie dystrybuowane i przechowywane w ch\u0142odnym, suchym miejscu.<\/p>\n<p>Wszystkie produkty s\u0105 regularnie kontrolowane pod k\u0105tem jako\u015bci, czysto\u015bci i bezpiecze\u0144stwa. Zawsze przechowuj woln\u0105 zasad\u0119 5-MeO-DMT w temperaturze pokojowej i poza zasi\u0119giem dzieci i zwierz\u0105t domowych. Nasza darmowa baza 5-MeO-DMT nie jest przeznaczona do u\u017cytku osobistego. S\u0142u\u017cy wy\u0142\u0105cznie celom badawczym.<\/p>\n<p>Podczas bada\u0144 tej substancji chemicznej nie mo\u017cna jej miesza\u0107 z alkoholem ani chemikaliami badawczymi!<\/p>\n<p>Wszystkie nasze produkty maj\u0105 uczciw\u0105 cen\u0119!<\/p>\n<h3><strong>Testowana laboratoryjnie wolna zasada 5-MeO-DMT z wynikami.<\/strong><\/h3>\n<p>Przerabia post\u0119p w kierunku og\u00f3lnego spe\u0142nienia swoich klient\u00f3w. R\u00f3\u017cne badania wykaza\u0142y, \u017ce klienci przed zakupem syntetycznych substancji chemicznych do cel\u00f3w badawczych \u017c\u0105daj\u0105 tyle danych, ile si\u0119 spodziewaj\u0105. Ponadto publikujemy wszystkie konsekwencje laboratoryjne ka\u017cdego zwi\u0105zku badawczego w pliku PDF.<\/p>\n<p>Nasza wolna zasada 5-MeO-DMT konsekwentnie spe\u0142nia sk\u0142adniki aktywne i mo\u017ce by\u0107 \u0142atwo zauwa\u017cona przez ka\u017cdego.<\/p>\n<p>Wszystkie konsekwencje laboratoryjne ka\u017cdej badanej substancji chemicznej rozpowszechniamy w dokumencie PDF.<\/p>\n<h3><strong>Bezpiecznie zamawiaj z darmowej bazy 5-MeO-DMT.<\/strong><\/h3>\n<p>Designerskie chemikalia badawcze TRRCSHOP s\u0105 doskona\u0142ej jako\u015bci i maj\u0105 uczciw\u0105 cen\u0119. Dlatego te\u017c, gdy poprosisz o swoje\u00a0<strong>Wolna zasada 5-MeO-DMT\u00a0<\/strong>w TRRCSHOP gwarantujemy, \u017ce szybko i bezpiecznie przeka\u017cemy Twoj\u0105 pro\u015bb\u0119 do Twojego domu.<\/p>\n<p>Zamawianie syntetycznych zwi\u0105zk\u00f3w badawczych za pomoc\u0105 Bitcoina lub przelewu bankowego jest proste w TRRCSHOP.<\/p>\n<p>Wysy\u0142amy darmow\u0105 baz\u0119 5-MeO-DMT tego samego dnia roboczego, je\u015bli p\u0142atno\u015b\u0107 zostanie otrzymana przed godzin\u0105 14:00 CEST. Zwykle nie wysy\u0142amy w soboty, niedziele ani \u015bwi\u0119ta pa\u0144stwowe\/mi\u0119dzynarodowe<strong>.<\/strong><\/p>\n<h3><strong>Dyskretna wysy\u0142ka chemikali\u00f3w badawczych.<\/strong><\/h3>\n<p>Mimo \u017ce designerskie chemikalia badawcze s\u0105 legalnie dost\u0119pne w Internecie, w Rchemshop dostarczamy je najbezpieczniej i rozs\u0105dniej. Co wi\u0119cej, pakujemy z doskona\u0142\u0105 dyskrecj\u0105, a na zewn\u0105trz nie wida\u0107 \u017cadnych \u015blad\u00f3w tego, co mo\u017ce znajdowa\u0107 si\u0119 w \u015brodku.<\/p>\n<p>Wysy\u0142amy zam\u00f3wienia powy\u017cej 500 euro z funkcj\u0105 \u015bledzenia i \u015bledzenia, dzi\u0119ki czemu mo\u017cesz stopniowo \u015bledzi\u0107 sw\u00f3j pakiet. Zam\u00f3wienia powy\u017cej 500 euro wysy\u0142amy dost\u0119pn\u0105 tras\u0105.<\/p>\n<p>Nie dostarczamy artyku\u0142\u00f3w osobom poni\u017cej 18 roku \u017cycia!<\/p>\n<h3><strong>\u015arodki ostro\u017cno\u015bci<\/strong><\/h3>\n<ul>\n<li>Kup chemi\u0119 badawcz\u0105 5-MeO-DMT wraz z odpowiednim sprz\u0119tem ochrony indywidualnej, takim jak okulary i r\u0119kawice. Czy\u015b\u0107 je i piel\u0119gnuj w odpowiedni spos\u00f3b. Post\u0119puj zgodnie z bezpiecznymi systemami podczas post\u0119powania z chemikaliami badawczymi i nie id\u017a na skr\u00f3ty.<\/li>\n<li>Je\u015bli badana substancja chemiczna wejdzie w kontakt z oczami, nale\u017cy je dobrze przep\u0142uka\u0107 i w razie potrzeby wyeliminowa\u0107 soczewki kontaktowe.<\/li>\n<li>Staraj si\u0119 u\u017cywa\u0107 maski podczas u\u017cywania tych chemikali\u00f3w, aby nie dosta\u0142y si\u0119 do \u015brodka podczas oddychania.<\/li>\n<li>Jak wskazuj\u0105 obs\u0142ugiwane metody, nale\u017cy bezpiecznie obchodzi\u0107 si\u0119 z materia\u0142ami niebezpiecznymi, przechowywa\u0107 je i utylizowa\u0107. Nigdy nie wylewaj ich do \u015bciek\u00f3w lub kana\u0142\u00f3w.<\/li>\n<li>Przechowuj chemikalia badawcze w odpowiedni spos\u00f3b, zgodnie z ich nazwami. \u0141atwopalne chemikalia nale\u017cy przechowywa\u0107 w doskona\u0142ej, suchej marihuanie, z dala od intensywno\u015bci i \u015bwiat\u0142a dziennego. Niekt\u00f3re syntetyki, np. kwasy, nale\u017cy usuwa\u0107 niezale\u017cnie od siebie.<\/li>\n<li>TRRCSHOP oferowany do cel\u00f3w badawczych; spo\u017cycie przez ludzi jest surowo zabronione.<\/li>\n<\/ul>","protected":false},"excerpt":{"rendered":"<p><strong>Nazwa IUPAC: <\/strong>2-(5-metoksy-1H-indol-3-ilo)-N,N-dimetyloetaanamina<\/p>\n<p><strong>CAS # <\/strong>1019-45-0<\/p>\n<p><strong>Inna nazwa: <\/strong>5-metoksy-N,N-dimetylotryptamina<\/p>\n<p><strong>Wygl\u0105d: <\/strong>proszek<\/p>\n<p><strong>Formularz: <\/strong>wolna baza<\/p>\n<p><strong>Analiza NMR: <\/strong>C13H18N2O<\/p>","protected":false},"featured_media":8775,"comment_status":"open","ping_status":"closed","template":"","meta":[],"product_brand":[],"product_cat":[96],"product_tag":[],"class_list":{"0":"post-8728","1":"product","2":"type-product","3":"status-publish","4":"has-post-thumbnail","6":"product_cat-buy-tryptamines-online","8":"first","9":"instock","10":"shipping-taxable","11":"purchasable","12":"product-type-variable"},"jetpack_sharing_enabled":true,"_links":{"self":[{"href":"https:\/\/rezeptfrei-apotheke.net\/pl\/wp-json\/wp\/v2\/product\/8728","targetHints":{"allow":["GET"]}}],"collection":[{"href":"https:\/\/rezeptfrei-apotheke.net\/pl\/wp-json\/wp\/v2\/product"}],"about":[{"href":"https:\/\/rezeptfrei-apotheke.net\/pl\/wp-json\/wp\/v2\/types\/product"}],"replies":[{"embeddable":true,"href":"https:\/\/rezeptfrei-apotheke.net\/pl\/wp-json\/wp\/v2\/comments?post=8728"}],"wp:featuredmedia":[{"embeddable":true,"href":"https:\/\/rezeptfrei-apotheke.net\/pl\/wp-json\/wp\/v2\/media\/8775"}],"wp:attachment":[{"href":"https:\/\/rezeptfrei-apotheke.net\/pl\/wp-json\/wp\/v2\/media?parent=8728"}],"wp:term":[{"taxonomy":"product_brand","embeddable":true,"href":"https:\/\/rezeptfrei-apotheke.net\/pl\/wp-json\/wp\/v2\/product_brand?post=8728"},{"taxonomy":"product_cat","embeddable":true,"href":"https:\/\/rezeptfrei-apotheke.net\/pl\/wp-json\/wp\/v2\/product_cat?post=8728"},{"taxonomy":"product_tag","embeddable":true,"href":"https:\/\/rezeptfrei-apotheke.net\/pl\/wp-json\/wp\/v2\/product_tag?post=8728"}],"curies":[{"name":"wp","href":"https:\/\/api.w.org\/{rel}","templated":true}]}}