{"id":8729,"date":"2023-10-21T10:59:44","date_gmt":"2023-10-21T10:59:44","guid":{"rendered":"https:\/\/rezeptfrei-apotheke.net\/?post_type=product&#038;p=8729"},"modified":"2023-10-30T20:38:30","modified_gmt":"2023-10-30T20:38:30","slug":"ept","status":"publish","type":"product","link":"https:\/\/rezeptfrei-apotheke.net\/pl\/product\/ept\/","title":{"rendered":"EPT"},"content":{"rendered":"<h2 style=\"font-weight: 500;\"><span data-contrast=\"none\">Co<\/span><span data-contrast=\"none\">\u00a0to jest EPT?\u00a0<\/span><span data-ccp-props=\"{}\">\u00a0<\/span><\/h2>\n<p><span data-contrast=\"none\">EPT jest skr\u00f3tem od\u00a0<\/span><span data-contrast=\"auto\">N-etylo-N-<\/span><span data-contrast=\"auto\">propylotryptamina<\/span><span data-contrast=\"auto\">. Nale\u017cy do klasy substancji chemicznych tryptaminy. EPT jest stosunkowo now\u0105 i stosunkowo ma\u0142o znan\u0105 tryptamin\u0105. W rzeczywisto\u015bci pierwotna data syntezy EPT jest nieznana. Jednak\u017ce jest dost\u0119pny w sprzeda\u017cy na rynku badawczym od 2016 roku. Wyniki bada\u0144 laboratoryjnych eksperyment\u00f3w EPT s\u0105 zazwyczaj opisywane jako mniej intensywne ni\u017c w przypadku innych tryptamin, takich jak DMT, DET i DPT. Je\u015bli wi\u0119c szukasz \u0142agodniejszej alternatywy dla DMT, DET lub DPT, to EPT jest dla Ciebie solidn\u0105 opcj\u0105.\u00a0<\/span><span data-ccp-props=\"{}\">\u00a0<\/span><\/p>\n<p style=\"font-weight: 400;\">\n<h2 style=\"font-weight: 500;\"><span data-contrast=\"none\">Gdzie kupi\u0107 EPT?\u00a0<\/span><span data-ccp-props=\"{}\">\u00a0<\/span><\/h2>\n<p><span data-contrast=\"none\">Chemical Planet jest jednym z wiod\u0105cych dostawc\u00f3w EPT. Sprzedajemy EPT w obu formatach\u00a0<\/span><span data-contrast=\"none\">hcl<\/span><span data-contrast=\"none\">\u00a0i fumaran w postaci proszku. Je\u015bli jednak wolisz inne formy substancji chemicznej, skontaktuj si\u0119 z nami, aby sprawdzi\u0107, czy mamy j\u0105 dost\u0119pn\u0105.\u00a0<\/span><span data-ccp-props=\"{}\">\u00a0<\/span><\/p>\n<p><span data-contrast=\"none\">Aby kupi\u0107 EPT od Chemical Planet, musisz posiada\u0107 legalne pozwolenie w swoim kraju i mie\u0107 uko\u0144czone 18 lat. Nasze EPT jest przeznaczone wy\u0142\u0105cznie do cel\u00f3w badawczych. Nie jest przeznaczony do u\u017cytku przez zwierz\u0119ta ani ludzi.\u00a0<\/span><span data-ccp-props=\"{}\">\u00a0<\/span><\/p>\n<p><span data-ccp-props=\"{}\">\u00a0<\/span><\/p>\n<h2 style=\"font-weight: 500;\"><span data-contrast=\"none\">Legalno\u015b\u0107 EPT<\/span><span data-ccp-props=\"{}\">\u00a0<\/span><\/h2>\n<p><span data-contrast=\"none\">EPT jest lekiem klasy A w Wielkiej Brytanii. W Stanach Zjednoczonych jest to nieplanowane. Jednak\u017ce potencjalnie mo\u017cna go uzna\u0107 za analog DMT, kt\u00f3ry jest lekiem z Wykazu I.<\/span><\/p>","protected":false},"excerpt":{"rendered":"<p><strong>Nazwa IUPAC: <\/strong>3-[2-(etylo(propylo)amino)etylo]-1H-indol<\/p>\n<p><strong>Inna nazwa: <\/strong>N-Etylo-N-propylotryptamina<\/p>\n<p><strong>Wygl\u0105d: <\/strong>proszek<\/p>\n<p><strong>Formularz: <\/strong>fumaran<\/p>\n<p><strong>Analiza NMR: <\/strong>Nie dotyczy<\/p>","protected":false},"featured_media":8776,"comment_status":"open","ping_status":"closed","template":"","meta":[],"product_brand":[],"product_cat":[96],"product_tag":[],"class_list":{"0":"post-8729","1":"product","2":"type-product","3":"status-publish","4":"has-post-thumbnail","6":"product_cat-buy-tryptamines-online","8":"first","9":"instock","10":"shipping-taxable","11":"purchasable","12":"product-type-variable"},"jetpack_sharing_enabled":true,"_links":{"self":[{"href":"https:\/\/rezeptfrei-apotheke.net\/pl\/wp-json\/wp\/v2\/product\/8729","targetHints":{"allow":["GET"]}}],"collection":[{"href":"https:\/\/rezeptfrei-apotheke.net\/pl\/wp-json\/wp\/v2\/product"}],"about":[{"href":"https:\/\/rezeptfrei-apotheke.net\/pl\/wp-json\/wp\/v2\/types\/product"}],"replies":[{"embeddable":true,"href":"https:\/\/rezeptfrei-apotheke.net\/pl\/wp-json\/wp\/v2\/comments?post=8729"}],"wp:featuredmedia":[{"embeddable":true,"href":"https:\/\/rezeptfrei-apotheke.net\/pl\/wp-json\/wp\/v2\/media\/8776"}],"wp:attachment":[{"href":"https:\/\/rezeptfrei-apotheke.net\/pl\/wp-json\/wp\/v2\/media?parent=8729"}],"wp:term":[{"taxonomy":"product_brand","embeddable":true,"href":"https:\/\/rezeptfrei-apotheke.net\/pl\/wp-json\/wp\/v2\/product_brand?post=8729"},{"taxonomy":"product_cat","embeddable":true,"href":"https:\/\/rezeptfrei-apotheke.net\/pl\/wp-json\/wp\/v2\/product_cat?post=8729"},{"taxonomy":"product_tag","embeddable":true,"href":"https:\/\/rezeptfrei-apotheke.net\/pl\/wp-json\/wp\/v2\/product_tag?post=8729"}],"curies":[{"name":"wp","href":"https:\/\/api.w.org\/{rel}","templated":true}]}}