{"id":8995,"date":"2023-10-21T11:00:54","date_gmt":"2023-10-21T11:00:54","guid":{"rendered":"https:\/\/rezeptfrei-apotheke.net\/?post_type=product&#038;p=8995"},"modified":"2025-11-01T23:20:28","modified_gmt":"2025-11-01T23:20:28","slug":"buy-4-ho-malt","status":"publish","type":"product","link":"https:\/\/rezeptfrei-apotheke.net\/pl\/product\/buy-4-ho-malt\/","title":{"rendered":"4-ACO-MALT"},"content":{"rendered":"<h2><strong>KUPI\u0118 4-HO-MALT<\/strong><\/h2>\n<p>4-HO-MALT znany r\u00f3wnie\u017c jako 4-Acetoksy-MALT jest stosunkowo rzadk\u0105 i bardzo rzadk\u0105 substancj\u0105 z klasy tryptaminy i jest podobny do 4-acetoksy-DMT i 5-MeO-MALT. Struktura molekularna i dzia\u0142anie farmakologiczne 4-HO-MALT przypominaj\u0105 nieco psilocyn\u0119 tryptaminy, kt\u00f3ra jest g\u0142\u00f3wn\u0105 psychoaktywn\u0105 substancj\u0105 chemiczn\u0105 wyst\u0119puj\u0105c\u0105 w magicznych grzybach. Grzyby psilocybinowe, lepiej znane jako grzyby magiczne, grzyby psychodeliczne, grzyby magiczne i grzyby to rodzina grzyb\u00f3w psychoaktywnych zawieraj\u0105cych psilocybin\u0119, psychodeliczn\u0105 klas\u0119 tryptaminy. Psylocyna jest naturalnie wyst\u0119puj\u0105c\u0105 substancj\u0105 psychodeliczn\u0105 i g\u0142\u00f3wnym sk\u0142adnikiem psychoaktywnym niekt\u00f3rych gatunk\u00f3w grzyb\u00f3w. Grzyby psilocybinowe wyst\u0119puj\u0105 na wszystkich kontynentach i dzieli si\u0119 je na ponad 200 gatunk\u00f3w.<\/p>\n<p>&nbsp;<\/p>\n<h2><strong>JAK STOSOWA\u0106 PROSZEK 4-HO-MALTU?<\/strong><\/h2>\n<p>Kup 4-HO-MALT i jedn\u0105 z najlepszych psychodelicznych tryptaminy online w najwy\u017cszej jako\u015bci formie proszku. 4-HO-MALT dost\u0119pny jest w ilo\u015bciach 0,25gr, 0,5gr, 1gr i 2gr. Aby zapewni\u0107 maksymalny okres przydatno\u015bci do spo\u017cycia, nale\u017cy przechowywa\u0107 proszek 4-HO-MALT w suchym i ch\u0142odnym miejscu. Podczas obchodzenia si\u0119 z chemikaliami badawczymi nale\u017cy zawsze zachowa\u0107 w laboratorium odpowiednie \u015brodki ostro\u017cno\u015bci, takie jak wycieranie powierzchni i noszenie r\u0119kawiczek, maski i odzie\u017cy ochronnej. Zdecydowanie zalecamy stosowanie praktyk redukcji szk\u00f3d podczas korzystania z chemikali\u00f3w badawczych.<\/p>\n<p>&nbsp;<\/p>\n<h2><strong>DEFINICJA 4-HO-MALT<\/strong><\/h2>\n<p>Definicja 4-HO-MALT jest oficjalnie znana jako 4-Acetoksy-MALT i jest stosunkowo rzadk\u0105 i bardzo rzadk\u0105 substancj\u0105 z klasy tryptaminy.<\/p>\n<p>&nbsp;<\/p>\n<h2><strong>INFORMACJE PODSTAWOWE CHEMII 4-HO-MALT<\/strong><\/h2>\n<p>4-HO-MALT jest podobny do 4-acetoksy-DMT i 5-MeO-MALT. Struktura molekularna i dzia\u0142anie farmakologiczne 4-acetoksy-MALT przypominaj\u0105 nieco te psilocyny tryptaminy, kt\u00f3ra jest g\u0142\u00f3wn\u0105 psychoaktywn\u0105 substancj\u0105 chemiczn\u0105 wyst\u0119puj\u0105c\u0105 w magicznych grzybach. Psylocybina jest chemicznie spokrewniona z aminokwasem tryptofanem i strukturalnie podobna do neuroprzeka\u017anika serotoniny. Substancje z klasy tryptaminy maj\u0105 wsp\u00f3lny rdze\u0144 bicyklicznego cyklu indolowego.<\/p>\n<p>&nbsp;<\/p>\n<h2><strong>GDZIE KUPI\u0106 4-HO-MALT<\/strong><\/h2>\n<p>4-HO-MALT mo\u017cna kupi\u0107 tutaj na stronie <a href=\"https:\/\/rezeptfrei-apotheke.net\/pl\/\">rchemshop<\/a> strona internetowa. Sprzedajemy najwy\u017cszej jako\u015bci 4-HO-MALT, zazwyczaj w proszku. Cz\u0119sto jednak mamy dost\u0119pne inne formy substancji, wi\u0119c skontaktuj si\u0119 z nami, aby sprawdzi\u0107, czy mamy na stanie preferowan\u0105 form\u0119 substancji. Aby kupi\u0107 u nas 4-HO-MALT musisz mie\u0107 uko\u0144czone 18 lat.<\/p>","protected":false},"excerpt":{"rendered":"<p><strong>Nazwa IUPAC: <\/strong>Octan 3-(2-(allilo(metylo)amino)etylo)-1H-indol-4-ilu<\/p>\n<p><strong>Inna nazwa: <\/strong>4-Acetoksy-MALT<\/p>\n<p><strong>Analiza NMR: <\/strong>C16H20N2O2<\/p>","protected":false},"featured_media":9018,"comment_status":"open","ping_status":"closed","template":"","meta":[],"product_brand":[],"product_cat":[96],"product_tag":[],"class_list":{"0":"post-8995","1":"product","2":"type-product","3":"status-publish","4":"has-post-thumbnail","6":"product_cat-buy-tryptamines-online","8":"first","9":"instock","10":"shipping-taxable","11":"purchasable","12":"product-type-variable"},"jetpack_sharing_enabled":true,"_links":{"self":[{"href":"https:\/\/rezeptfrei-apotheke.net\/pl\/wp-json\/wp\/v2\/product\/8995","targetHints":{"allow":["GET"]}}],"collection":[{"href":"https:\/\/rezeptfrei-apotheke.net\/pl\/wp-json\/wp\/v2\/product"}],"about":[{"href":"https:\/\/rezeptfrei-apotheke.net\/pl\/wp-json\/wp\/v2\/types\/product"}],"replies":[{"embeddable":true,"href":"https:\/\/rezeptfrei-apotheke.net\/pl\/wp-json\/wp\/v2\/comments?post=8995"}],"wp:featuredmedia":[{"embeddable":true,"href":"https:\/\/rezeptfrei-apotheke.net\/pl\/wp-json\/wp\/v2\/media\/9018"}],"wp:attachment":[{"href":"https:\/\/rezeptfrei-apotheke.net\/pl\/wp-json\/wp\/v2\/media?parent=8995"}],"wp:term":[{"taxonomy":"product_brand","embeddable":true,"href":"https:\/\/rezeptfrei-apotheke.net\/pl\/wp-json\/wp\/v2\/product_brand?post=8995"},{"taxonomy":"product_cat","embeddable":true,"href":"https:\/\/rezeptfrei-apotheke.net\/pl\/wp-json\/wp\/v2\/product_cat?post=8995"},{"taxonomy":"product_tag","embeddable":true,"href":"https:\/\/rezeptfrei-apotheke.net\/pl\/wp-json\/wp\/v2\/product_tag?post=8995"}],"curies":[{"name":"wp","href":"https:\/\/api.w.org\/{rel}","templated":true}]}}