{"id":8997,"date":"2023-10-21T11:00:54","date_gmt":"2023-10-21T11:00:54","guid":{"rendered":"https:\/\/rezeptfrei-apotheke.net\/?post_type=product&#038;p=8997"},"modified":"2025-09-17T03:09:10","modified_gmt":"2025-09-17T03:09:10","slug":"dpt-hcl","status":"publish","type":"product","link":"https:\/\/rezeptfrei-apotheke.net\/pl\/product\/dpt-hcl\/","title":{"rendered":"DPT HCL"},"content":{"rendered":"<h2><strong>Co to jest DPT<\/strong><strong>?<\/strong><\/h2>\n<p>Kup DPT lub Dipropyltryptamin\u0119 lub N,N-Dipropyltryptamin\u0119 nale\u017cy do klasy tryptaminy. DPT jest substancj\u0105 chemiczn\u0105, o kt\u00f3rej m\u00f3wi si\u0119, \u017ce wywo\u0142uje silne zmiany psychodeliczne. Jest kojarzona z dzia\u0142aniem wzmacniaj\u0105cym duchowo, synonimem DMT i Ayahuaski. Anegdotyczne doniesienia wspominaj\u0105 o do\u015bwiadczeniach takich jak everestizm, predeterminizm i postrzegane wystawienie na dzia\u0142anie wewn\u0119trznej mechaniki \u015bwiadomo\u015bci. Ze wzgl\u0119du na si\u0142\u0119 DPT nie zaleca si\u0119 testowania na uczestnikach z niewielkim do\u015bwiadczeniem psychodelicznym. Raporty m\u00f3wi\u0105, \u017ce jest bardzo podobny do DMT zar\u00f3wno pod wzgl\u0119dem skutk\u00f3w, jak i nieprzewidywalno\u015bci skutk\u00f3w ubocznych. DPT mo\u017ce powodowa\u0107 wysoce nieprzewidywalne skutki, dlatego przed rozpocz\u0119ciem eksperyment\u00f3w nale\u017cy wdro\u017cy\u0107 \u015brodki redukcji szk\u00f3d. Nale\u017cy zauwa\u017cy\u0107, \u017ce DPT nie jest przeznaczony do spo\u017cycia przez ludzi; nale\u017cy podj\u0105\u0107 odpowiednie \u015brodki w przypadku prowadzenia bada\u0144 eksperymentalnych.<\/p>\n<h2><strong>W\u0142a\u015bciwo\u015bci chemiczne DPT<\/strong><\/h2>\n<p>Wz\u00f3r chemiczny: C16H24N2<\/p>\n<p>Masa molowa: 244,37 g\/mol<\/p>\n<p>DPT nale\u017cy do klasy tryptaminy, jest syntetyczn\u0105 cz\u0105steczk\u0105 indolu. Wszystkie tryptaminy maj\u0105 wsp\u00f3ln\u0105 struktur\u0119 rdzenia, kt\u00f3ra sk\u0142ada si\u0119 z bicyklicznego heterocyklu indolowego, kt\u00f3ry mo\u017cna znale\u017a\u0107 przy R3 poprzez boczny \u0142a\u0144cuch etylowy do grupy aminowej. W DPT zwi\u0105zanym z ko\u0144cow\u0105 grup\u0105 aminy RN szkieletu tryptaminowego mo\u017cna znale\u017a\u0107 dwa propylowo-w\u0119glowe \u0142a\u0144cuchy.<\/p>\n<h2><strong>U\u017cycie DPT<\/strong><\/h2>\n<p>Chocia\u017c przeprowadzono niewiele bada\u0144 nad DPT, wydaje si\u0119, \u017ce istnieje pewna sp\u00f3jno\u015b\u0107 co do wp\u0142ywu badanej substancji chemicznej na uczestnik\u00f3w bada\u0144 eksperymentalnych.<\/p>\n<p>Poni\u017cej przedstawiono niekt\u00f3re potencjalne skutki DPT. Ze wzgl\u0119du na brak bada\u0144 przeprowadzonych na temat DPT, lista ta nie jest wyczerpuj\u0105ca:<\/p>\n<ul>\n<li>Fizyczna euforia<\/li>\n<li>Zmiany odczuwalnej grawitacji<\/li>\n<li>Zmiany w odczuwalnej formie cielesnej<\/li>\n<li>Poprawa kontroli cia\u0142a<\/li>\n<li>Wp\u0142yw dryfu na percepcj\u0119 wzrokow\u0105 (morfing, topienie, p\u0142yni\u0119cie, oddychanie)<\/li>\n<\/ul>\n<h2><strong>Jakie s\u0105 potencjalne skutki uboczne DPT?<\/strong><\/h2>\n<p>Wa\u017cne jest, aby zachowa\u0107 ostro\u017cno\u015b\u0107 podczas eksperyment\u00f3w z DPT ze wzgl\u0119du na brak dost\u0119pnych bada\u0144 na temat tej substancji chemicznej i jej wp\u0142ywu na ludzi.<\/p>\n<p>Poni\u017csza lista nie jest wyczerpuj\u0105c\u0105 list\u0105 potencjalnych skutk\u00f3w ubocznych DPT, ale daje wyobra\u017cenie o potencjalnych skutkach ubocznych, kt\u00f3re mog\u0105 wyst\u0105pi\u0107 podczas prowadzenia bada\u0144 z t\u0105 substancj\u0105 chemiczn\u0105.<\/p>\n<p><strong>Niekt\u00f3re ze znanych skutk\u00f3w ubocznych DPT obejmuj\u0105:<\/strong><\/p>\n<ul>\n<li><strong>Utrata kontroli silnika:\u00a0<\/strong>wydaje si\u0119, \u017ce jest to cz\u0119sty efekt uboczny substancji takich jak DPT.<\/li>\n<li><strong>Rozszerzenie \u017arenic:\u00a0<\/strong>Donoszono, \u017ce pod wp\u0142ywem DPT uczestnicy mieli wi\u0119ksze \u017arenice ni\u017c normalnie.<\/li>\n<li><strong>Zaczerwienienie sk\u00f3ry:<\/strong>\u00a0Zaczerwienienie sk\u00f3ry i uczucie gor\u0105ca to kolejny potencjalny efekt uboczny.<\/li>\n<li><strong>Dezorientacja przestrzenna:\u00a0<\/strong>powszechne w\u015br\u00f3d efekt\u00f3w lek\u00f3w z rodziny tryptaminy, zw\u0142aszcza w przypadku silniejszych psychodelik\u00f3w.<\/li>\n<\/ul>\n<h2><strong>Tolerancja DPT<\/strong><\/h2>\n<p>M\u00f3wi si\u0119, \u017ce tolerancja na DPT jest podobna do tolerancji DMT. Dlatego w ci\u0105gu 2 godzin uczestnik wraca do stanu wyj\u015bciowego. W przeciwie\u0144stwie do wielu innych tryptamin, stosowanie DPT nie powoduje \u017cadnych konflikt\u00f3w tolerancji krzy\u017cowej z innymi psychedelikami, dlatego ich si\u0142a pozostanie taka sama.<\/p>\n<h2><strong>Legalno\u015b\u0107:<\/strong><\/h2>\n<p><strong>Wielka Brytania<\/strong>\u00a0\u2013 DPT jest lekiem klasy A.<\/p>\n<p><strong>Niemcy \u2013\u00a0<\/strong>DPT jest kontrolowane w ramach NpSG.<\/p>\n<p><strong>Szwajcaria \u2013\u00a0<\/strong>znajdziesz j\u0105 jako substancj\u0119 kontrolowan\u0105 w Szwajcarii pod nazw\u0105 Verzeichnis E.<\/p>\n<p><strong>Szwecja \u2013\u00a0<\/strong>DPT jest substancj\u0105 kontrolowan\u0105 od 2016 roku w Szwecji.<\/p>\n<p><strong>Stany Zjednoczone \u2013\u00a0<\/strong>DPT jest lekiem nieplanowanym, jednak jest odpowiednikiem DET, kt\u00f3ry jest narkotykiem sklasyfikowanym w USA. Dlatego eksperymentator mo\u017ce mie\u0107 k\u0142opoty z prawem na mocy federalnej ustawy o analogach.<\/p>\n<h2><strong>Gdzie kupi\u0107 <\/strong><strong>DPT HCL<\/strong><strong>?<\/strong><\/h2>\n<p>W Chemical Planet oferujemy wysokiej jako\u015bci DPT. Wszystkie nasze chemikalia s\u0105 testowane przez strony trzecie. Nie sprzedajemy \u017cadnych \u015brodk\u00f3w chemicznych przeznaczonych do spo\u017cycia przez ludzi. Aby dokona\u0107 zakupu, musisz mie\u0107 uko\u0144czone 18 lat <a href=\"https:\/\/rezeptfrei-apotheke.net\/pl\/\">Rchemshop<\/a><\/p>","protected":false},"excerpt":{"rendered":"<p><strong>Nazwa IUPAC: <\/strong>N-[2-(1H-indol-3-ilo)]etylo-N-propylopropan-1-amina<\/p>\n<p><strong>CAS # <\/strong>61-52-9<\/p>\n<p><strong>Inna nazwa: <\/strong>N,N-Dipropylotryptamina<\/p>\n<p><strong>Wygl\u0105d: <\/strong>proszek<\/p>\n<p><strong>Formularz: <\/strong>hcl<\/p>\n<p><strong>Analiza NMR: <\/strong>C16H24N2<\/p>","protected":false},"featured_media":9020,"comment_status":"open","ping_status":"closed","template":"","meta":[],"product_brand":[],"product_cat":[96],"product_tag":[],"class_list":{"0":"post-8997","1":"product","2":"type-product","3":"status-publish","4":"has-post-thumbnail","6":"product_cat-buy-tryptamines-online","8":"first","9":"instock","10":"shipping-taxable","11":"purchasable","12":"product-type-variable"},"jetpack_sharing_enabled":true,"_links":{"self":[{"href":"https:\/\/rezeptfrei-apotheke.net\/pl\/wp-json\/wp\/v2\/product\/8997","targetHints":{"allow":["GET"]}}],"collection":[{"href":"https:\/\/rezeptfrei-apotheke.net\/pl\/wp-json\/wp\/v2\/product"}],"about":[{"href":"https:\/\/rezeptfrei-apotheke.net\/pl\/wp-json\/wp\/v2\/types\/product"}],"replies":[{"embeddable":true,"href":"https:\/\/rezeptfrei-apotheke.net\/pl\/wp-json\/wp\/v2\/comments?post=8997"}],"wp:featuredmedia":[{"embeddable":true,"href":"https:\/\/rezeptfrei-apotheke.net\/pl\/wp-json\/wp\/v2\/media\/9020"}],"wp:attachment":[{"href":"https:\/\/rezeptfrei-apotheke.net\/pl\/wp-json\/wp\/v2\/media?parent=8997"}],"wp:term":[{"taxonomy":"product_brand","embeddable":true,"href":"https:\/\/rezeptfrei-apotheke.net\/pl\/wp-json\/wp\/v2\/product_brand?post=8997"},{"taxonomy":"product_cat","embeddable":true,"href":"https:\/\/rezeptfrei-apotheke.net\/pl\/wp-json\/wp\/v2\/product_cat?post=8997"},{"taxonomy":"product_tag","embeddable":true,"href":"https:\/\/rezeptfrei-apotheke.net\/pl\/wp-json\/wp\/v2\/product_tag?post=8997"}],"curies":[{"name":"wp","href":"https:\/\/api.w.org\/{rel}","templated":true}]}}