{"id":8998,"date":"2023-10-21T11:00:54","date_gmt":"2023-10-21T11:00:54","guid":{"rendered":"https:\/\/rezeptfrei-apotheke.net\/?post_type=product&#038;p=8998"},"modified":"2025-09-17T03:08:03","modified_gmt":"2025-09-17T03:08:03","slug":"5-meo-dipt-2","status":"publish","type":"product","link":"https:\/\/rezeptfrei-apotheke.net\/pl\/product\/5-meo-dipt-2\/","title":{"rendered":"5-MeO-DiPT"},"content":{"rendered":"<div class=\"wpb-content-wrapper\"><div class=\"vc_row wpb_row vc_row-fluid\"><div class=\"wpb_column vc_column_container vc_col-sm-12\"><div class=\"vc_column-inner\"><div class=\"wpb_wrapper\">\n\t<div class=\"wpb_text_column wpb_content_element\" >\n\t\t<div class=\"wpb_wrapper\">\n\t\t\t<h2><strong>Co to jest 5-MeO-DiPT?<\/strong><\/h2>\n<p>5-MeO-DiPT, znany r\u00f3wnie\u017c potocznie jako Foxy i Foxy Metoxy, jest lekiem psychodelicznym z klasy tryptaminy. Po raz pierwszy zosta\u0142a zsyntetyzowana w po\u0142owie lat 70. XX wieku przez Aleksandra Shulgina, a szczeg\u00f3\u0142owy raport zosta\u0142 zawarty w jego ksi\u0105\u017cce TiHKAL z 1997 r. (Tryptamina, kt\u00f3r\u0105 pozna\u0142em i pokocha\u0142em).<\/p>\n<p>Chocia\u017c przeprowadzono ograniczone badania tej substancji, niepotwierdzone doniesienia wskazuj\u0105, \u017ce brakuje jej typowych w\u0142a\u015bciwo\u015bci halucynogennych wyst\u0119puj\u0105cych w innych, bardziej popularnych tryptaminach, takich jak meskalina i LSD. Zamiast tego znany jest z wysoce stymuluj\u0105cych i entaktogennych efekt\u00f3w laboratoryjnych.<\/p>\n<p>Nale\u017cy zauwa\u017cy\u0107, \u017ce 5-MeO-DiPT nie zosta\u0142 dopuszczony do spo\u017cycia przez ludzi i jest dost\u0119pny wy\u0142\u0105cznie jako substancja chemiczna do bada\u0144.<\/p>\n<h2><\/h2>\n\n\t\t<\/div>\n\t<\/div>\n<\/div><\/div><\/div><\/div>\n<\/div>","protected":false},"excerpt":{"rendered":"<p><strong>Nazwa IUPAC: <\/strong>3-[2-(diizopropyloamino)etylo]indol<\/p>\n<p><strong>CAS # <\/strong>zero<\/p>\n<p><strong>Inna nazwa: <\/strong>N,N-diizopropylotryptamina<\/p>\n<p><strong>Wygl\u0105d: <\/strong>proszek<\/p>\n<p><strong>Formularz: <\/strong>fumaran<\/p>\n<p><strong>Analiza NMR: <\/strong>Nie dotyczy<\/p>","protected":false},"featured_media":9021,"comment_status":"open","ping_status":"closed","template":"","meta":[],"product_brand":[],"product_cat":[96],"product_tag":[],"class_list":{"0":"post-8998","1":"product","2":"type-product","3":"status-publish","4":"has-post-thumbnail","6":"product_cat-buy-tryptamines-online","8":"first","9":"instock","10":"shipping-taxable","11":"purchasable","12":"product-type-variable"},"jetpack_sharing_enabled":true,"_links":{"self":[{"href":"https:\/\/rezeptfrei-apotheke.net\/pl\/wp-json\/wp\/v2\/product\/8998","targetHints":{"allow":["GET"]}}],"collection":[{"href":"https:\/\/rezeptfrei-apotheke.net\/pl\/wp-json\/wp\/v2\/product"}],"about":[{"href":"https:\/\/rezeptfrei-apotheke.net\/pl\/wp-json\/wp\/v2\/types\/product"}],"replies":[{"embeddable":true,"href":"https:\/\/rezeptfrei-apotheke.net\/pl\/wp-json\/wp\/v2\/comments?post=8998"}],"wp:featuredmedia":[{"embeddable":true,"href":"https:\/\/rezeptfrei-apotheke.net\/pl\/wp-json\/wp\/v2\/media\/9021"}],"wp:attachment":[{"href":"https:\/\/rezeptfrei-apotheke.net\/pl\/wp-json\/wp\/v2\/media?parent=8998"}],"wp:term":[{"taxonomy":"product_brand","embeddable":true,"href":"https:\/\/rezeptfrei-apotheke.net\/pl\/wp-json\/wp\/v2\/product_brand?post=8998"},{"taxonomy":"product_cat","embeddable":true,"href":"https:\/\/rezeptfrei-apotheke.net\/pl\/wp-json\/wp\/v2\/product_cat?post=8998"},{"taxonomy":"product_tag","embeddable":true,"href":"https:\/\/rezeptfrei-apotheke.net\/pl\/wp-json\/wp\/v2\/product_tag?post=8998"}],"curies":[{"name":"wp","href":"https:\/\/api.w.org\/{rel}","templated":true}]}}