{"id":9007,"date":"2023-10-21T11:00:55","date_gmt":"2023-10-21T11:00:55","guid":{"rendered":"https:\/\/rezeptfrei-apotheke.net\/?post_type=product&#038;p=9007"},"modified":"2026-02-15T15:21:11","modified_gmt":"2026-02-15T15:21:11","slug":"buy-4-aco-mipt-online","status":"publish","type":"product","link":"https:\/\/rezeptfrei-apotheke.net\/pl\/product\/buy-4-aco-mipt-online\/","title":{"rendered":"4-ACO-MIPT"},"content":{"rendered":"<div class=\"wpb-content-wrapper\"><div class=\"vc_row wpb_row vc_row-fluid\"><div class=\"wpb_column vc_column_container vc_col-sm-12\"><div class=\"vc_column-inner\"><div class=\"wpb_wrapper\">\n\t<div class=\"wpb_text_column wpb_content_element\" >\n\t\t<div class=\"wpb_wrapper\">\n\t\t\t<h2>Buy 4-ACO-MIPT Online<\/h2>\n<p>4-AcO-MiPT lub 4-Acetoxy-MiPT, znana r\u00f3wnie\u017c jako mipracetyna, to psychodeliczna tryptamina. W RealChems mo\u017cesz kupi\u0107 4-AcO-MiPT w najwy\u017cszej jako\u015bci postaci proszku, dost\u0119pny w ilo\u015bciach 0,25 grama, 0,5 grama, 1 grama i 2 gramy.<\/p>\n<p>Poniewa\u017c zwi\u0105zek jest stosunkowo nowy i niedostatecznie zbadany, nie ma zbyt wielu dost\u0119pnych danych farmakologicznych. Jednak\u017ce wi\u0119kszo\u015b\u0107 zwi\u0105zk\u00f3w 4-AcO i og\u00f3lnie tryptaminy s\u0105 cz\u0119sto bezpieczne, chyba \u017ce s\u0105 stosowane w nadmiarze lub powoduj\u0105 oczywiste skutki uboczne, takie jak du\u017ce obci\u0105\u017cenie organizmu.<\/p>\n<h2><strong>JAK STOSOWA\u0106 PROSZEK 4-ACO-MIPT\u00a0<\/strong><\/h2>\n<p>Realchems posiada w sprzeda\u017cy 4-AcO-MiPT w najwy\u017cszej jako\u015bci postaci proszku. Proszek 4-AcO-MiPT mo\u017cna kupi\u0107 w ilo\u015bciach 0,25 grama, 0,5 grama, 1 grama lub 2 gramy. Aby zapewni\u0107 maksymalny okres przydatno\u015bci do spo\u017cycia, nale\u017cy przechowywa\u0107 4-AcO-MiPT w suchym i ch\u0142odnym miejscu. Podczas obchodzenia si\u0119 z chemikaliami badawczymi nale\u017cy zawsze zachowa\u0107 w laboratorium odpowiednie \u015brodki ostro\u017cno\u015bci, takie jak wycieranie powierzchni i noszenie r\u0119kawiczek, maski i odzie\u017cy ochronnej.<\/p>\n<p>Dla wi\u0119kszo\u015bci 4-AcO-MiPT w postaci proszku jest najlepszym sposobem na eksperymentowanie z t\u0105 substancj\u0105. Proszek mo\u017cna stosowa\u0107 samodzielnie, eksperymentalnie, ale mo\u017cna go tak\u017ce rozcie\u0144czy\u0107 w p\u0142ynie i wymiesza\u0107 za pomoc\u0105 buteleczki z zakraplaczem. Og\u00f3lnie rzecz bior\u0105c, kupujesz lepsz\u0105 ofert\u0119, kupuj\u0105c proszek 4-AcO-MiPT, ni\u017c kupuj\u0105c inne formy, poniewa\u017c nie p\u0142acisz za koszty przygotowania produktu.<\/p>\n<h2><strong>DEFINICJA 4-ACO-MIPT<\/strong><\/h2>\n<p>Definicja leku 4-AcO-MiPT jest oficjalnie znana jako 4-Acetoksy-MiPT, okre\u015blana r\u00f3wnie\u017c jako mipracetyna, jest zwi\u0105zkiem psychodelicznym najcz\u0119\u015bciej por\u00f3wnywanym do psylocyny, czyli 4-AcO MiPT.<\/p>\n<h2><strong>INFORMACJE O CHEMII 4-ACO-MIPT<\/strong><\/h2>\n<p>Ze wzgl\u0119du na podobie\u0144stwa wsp\u00f3lne mi\u0119dzy 4-AcO-MiPT i 4-HO-MiPT, badacze spekuluj\u0105, czy 4-Acetoksy-MiPT nie ulega \u0142atwemu przekszta\u0142ceniu w 4-HO-MiPT. Jest to podobne do konwersji psilocybiny, kt\u00f3ra \u0142atwo przekszta\u0142ca si\u0119 w psylocyn\u0119.<\/p>\n<p>Z tego powodu efekty zar\u00f3wno 4-AcO-MiPT, jak i 4-HO-MiPT s\u0105 niezwykle podobne, chocia\u017c mo\u017cna si\u0119 na tej podstawie spodziewa\u0107, \u017ce wymagana do bada\u0144 ilo\u015b\u0107 4-AcO-MiPT b\u0119dzie nieco wy\u017csza. Je\u017celi substancj\u0119 rzeczywi\u015bcie mo\u017cna \u0142atwo przekszta\u0142ci\u0107 w 4-HO-MiPT, w\u00f3wczas cz\u0119\u015b\u0107 substancji prawdopodobnie zostanie utracona w procesie konwersji, w zwi\u0105zku z czym konieczna b\u0119dzie wy\u017csza dawka.<\/p>\n<h2><strong>GDZIE KUPI\u0106 4-ACO-MIPT<\/strong><\/h2>\n<p>4-AcO-MiPT mo\u017cna kupi\u0107 tutaj na stronie <a href=\"https:\/\/rezeptfrei-apotheke.net\/pl\/\">Rchemshop<\/a> Sprzedajemy najwy\u017cszej jako\u015bci 4-AcO-MiPT, zazwyczaj w proszku. Cz\u0119sto jednak mamy dost\u0119pne inne formy substancji, wi\u0119c skontaktuj si\u0119 z nami, aby sprawdzi\u0107, czy mamy na stanie preferowan\u0105 form\u0119 substancji. Aby kupi\u0107 u nas 4-AcO-MiPT, musisz mie\u0107 uko\u0144czone 18 lat.<\/p>\n\n\t\t<\/div>\n\t<\/div>\n<\/div><\/div><\/div><\/div>\n<\/div>","protected":false},"excerpt":{"rendered":"<p><strong>Nazwa IUPAC: <\/strong>Octan [3-[2-[izopropylo(metylo)amino]etylo]-1H-indol-4-ilo]<\/p>\n<p><strong>Inna nazwa: <\/strong>4-Acetoksy-N-izopropylo-N-metylotryptamina<\/p>\n<p><strong>Wygl\u0105d: <\/strong>proszek<\/p>\n<p><strong>Formularz: <\/strong>fumaran<\/p>\n<p><strong>Analiza NMR: <\/strong>Nie dotyczy<\/p>","protected":false},"featured_media":9027,"comment_status":"open","ping_status":"closed","template":"","meta":[],"product_brand":[],"product_cat":[96],"product_tag":[],"class_list":{"0":"post-9007","1":"product","2":"type-product","3":"status-publish","4":"has-post-thumbnail","6":"product_cat-buy-tryptamines-online","8":"first","9":"instock","10":"shipping-taxable","11":"purchasable","12":"product-type-variable"},"jetpack_sharing_enabled":true,"_links":{"self":[{"href":"https:\/\/rezeptfrei-apotheke.net\/pl\/wp-json\/wp\/v2\/product\/9007","targetHints":{"allow":["GET"]}}],"collection":[{"href":"https:\/\/rezeptfrei-apotheke.net\/pl\/wp-json\/wp\/v2\/product"}],"about":[{"href":"https:\/\/rezeptfrei-apotheke.net\/pl\/wp-json\/wp\/v2\/types\/product"}],"replies":[{"embeddable":true,"href":"https:\/\/rezeptfrei-apotheke.net\/pl\/wp-json\/wp\/v2\/comments?post=9007"}],"wp:featuredmedia":[{"embeddable":true,"href":"https:\/\/rezeptfrei-apotheke.net\/pl\/wp-json\/wp\/v2\/media\/9027"}],"wp:attachment":[{"href":"https:\/\/rezeptfrei-apotheke.net\/pl\/wp-json\/wp\/v2\/media?parent=9007"}],"wp:term":[{"taxonomy":"product_brand","embeddable":true,"href":"https:\/\/rezeptfrei-apotheke.net\/pl\/wp-json\/wp\/v2\/product_brand?post=9007"},{"taxonomy":"product_cat","embeddable":true,"href":"https:\/\/rezeptfrei-apotheke.net\/pl\/wp-json\/wp\/v2\/product_cat?post=9007"},{"taxonomy":"product_tag","embeddable":true,"href":"https:\/\/rezeptfrei-apotheke.net\/pl\/wp-json\/wp\/v2\/product_tag?post=9007"}],"curies":[{"name":"wp","href":"https:\/\/api.w.org\/{rel}","templated":true}]}}