{"id":9009,"date":"2023-10-21T11:00:55","date_gmt":"2023-10-21T11:00:55","guid":{"rendered":"https:\/\/rezeptfrei-apotheke.net\/?post_type=product&#038;p=9009"},"modified":"2025-11-26T22:10:12","modified_gmt":"2025-11-26T22:10:12","slug":"buy-3-fma-online","status":"publish","type":"product","link":"https:\/\/rezeptfrei-apotheke.net\/pl\/product\/buy-3-fma-online\/","title":{"rendered":"3-FMA"},"content":{"rendered":"<div class=\"wpb-content-wrapper\"><div class=\"vc_row wpb_row vc_row-fluid\"><div class=\"wpb_column vc_column_container vc_col-sm-12\"><div class=\"vc_column-inner\"><div class=\"wpb_wrapper\">\n\t<div class=\"wpb_text_column wpb_content_element\" >\n\t\t<div class=\"wpb_wrapper\">\n\t\t\t<h2>Buy 3-FMA Online<\/h2>\n<p>3-FMA to nowy syntetyczny zwi\u0105zek amfetaminy, kt\u00f3ry daje wyniki bada\u0144 entaktogennych i stymuluj\u0105cych. Po wprowadzeniu 3-FEA, 3-FMA wszed\u0142 nast\u0119pnie na rynek chemikali\u00f3w badawczych jako zwi\u0105zek strukturalnie powi\u0105zany z szeregiem fluorowanych podstawionych amfetamin, pierwotnie obejmuj\u0105cych takie zwi\u0105zki jak; 2-FMA, 3-FA, 4-FMA, 4-FA.<\/p>\n<h2><strong>JAK STOSOWA\u0106 PROSZEK 3-FMA?<\/strong><\/h2>\n<p>Kup chemi\u0119 badawcz\u0105 3-FMA online w najwy\u017cszej jako\u015bci proszku. Kup 3-FMA w ilo\u015bciach 0,5gr, 1gr, 2gr, 5gr lub 10g. Aby zapewni\u0107 maksymalny okres przydatno\u015bci do spo\u017cycia, nale\u017cy przechowywa\u0107 proszek 3-FMA w suchym i ch\u0142odnym miejscu. Przechowywa\u0107 w suchym i ch\u0142odnym miejscu, aby zapewni\u0107 maksymalny okres przydatno\u015bci do spo\u017cycia. Podczas obchodzenia si\u0119 z chemikaliami badawczymi nale\u017cy zawsze zachowa\u0107 w laboratorium odpowiednie \u015brodki ostro\u017cno\u015bci, takie jak wycieranie powierzchni i noszenie r\u0119kawiczek, maski i odzie\u017cy ochronnej.<\/p>\n<h2><strong>DEFINICJA 3-FMA<\/strong><\/h2>\n<p>Definicja 3-FMA jest oficjalnie znana jako 3-Fluorometamfetamina jest syntetycznym zwi\u0105zkiem amfetaminy. 3-FMA jest strukturalnie spokrewniona z szeregiem amfetamin, kt\u00f3re pierwotnie obejmowa\u0142y zwi\u0105zki takie jak 2-FMA, 3-FA, 4-FMA, 4-FA.<\/p>\n<h2><strong>PODSTAWOWE INFORMACJE Z CHEMII 3-FEA<\/strong><\/h2>\n<p>3-Fluorometamfetamina jest cz\u0105steczk\u0105 z grupy amfetaminy. Cz\u0105steczki klasy amfetaminy zawieraj\u0105 grup\u0119 metylow\u0105 zwi\u0105zan\u0105 z ko\u0144cow\u0105 amin\u0105 RN rdzenia amfetaminy, co stanowi podstawienie wsp\u00f3lne z metamfetamin\u0105. 3-FMA to fluorowany analog metamfetaminy w pozycji 3. Obecnie spekuluje si\u0119, \u017ce uzyskano wi\u0119cej wynik\u00f3w bada\u0144 nad entaktogennymi stymulantami. Ponadto 3-FMA jest strukturalnie podobny do 2-FMA i 4-FMA. 3-FMA nie by\u0142 badany na tym samym poziomie co tradycyjne amfetaminy, dlatego zdecydowanie zaleca si\u0119 stosowanie \u015brodk\u00f3w bezpiecze\u0144stwa zmniejszaj\u0105cych szkody w przypadku stosowania tej substancji.<\/p>\n<h2><strong>GDZIE KUPI\u0106 3-FMA<\/strong><\/h2>\n<p>3-FMA mo\u017cna kupi\u0107 tutaj na stronie <a href=\"https:\/\/rezeptfrei-apotheke.net\/pl\/\">Rchemshop<\/a> strona internetowa. Sprzedajemy najwy\u017cszej jako\u015bci 3-FMA, zazwyczaj w proszku. Cz\u0119sto jednak mamy dost\u0119pne inne formy substancji, wi\u0119c skontaktuj si\u0119 z nami, aby sprawdzi\u0107, czy mamy na stanie preferowan\u0105 form\u0119 substancji. Aby kupi\u0107 u nas 3-FMA, musisz mie\u0107 uko\u0144czone 18 lat.<\/p>\n\n\t\t<\/div>\n\t<\/div>\n<\/div><\/div><\/div><\/div>\n<\/div>","protected":false},"excerpt":{"rendered":"<p><strong>Nazwa IUPAC: <\/strong>1-(3-Fluorofenylo)-N-metylopropano-2-amina<\/p>\n<p><strong>CAS # <\/strong>13415-59-3<\/p>\n<p><strong>Formularz: <\/strong>proszek<\/p>","protected":false},"featured_media":9029,"comment_status":"open","ping_status":"closed","template":"","meta":[],"product_brand":[],"product_cat":[93],"product_tag":[],"class_list":{"0":"post-9009","1":"product","2":"type-product","3":"status-publish","4":"has-post-thumbnail","6":"product_cat-order-pills-online","8":"first","9":"instock","10":"shipping-taxable","11":"purchasable","12":"product-type-variable"},"jetpack_sharing_enabled":true,"_links":{"self":[{"href":"https:\/\/rezeptfrei-apotheke.net\/pl\/wp-json\/wp\/v2\/product\/9009","targetHints":{"allow":["GET"]}}],"collection":[{"href":"https:\/\/rezeptfrei-apotheke.net\/pl\/wp-json\/wp\/v2\/product"}],"about":[{"href":"https:\/\/rezeptfrei-apotheke.net\/pl\/wp-json\/wp\/v2\/types\/product"}],"replies":[{"embeddable":true,"href":"https:\/\/rezeptfrei-apotheke.net\/pl\/wp-json\/wp\/v2\/comments?post=9009"}],"wp:featuredmedia":[{"embeddable":true,"href":"https:\/\/rezeptfrei-apotheke.net\/pl\/wp-json\/wp\/v2\/media\/9029"}],"wp:attachment":[{"href":"https:\/\/rezeptfrei-apotheke.net\/pl\/wp-json\/wp\/v2\/media?parent=9009"}],"wp:term":[{"taxonomy":"product_brand","embeddable":true,"href":"https:\/\/rezeptfrei-apotheke.net\/pl\/wp-json\/wp\/v2\/product_brand?post=9009"},{"taxonomy":"product_cat","embeddable":true,"href":"https:\/\/rezeptfrei-apotheke.net\/pl\/wp-json\/wp\/v2\/product_cat?post=9009"},{"taxonomy":"product_tag","embeddable":true,"href":"https:\/\/rezeptfrei-apotheke.net\/pl\/wp-json\/wp\/v2\/product_tag?post=9009"}],"curies":[{"name":"wp","href":"https:\/\/api.w.org\/{rel}","templated":true}]}}