{"id":265,"date":"2017-06-21T08:08:41","date_gmt":"2017-06-21T08:08:41","guid":{"rendered":"http:\/\/dummy.xtemos.com\/woodmart\/?page_id=265"},"modified":"2026-02-16T09:48:13","modified_gmt":"2026-02-16T09:48:13","slug":"compare","status":"publish","type":"page","link":"https:\/\/rezeptfrei-apotheke.net\/pt\/compare\/","title":{"rendered":"Comparar"},"content":{"rendered":"<p class=\"wd-empty-compare wd-empty-page\">\n\t\t\tA lista de compara\u00e7\u00e3o est\u00e1 vazia.\t\t<\/p>\n\t\t\t\t\t<div class=\"wd-empty-page-text\">\n\t\t\t\tNenhum produto adicionado na lista de compara\u00e7\u00e3o. Voc\u00ea deve adicionar alguns produtos para compar\u00e1-los.<br> Voc\u00ea encontrar\u00e1 muitos produtos interessantes em nossa p\u00e1gina &quot;Loja&quot;.\t\t\t<\/div>\n\t\t\t\t<p class=\"return-to-shop\">\n\t\t\t<a class=\"button\" href=\"https:\/\/rezeptfrei-apotheke.net\/pt\/rc-chem-shop\/\">\n\t\t\t\tVoltar \u00e0 loja\t\t\t<\/a>\n\t\t<\/p>","protected":false},"excerpt":{"rendered":"A lista de compara\u00e7\u00e3o est\u00e1 vazia. N\u00e3o foram adicionados produtos na lista de compara\u00e7\u00e3o. Tem de adicionar alguns produtos para os comparar. O utilizador","protected":false},"author":334,"featured_media":0,"parent":0,"menu_order":0,"comment_status":"closed","ping_status":"closed","template":"","meta":{"footnotes":""},"class_list":["post-265","page","type-page","status-publish","hentry"],"jetpack_sharing_enabled":true,"_links":{"self":[{"href":"https:\/\/rezeptfrei-apotheke.net\/pt\/wp-json\/wp\/v2\/pages\/265","targetHints":{"allow":["GET"]}}],"collection":[{"href":"https:\/\/rezeptfrei-apotheke.net\/pt\/wp-json\/wp\/v2\/pages"}],"about":[{"href":"https:\/\/rezeptfrei-apotheke.net\/pt\/wp-json\/wp\/v2\/types\/page"}],"author":[{"embeddable":true,"href":"https:\/\/rezeptfrei-apotheke.net\/pt\/wp-json\/wp\/v2\/users\/334"}],"replies":[{"embeddable":true,"href":"https:\/\/rezeptfrei-apotheke.net\/pt\/wp-json\/wp\/v2\/comments?post=265"}],"version-history":[{"count":2,"href":"https:\/\/rezeptfrei-apotheke.net\/pt\/wp-json\/wp\/v2\/pages\/265\/revisions"}],"predecessor-version":[{"id":9974,"href":"https:\/\/rezeptfrei-apotheke.net\/pt\/wp-json\/wp\/v2\/pages\/265\/revisions\/9974"}],"wp:attachment":[{"href":"https:\/\/rezeptfrei-apotheke.net\/pt\/wp-json\/wp\/v2\/media?parent=265"}],"curies":[{"name":"wp","href":"https:\/\/api.w.org\/{rel}","templated":true}]}}