{"id":3,"date":"2022-02-09T15:03:18","date_gmt":"2022-02-09T15:03:18","guid":{"rendered":"https:\/\/rezeptfrei-apotheke.net\/?page_id=3"},"modified":"2026-02-16T10:45:06","modified_gmt":"2026-02-16T10:45:06","slug":"privacy-policy","status":"publish","type":"page","link":"https:\/\/rezeptfrei-apotheke.net\/pt\/privacy-policy\/","title":{"rendered":"Pol\u00edtica de Privacidade"},"content":{"rendered":"<p>Esta pol\u00edtica de privacidade define como <a href=\"https:\/\/rezeptfrei-apotheke.net\/pt\/\">Rxchemlab. com<\/a> usa e protege qualquer informa\u00e7\u00e3o que voc\u00ea fornece ao Rxchemlab.com ao usar este site.<\/p>\n<p>Rxchemlab.com est\u00e1 empenhado em garantir que sua privacidade seja protegida. Caso solicitemos que voc\u00ea forne\u00e7a determinadas informa\u00e7\u00f5es pelas quais voc\u00ea possa ser identificado ao usar este site, voc\u00ea pode ter certeza de que elas ser\u00e3o usadas apenas de acordo com esta declara\u00e7\u00e3o de privacidade.<\/p>\n<p>Rxchemlab.com pode alterar esta pol\u00edtica de tempos em tempos, atualizando esta p\u00e1gina. Voc\u00ea deve verificar esta p\u00e1gina de tempos em tempos para garantir que est\u00e1 satisfeito com as altera\u00e7\u00f5es. Esta pol\u00edtica entra em vigor a partir de 1\u00ba de maio de 2017.<\/p>\n<h4><strong>SEGURAN\u00c7A<\/strong><\/h4>\n<p>Temos o compromisso de garantir que suas informa\u00e7\u00f5es estejam seguras. Para evitar o acesso ou divulga\u00e7\u00e3o n\u00e3o autorizada, implementamos procedimentos f\u00edsicos, eletr\u00f4nicos e gerenciais adequados para salvaguardar e proteger as informa\u00e7\u00f5es que coletamos online.<\/p>\n<h4><strong>COMO USAMOS OS COOKIES<\/strong><\/h4>\n<p>Um cookie \u00e9 um pequeno arquivo que pede permiss\u00e3o para ser colocado no disco r\u00edgido do seu computador. Depois de concordar, o arquivo \u00e9 adicionado e o cookie ajuda a analisar o tr\u00e1fego da web ou avisa quando voc\u00ea visita um site espec\u00edfico. Os cookies permitem que os aplicativos da web respondam a voc\u00ea como indiv\u00edduo. O aplicativo da web pode adaptar suas opera\u00e7\u00f5es \u00e0s suas necessidades, gostos e desgostos, reunindo e lembrando informa\u00e7\u00f5es sobre suas prefer\u00eancias.<\/p>\n<p>Usamos cookies de registro de tr\u00e1fego para identificar quais p\u00e1ginas est\u00e3o sendo usadas. Isto ajuda-nos a analisar dados sobre o tr\u00e1fego da p\u00e1gina web e a melhorar o nosso site, a fim de adapt\u00e1-lo \u00e0s necessidades do cliente. Utilizamos essas informa\u00e7\u00f5es apenas para fins de an\u00e1lise estat\u00edstica e depois os dados s\u00e3o removidos do sistema.<\/p>\n<p>No geral, os cookies ajudam-nos a fornecer-lhe um website melhor, permitindo-nos monitorizar quais as p\u00e1ginas que considera \u00fateis e quais as que n\u00e3o considera. Um cookie n\u00e3o nos d\u00e1 de forma alguma acesso ao seu computador ou a qualquer informa\u00e7\u00e3o sobre voc\u00ea, al\u00e9m dos dados que voc\u00ea escolhe compartilhar conosco.<\/p>\n<p>Voc\u00ea pode optar por aceitar ou recusar cookies. A maioria dos navegadores aceita cookies automaticamente, mas normalmente voc\u00ea pode modificar as configura\u00e7\u00f5es do seu navegador para recusar cookies, se preferir. Isso pode impedir que voc\u00ea aproveite ao m\u00e1ximo o site.<\/p>\n<h4><strong>LINKS PARA OUTROS SITES<\/strong><\/h4>\n<p>Nosso site pode conter links para outros sites de interesse. No entanto, depois de usar esses links para sair do nosso site, voc\u00ea deve observar que n\u00e3o temos nenhum controle sobre esse outro site. Portanto, n\u00e3o podemos ser respons\u00e1veis pela prote\u00e7\u00e3o e privacidade de qualquer informa\u00e7\u00e3o que voc\u00ea forne\u00e7a enquanto visita esses sites, e esses sites n\u00e3o s\u00e3o regidos por esta declara\u00e7\u00e3o de privacidade. Voc\u00ea deve ter cautela e consultar a declara\u00e7\u00e3o de privacidade aplic\u00e1vel ao site em quest\u00e3o.<\/p>\n<h4><strong>CONTROLANDO SUAS INFORMA\u00c7\u00d5ES PESSOAIS<\/strong><\/h4>\n<p>Voc\u00ea pode optar por restringir a coleta ou uso de suas informa\u00e7\u00f5es pessoais das seguintes maneiras:<\/p>\n<ul>\n<li>sempre que lhe for solicitado o preenchimento de um formul\u00e1rio no site, procure a caixa onde pode clicar para indicar que n\u00e3o pretende que a informa\u00e7\u00e3o seja utilizada por ningu\u00e9m para fins de marketing direto<\/li>\n<li>se voc\u00ea concordou anteriormente com o uso de suas informa\u00e7\u00f5es pessoais para fins de marketing direto, voc\u00ea pode mudar de ideia a qualquer momento, enviando-nos um e-mail atrav\u00e9s da p\u00e1gina Fale Conosco<\/li>\n<\/ul>\n<p>N\u00e3o venderemos, distribuiremos ou alugaremos suas informa\u00e7\u00f5es pessoais a terceiros, a menos que tenhamos sua permiss\u00e3o ou sejamos obrigados por lei a faz\u00ea-lo. Poderemos usar suas informa\u00e7\u00f5es pessoais para lhe enviar informa\u00e7\u00f5es promocionais sobre terceiros que achamos que voc\u00ea poder\u00e1 achar interessante se nos informar que deseja que isso aconte\u00e7a.<\/p>\n<p>Se voc\u00ea acredita que alguma informa\u00e7\u00e3o que temos sobre voc\u00ea est\u00e1 incorreta ou incompleta, escreva para ou <a href=\"mailto:support@rxchemlab.com\">enviar-nos um e-mail<\/a> o mais breve poss\u00edvel, no endere\u00e7o acima. Corrigiremos prontamente qualquer informa\u00e7\u00e3o considerada incorreta.<\/p>\n<p>&nbsp;<\/p>","protected":false},"excerpt":{"rendered":"<p>Esta pol\u00edtica de privacidade define como o Rxchemlab.com usa e protege qualquer informa\u00e7\u00e3o que voc\u00ea fornece ao Rxchemlab.com ao usar este<\/p>","protected":false},"author":334,"featured_media":0,"parent":0,"menu_order":0,"comment_status":"closed","ping_status":"open","template":"","meta":{"footnotes":""},"class_list":["post-3","page","type-page","status-publish","hentry"],"jetpack_sharing_enabled":true,"_links":{"self":[{"href":"https:\/\/rezeptfrei-apotheke.net\/pt\/wp-json\/wp\/v2\/pages\/3","targetHints":{"allow":["GET"]}}],"collection":[{"href":"https:\/\/rezeptfrei-apotheke.net\/pt\/wp-json\/wp\/v2\/pages"}],"about":[{"href":"https:\/\/rezeptfrei-apotheke.net\/pt\/wp-json\/wp\/v2\/types\/page"}],"author":[{"embeddable":true,"href":"https:\/\/rezeptfrei-apotheke.net\/pt\/wp-json\/wp\/v2\/users\/334"}],"replies":[{"embeddable":true,"href":"https:\/\/rezeptfrei-apotheke.net\/pt\/wp-json\/wp\/v2\/comments?post=3"}],"version-history":[{"count":4,"href":"https:\/\/rezeptfrei-apotheke.net\/pt\/wp-json\/wp\/v2\/pages\/3\/revisions"}],"predecessor-version":[{"id":9984,"href":"https:\/\/rezeptfrei-apotheke.net\/pt\/wp-json\/wp\/v2\/pages\/3\/revisions\/9984"}],"wp:attachment":[{"href":"https:\/\/rezeptfrei-apotheke.net\/pt\/wp-json\/wp\/v2\/media?parent=3"}],"curies":[{"name":"wp","href":"https:\/\/api.w.org\/{rel}","templated":true}]}}