{"id":8309,"date":"2023-10-21T10:56:58","date_gmt":"2023-10-21T10:56:58","guid":{"rendered":"https:\/\/rezeptfrei-apotheke.net\/?post_type=product&#038;p=8309"},"modified":"2023-10-21T10:58:37","modified_gmt":"2023-10-21T10:58:37","slug":"2-fdck","status":"publish","type":"product","link":"https:\/\/rezeptfrei-apotheke.net\/pt\/product\/2-fdck\/","title":{"rendered":"2-FDCK"},"content":{"rendered":"<h2>Informa\u00e7\u00f5es gerais sobre 2 fdck<\/h2>\n<p>2-Fluorodesclorocetamina, tamb\u00e9m conhecida como 2-FDCK e 2\u2032-Fl-2-Oxo-PCM, Fluorocetamina, \u00e9 um produto qu\u00edmico sint\u00e9tico de pesquisa. Foi descrito pela primeira vez num artigo de investiga\u00e7\u00e3o de 2013 como parte de um esfor\u00e7o para sintetizar e avaliar novos produtos qu\u00edmicos de investiga\u00e7\u00e3o baseados na cetamina e seus an\u00e1logos. A cetamina foi introduzida em 1964 e aprovada para uso cl\u00ednico em 1970, tornando-se um dos produtos qu\u00edmicos de pesquisa geral mais importantes e amplamente estudados.<\/p>\n<p>A estrutura geral da cetamina e seus an\u00e1logos cont\u00e9m uma unidade ciclohexilamina com um grupo arila ligado ao mesmo carbono da amina. No caso do 2-FDCK, ele possui um grupo o-fluorofenil como substituinte aril e o grupo amina \u00e9 metilado. Al\u00e9m disso, o anel ciclohexila do 2-FDCK apresenta um grupo cetona adjacente \u00e0 posi\u00e7\u00e3o amina.<\/p>\n<p>A estrutura qu\u00edmica do 2-FDCK difere da cetamina apenas na presen\u00e7a de um \u00e1tomo de fl\u00faor ligado ao grupo fenil. Esta ligeira modifica\u00e7\u00e3o pode influenciar significativamente as propriedades e efeitos do composto.<\/p>\n<p>&nbsp;<\/p>\n<h3>Composi\u00e7\u00e3o qu\u00edmica do 2 fdck<\/h3>\n<p>2-Fluorodesclorocetamina (2-FDCK) \u00e9 um produto qu\u00edmico de pesquisa e sua composi\u00e7\u00e3o qu\u00edmica \u00e9:<\/p>\n<p>Nome qu\u00edmico: 2-Fluorodesclorocetamina (2-FDCK)<\/p>\n<p>F\u00f3rmula qu\u00edmica: C13H16FNO<\/p>\n<p>Peso molecular: 221,28 g\/mol<\/p>\n<p>Certamente! A f\u00f3rmula qu\u00edmica C13H16FNO representa a composi\u00e7\u00e3o molecular de um composto. Vamos decomp\u00f4-lo para entender os componentes individuais:<\/p>\n<p>C: Representa carbono. O carbono \u00e9 um elemento fundamental em compostos org\u00e2nicos e forma a espinha dorsal de muitas mol\u00e9culas.<\/p>\n<p>H: Representa hidrog\u00eanio. O hidrog\u00eanio \u00e9 o elemento mais abundante no universo e \u00e9 comumente encontrado em compostos org\u00e2nicos e em muitas outras subst\u00e2ncias.<\/p>\n<p>F: Representa fl\u00faor. O fl\u00faor \u00e9 um elemento halog\u00eanio conhecido por sua alta eletronegatividade, que tende a atrair el\u00e9trons em liga\u00e7\u00f5es qu\u00edmicas.<\/p>\n<p>N: Representa nitrog\u00eanio. O nitrog\u00eanio \u00e9 outro elemento essencial encontrado em compostos org\u00e2nicos e desempenha um papel crucial em muitos processos biol\u00f3gicos.<\/p>\n<p>O: Representa oxig\u00eanio. O oxig\u00eanio \u00e9 essencial para sustentar a vida e envolve v\u00e1rias rea\u00e7\u00f5es qu\u00edmicas, incluindo respira\u00e7\u00e3o e combust\u00e3o.<\/p>\n<p>&nbsp;<\/p>\n<p>Juntando tudo, C13H16FNO descreve um arranjo molecular espec\u00edfico que cont\u00e9m treze \u00e1tomos de carbono, dezesseis \u00e1tomos de hidrog\u00eanio, um \u00e1tomo de fl\u00faor, um \u00e1tomo de nitrog\u00eanio e um \u00e1tomo de oxig\u00eanio.<\/p>\n<p>&nbsp;<\/p>\n<h3>Compre 2 fdck hcl de alta qualidade.<\/h3>\n<p>A Panacea Chems tem v\u00e1rios envolvimentos prolongados com a ind\u00fastria de planejamento qu\u00edmico de pesquisa, engajando-nos para garantir o melhor desses produtos qu\u00edmicos de pesquisa de explora\u00e7\u00e3o. A compra de 2 fdck hcl \u00e9 essencial e tem qualidade superior. A compra de 2 fdck hcl \u00e9 menor do que a de v\u00e1rias organiza\u00e7\u00f5es.<\/p>\n<p>Os produtos qu\u00edmicos de pesquisa, incluindo 2 fdck hcl, atendem a todos os requisitos de seguran\u00e7a. Os produtos qu\u00edmicos de pesquisa s\u00e3o cuidadosamente distribu\u00eddos e manuseados em um local excelente e seco.<\/p>\n<p>Todos os produtos s\u00e3o inspecionados regularmente quanto \u00e0 qualidade, pureza e seguran\u00e7a. \u00c9 apenas para fins de pesquisa.<\/p>\n<p>Nossos produtos t\u00eam um pre\u00e7o justo e voc\u00ea pode comprar 2 fdck hcl online a pre\u00e7os muito baratos.<\/p>\n<p>&nbsp;<\/p>\n<h3>2 fdck testado em laborat\u00f3rio com resultados.<\/h3>\n<p>Refaz progressos em dire\u00e7\u00e3o \u00e0 satisfa\u00e7\u00e3o geral de seus clientes. Diferentes exames mostraram que os clientes solicitam tantos dados quanto o esperado antes de comprar produtos qu\u00edmicos sint\u00e9ticos para pesquisa. Al\u00e9m disso, publicamos todos os resultados laboratoriais de cada composto de exame em um arquivo PDF.<\/p>\n<p>Nossas 2 compras on-line de fdck atendem consistentemente aos ingredientes ativos e podem ser vistas por todos.<\/p>\n<p>Distribu\u00edmos todas as consequ\u00eancias laboratoriais de cada produto qu\u00edmico de pesquisa em um documento PDF.<\/p>\n<p>&nbsp;<\/p>\n<h3>Encomende com seguran\u00e7a a partir de 2 cristais fdck.<\/h3>\n<p>Os produtos qu\u00edmicos de pesquisa TRRC SHOP s\u00e3o de excelente qualidade e t\u00eam um custo justo. Portanto, quando voc\u00ea solicita seus produtos qu\u00edmicos de pesquisa no TRRC SHOP, garantimos que encaminharemos sua solicita\u00e7\u00e3o para sua casa com rapidez e seguran\u00e7a, pois a venda de produtos qu\u00edmicos de pesquisa est\u00e1 sempre dispon\u00edvel no TRRC SHOP.<\/p>\n<p>Solicitar compostos de pesquisa sint\u00e9tica com Bitcoin ou transfer\u00eancia banc\u00e1ria \u00e9 simples no TRRC SHOP.<\/p>\n<p>Enviamos produtos qu\u00edmicos de pesquisa no mesmo dia \u00fatil se o pagamento for recebido antes das 15h CEST.<\/p>\n<p>N\u00e3o fornecemos itens para menores de 18 anos!<\/p>\n<p>2 cristais fdck \u00e0 venda s\u00e3o apenas para fins de pesquisa.<\/p>\n<p>&nbsp;<\/p>\n<h3>Envio discreto de produtos qu\u00edmicos de pesquisa.<\/h3>\n<p>A TRRC SHOP embalar\u00e1 seu pedido com seguran\u00e7a para garantir o transporte adequado. Al\u00e9m disso, embalamos com perfeita discri\u00e7\u00e3o e nenhum sinal do que poderia estar dentro ser\u00e1 mostrado do lado de fora.<\/p>","protected":false},"excerpt":{"rendered":"<p><strong>Nome IUPAC: <\/strong>(R\/S)-2-(2-fluorofenil)-2-(metilamino)ciclohexanona<\/p>\n<p><strong>CAS # <\/strong>111982-50-4<\/p>\n<p><strong>Outro nome: <\/strong>2-F-2\u2032-Oxo-PCM<\/p>\n<p><strong>Apar\u00eancia: <\/strong>cristais<\/p>\n<p><strong>Forma: <\/strong>nulo<\/p>\n<p><strong>An\u00e1lise de RMN: <\/strong>C13H16FNO<\/p>","protected":false},"featured_media":8364,"comment_status":"open","ping_status":"closed","template":"","meta":[],"product_brand":[],"product_cat":[90],"product_tag":[],"class_list":{"0":"post-8309","1":"product","2":"type-product","3":"status-publish","4":"has-post-thumbnail","6":"product_cat-buy-dissociatives","8":"first","9":"instock","10":"shipping-taxable","11":"purchasable","12":"product-type-variable"},"jetpack_sharing_enabled":true,"_links":{"self":[{"href":"https:\/\/rezeptfrei-apotheke.net\/pt\/wp-json\/wp\/v2\/product\/8309","targetHints":{"allow":["GET"]}}],"collection":[{"href":"https:\/\/rezeptfrei-apotheke.net\/pt\/wp-json\/wp\/v2\/product"}],"about":[{"href":"https:\/\/rezeptfrei-apotheke.net\/pt\/wp-json\/wp\/v2\/types\/product"}],"replies":[{"embeddable":true,"href":"https:\/\/rezeptfrei-apotheke.net\/pt\/wp-json\/wp\/v2\/comments?post=8309"}],"wp:featuredmedia":[{"embeddable":true,"href":"https:\/\/rezeptfrei-apotheke.net\/pt\/wp-json\/wp\/v2\/media\/8364"}],"wp:attachment":[{"href":"https:\/\/rezeptfrei-apotheke.net\/pt\/wp-json\/wp\/v2\/media?parent=8309"}],"wp:term":[{"taxonomy":"product_brand","embeddable":true,"href":"https:\/\/rezeptfrei-apotheke.net\/pt\/wp-json\/wp\/v2\/product_brand?post=8309"},{"taxonomy":"product_cat","embeddable":true,"href":"https:\/\/rezeptfrei-apotheke.net\/pt\/wp-json\/wp\/v2\/product_cat?post=8309"},{"taxonomy":"product_tag","embeddable":true,"href":"https:\/\/rezeptfrei-apotheke.net\/pt\/wp-json\/wp\/v2\/product_tag?post=8309"}],"curies":[{"name":"wp","href":"https:\/\/api.w.org\/{rel}","templated":true}]}}