{"id":8379,"date":"2023-10-21T10:57:48","date_gmt":"2023-10-21T10:57:48","guid":{"rendered":"https:\/\/rezeptfrei-apotheke.net\/?post_type=product&#038;p=8379"},"modified":"2023-10-21T10:58:55","modified_gmt":"2023-10-21T10:58:55","slug":"bromonordiazepam-pellets-25mg","status":"publish","type":"product","link":"https:\/\/rezeptfrei-apotheke.net\/pt\/product\/bromonordiazepam-pellets-25mg\/","title":{"rendered":"pellets de bromonordiazepam 2,5 mg"},"content":{"rendered":"<h2>panaceachems.com oferece produtos que n\u00e3o se destinam ao consumo humano.<br \/>\n<strong>Informa\u00e7\u00f5es gerais sobre pellets de bromonordiazepam<\/strong><\/h2>\n<p>O bromonordiazepam foi criado e desenvolvido em 1983 para v\u00e1rias circunst\u00e2ncias neurol\u00f3gicas, incluindo dist\u00farbios do sono e tens\u00e3o. Ent\u00e3o, finalmente, descobriu-se que, no caso de incha\u00e7o persistente no c\u00e9rebro ap\u00f3s neurocirurgia, o bromonordiazepam tamb\u00e9m poderia ser<\/p>\n<p>\u00fatil.<\/p>\n<p>O bromonordiazepam \u00e9 um subordinado tienodiazep\u00ednico que \u00e9 um nalogue benzodiazep\u00ednico.<\/p>\n<p>O bromonordiazepam garante que todo o corpo relaxe e diminua a tens\u00e3o. Muitos clientes n\u00e3o fazem pesquisas, mas ficam extremamente let\u00e1rgicos com o Bromonordiazepam.<\/p>\n<p>A pesquisa mostrou que o bromonordiazepam tem meia exist\u00eancia de cerca de 3,5 horas e tem um impacto v\u00e1rias vezes mais fundamentado do que o diazepam.<\/p>\n<h3><strong>Composi\u00e7\u00e3o qu\u00edmica<\/strong><\/h3>\n<p>Bromonordiazepam (9 metil 6 h tieno 3,2 f 1.2.4) \u00e9 um derivado estrutural em que o anel benz\u00eanico \u00e9 suplantado por um anel tiofeno, agrupando-o como uma diazepina 4,3 a 1,4.<\/p>\n<p>Com o composto F\u00f3rmula Molecular: C17H15ClN4S4-(2 Clorofenil-2-etil-9-metil-6H-tieno[3,2-f][1,2,4]triazolo[4,3-a][1,4] diazepina.<\/p>\n<h3><strong>Pelotas de bromonordiazepam farmacologia<\/strong><\/h3>\n<p>O bromazepam \u00e9 um benzodiazep\u00ednico \u201ccl\u00e1ssico\u201d; outros benzodiazep\u00ednicos tradicionais incluem: diazepam, clonazepam, oxazepam, lorazepam, nitrazepam, flurazepam e clorazepato. Sua constru\u00e7\u00e3o subat\u00f4mica \u00e9 feita de uma diazepina associada a um anel de benzeno e um anel de piridina, tendo o anel de benzeno um iota de nitrog\u00eanio solit\u00e1rio que substitui uma das mol\u00e9culas de carbono na estrutura do anel.<\/p>\n<p>O tiofeno \u00e9 um anel de cinco membros de cheiro adocicado (triazolo 4,3 a 1,4) com uma part\u00edcula de enxofre contendo um anel de tiofeno fundido a um anel de diazepina, um anel de sete membros com as duas partes nitrogenadas em R 1 e R 4 . Isto estrutura o (etil 9 metil 6h) do Bromonordiazepam.<\/p>\n<p>Uma cadeia et\u00edlica est\u00e1 ligada a esta constru\u00e7\u00e3o bic\u00edclica em R 7. Posteriormente, o canal de part\u00edculas de cloro relacionado ao receptor GABA se abre. No Bromonordiazepam, o anel benz\u00eanico \u00e9 suplantado por um anel tiofeno associado a R1 e R2 desse anel diazep\u00ednico.<\/p>\n<p>Conseq\u00fcentemente, o bromonordiazepam tem lugar com os tienotriazolobenzodiazep\u00ednicos, um estimulante.<\/p>\n<h3><strong>Compre pellets de bromonordiazepam de alta qualidade.<\/strong><\/h3>\n<p>TRRCSHOP tem muitos anos de experi\u00eancia na ind\u00fastria de design de produtos qu\u00edmicos de pesquisa, o que nos permite garantir a mais alta qualidade desses produtos qu\u00edmicos de pesquisa. A equipe de pesquisa qu\u00edmica vende pellets de bromonordiazepam e pellets de 2,5 mg. Os produtos qu\u00edmicos de pesquisa, incluindo os pellets de bromonordiazepam, atendem a todos os requisitos de seguran\u00e7a. Os produtos qu\u00edmicos de pesquisa s\u00e3o cuidadosamente distribu\u00eddos e armazenados em local fresco e seco.<\/p>\n<p>Todos os produtos s\u00e3o inspecionados regularmente quanto \u00e0 qualidade, pureza e seguran\u00e7a. Mantenha sempre os pellets de bromonordiazepam em temperatura ambiente e fora do alcance de crian\u00e7as e animais de estima\u00e7\u00e3o. Nossos pellets de bromonordiazepam n\u00e3o se destinam ao uso pessoal. \u00c9 apenas para fins de pesquisa.<\/p>\n<p>N\u00e3o deve ser misturado com \u00e1lcool ou produtos qu\u00edmicos de pesquisa ao pesquisar este produto qu\u00edmico de pesquisa!<\/p>\n<p>Todos os nossos produtos t\u00eam um pre\u00e7o justo!<\/p>\n<h3><strong>Pellets de bromonordiazepam testados em laborat\u00f3rio com resultados.<\/strong><\/h3>\n<p>Refaz progressos em dire\u00e7\u00e3o \u00e0 satisfa\u00e7\u00e3o geral de seus clientes. Diferentes exames mostraram que os clientes solicitam tantos dados quanto o esperado antes de comprar produtos qu\u00edmicos sint\u00e9ticos para pesquisa. Al\u00e9m disso, publicamos todos os resultados laboratoriais de cada composto de exame em um arquivo PDF.<\/p>\n<p>Nossos pellets de bromonordiazepam cont\u00eam consistentemente os ingredientes ativos e podem ser vistos facilmente por todos.<\/p>\n<p>Distribu\u00edmos todas as consequ\u00eancias laboratoriais de cada produto qu\u00edmico de pesquisa em um documento PDF.<\/p>\n<h3><strong>Encomende com seguran\u00e7a em pellets de bromonordiazepam.<\/strong><\/h3>\n<p>Os produtos qu\u00edmicos de pesquisa TRRCSHOP s\u00e3o de excelente qualidade e t\u00eam um custo justo. Portanto, no momento em que voc\u00ea solicitar seu\u00a0<strong>Pelotas de bromonordiazepam\u00a0<\/strong>na TRRCSHOP garantimos que transportaremos o seu pedido para sua casa com rapidez e seguran\u00e7a.<\/p>\n<p>Solicitar compostos de pesquisa sint\u00e9tica com Bitcoin ou transfer\u00eancia banc\u00e1ria \u00e9 simples no TRRCSHOP.<\/p>\n<p>Enviamos pellets de bromonordiazepam no mesmo dia \u00fatil se o pagamento for recebido antes das 14h CEST. Geralmente n\u00e3o enviamos aos s\u00e1bados, domingos ou feriados nacionais\/internacionais<strong>.<\/strong><\/p>\n<h3><strong>Envio discreto de produtos qu\u00edmicos de pesquisa.<\/strong><\/h3>\n<p>Embora os produtos qu\u00edmicos de pesquisa de design sejam legalmente acess\u00edveis on-line, n\u00f3s da TRRCSHOP fornecemos de forma mais segura e razo\u00e1vel. Al\u00e9m disso, embalamos com perfeita discri\u00e7\u00e3o e nenhum sinal do que poderia estar dentro ser\u00e1 mostrado do lado de fora.<\/p>\n<p>Enviamos encomendas superiores a 500 euros com track and follow para que possa acompanhar o seu pacote de forma progressiva. Al\u00e9m disso, enviamos encomendas superiores a 500 euros pela rota acess\u00edvel.<\/p>\n<p>N\u00e3o fornecemos itens para menores de 18 anos!<\/p>\n<h3><strong>Precau\u00e7\u00f5es<\/strong><\/h3>\n<ul>\n<li>Compre o equipamento de prote\u00e7\u00e3o individual adequado, como \u00f3culos e luvas. Limpe e cuide deles adequadamente. Siga sistemas seguros ao manusear produtos qu\u00edmicos de pesquisa e n\u00e3o tome atalhos.<\/li>\n<li>Se o produto qu\u00edmico da pesquisa entrar em contato com os olhos, lave bem e remova as lentes de contato, se necess\u00e1rio.<\/li>\n<li>Tente usar uma m\u00e1scara ao usar esses produtos qu\u00edmicos para que eles n\u00e3o entrem em voc\u00ea durante a respira\u00e7\u00e3o.<\/li>\n<li>Conforme indicam os m\u00e9todos suportados, manuseie, armazene e descarte com seguran\u00e7a materiais perigosos. Nunca jogue-os em esgotos ou canais.<\/li>\n<li>Armazene os produtos qu\u00edmicos de pesquisa de forma adequada, conforme indicado em seus nomes. Os produtos qu\u00edmicos inflam\u00e1veis devem ser guardados em cannabis seca e excelente, longe da intensidade e da luz solar. Alguns produtos sint\u00e9ticos, como os \u00e1cidos, devem ser guardados independentemente uns dos outros.<\/li>\n<li>TRRCSHOP oferecido para fins de pesquisa; o consumo humano \u00e9 altamente proibido.<\/li>\n<\/ul>","protected":false},"excerpt":{"rendered":"<p><strong>Nome IUPAC: <\/strong>7-bromo-5-fenil-1,3-di-hidro-1,4-benzodiazepin-2-ona<\/p>\n<p><strong>CAS # <\/strong>2894-61-3<\/p>\n<p><strong>Forma: <\/strong>p\u00f3<\/p>\n<p><strong>An\u00e1lise de RMN: <\/strong>C15H11BrN2O<\/p>","protected":false},"featured_media":8429,"comment_status":"open","ping_status":"closed","template":"","meta":[],"product_brand":[],"product_cat":[93],"product_tag":[],"class_list":{"0":"post-8379","1":"product","2":"type-product","3":"status-publish","4":"has-post-thumbnail","6":"product_cat-order-pills-online","8":"first","9":"instock","10":"shipping-taxable","11":"purchasable","12":"product-type-variable"},"jetpack_sharing_enabled":true,"_links":{"self":[{"href":"https:\/\/rezeptfrei-apotheke.net\/pt\/wp-json\/wp\/v2\/product\/8379","targetHints":{"allow":["GET"]}}],"collection":[{"href":"https:\/\/rezeptfrei-apotheke.net\/pt\/wp-json\/wp\/v2\/product"}],"about":[{"href":"https:\/\/rezeptfrei-apotheke.net\/pt\/wp-json\/wp\/v2\/types\/product"}],"replies":[{"embeddable":true,"href":"https:\/\/rezeptfrei-apotheke.net\/pt\/wp-json\/wp\/v2\/comments?post=8379"}],"wp:featuredmedia":[{"embeddable":true,"href":"https:\/\/rezeptfrei-apotheke.net\/pt\/wp-json\/wp\/v2\/media\/8429"}],"wp:attachment":[{"href":"https:\/\/rezeptfrei-apotheke.net\/pt\/wp-json\/wp\/v2\/media?parent=8379"}],"wp:term":[{"taxonomy":"product_brand","embeddable":true,"href":"https:\/\/rezeptfrei-apotheke.net\/pt\/wp-json\/wp\/v2\/product_brand?post=8379"},{"taxonomy":"product_cat","embeddable":true,"href":"https:\/\/rezeptfrei-apotheke.net\/pt\/wp-json\/wp\/v2\/product_cat?post=8379"},{"taxonomy":"product_tag","embeddable":true,"href":"https:\/\/rezeptfrei-apotheke.net\/pt\/wp-json\/wp\/v2\/product_tag?post=8379"}],"curies":[{"name":"wp","href":"https:\/\/api.w.org\/{rel}","templated":true}]}}