{"id":8380,"date":"2023-10-21T10:57:49","date_gmt":"2023-10-21T10:57:49","guid":{"rendered":"https:\/\/rezeptfrei-apotheke.net\/?post_type=product&#038;p=8380"},"modified":"2023-10-21T10:58:55","modified_gmt":"2023-10-21T10:58:55","slug":"gidazepam-pellets-3mg","status":"publish","type":"product","link":"https:\/\/rezeptfrei-apotheke.net\/pt\/product\/gidazepam-pellets-3mg\/","title":{"rendered":"Pelotas de gidazepam 3 mg"},"content":{"rendered":"<h2>panaceachems.com oferece produtos que n\u00e3o se destinam ao consumo humano.<br \/>\n<strong>Informa\u00e7\u00f5es gerais Gidazepam \u00a0<\/strong><\/h2>\n<p>O gidazepam, ou hidazepam ou hidazepam, \u00e9 um produto qu\u00edmico de investiga\u00e7\u00e3o que \u00e9 um subordinado anormal da benzodiazepina criado na Uni\u00e3o Sovi\u00e9tica. \u00c9 uma benzodiazepina especificamente ansiol\u00edtica. Tamb\u00e9m tem valor \u00fatil na administra\u00e7\u00e3o de problemas cardiovasculares espec\u00edficos, que podem ser novamente utilizados para tratamento de energia.<\/p>\n<p>O gidazepam \u00e9 um produto qu\u00edmico de investiga\u00e7\u00e3o para o seu metabolito din\u00e2mico 7-Bromo-5-fenil-1,2-di-hidro-3H-1,4-benzodiazepina-2-ona (desalquilgidazepam ou Bromo-nordazepam). \u00c9 utilizado como um produto qu\u00edmico de investiga\u00e7\u00e3o anti-ansiedade. O metabolito ativo produz essencialmente os efeitos ansiol\u00edticos e a semi-vida do Gidazepam \u00e9 das mais longas de todos os agonistas GABA\u00e9rgicos. Um agente tranquilizante diurno da s\u00e9rie das benzodiazepinas.<\/p>\n<h3><strong>Composi\u00e7\u00e3o qu\u00edmica do Gidazepam<\/strong><\/h3>\n<p>O gidazepam \u00e9 um produto qu\u00edmico de investiga\u00e7\u00e3o para o seu metabolito din\u00e2mico 7-Bromo-5-fenil-1,2-di-hidro-3H-1,4-benzodiazepina-2-ona (desalquilgidazepam ou Bromo-nordazepam).<\/p>\n<p>A sua equa\u00e7\u00e3o qu\u00edmica \u00e9 C<sub>17<\/sub>H<sub>15<\/sub>BrN<sub>4<\/sub>O<sub>2,\u00a0<\/sub>e a sua massa molar \u00e9 de 387,2 g-mol-1.<\/p>\n<p>&nbsp;<\/p>\n<h3><strong>Farmacologia do Gidazepam<\/strong><\/h3>\n<p>Tem um efeito ativador e uma subst\u00e2ncia relaxante. O gidazepam \u00e9 utilizado para o tratamento ou contra-a\u00e7\u00e3o de arritmias cardiovasculares. Podem influenciar o per\u00edodo de polariza\u00e7\u00e3o-repolariza\u00e7\u00e3o do potencial de atividade, a sua sensibilidade ou recalcitr\u00e2ncia, a condu\u00e7\u00e3o da motiva\u00e7\u00e3o ou a capacidade de resposta das camadas dentro das fibras cardiovasculares.<\/p>\n<p>Os agentes antiarr\u00edtmicos s\u00e3o frequentemente classificados em quatro grupos principais, conforme indicado pelo seu componente de atividade: bloqueio dos canais de s\u00f3dio, bloqueio beta-adren\u00e9rgico, prolongamento da repolariza\u00e7\u00e3o ou bloqueio dos canais de c\u00e1lcio.<\/p>\n<h3><strong>Comprar Gidazepam de alta qualidade<\/strong><\/h3>\n<p>A TRRCSHOP tem muitos anos de experi\u00eancia na ind\u00fastria de design de produtos qu\u00edmicos de investiga\u00e7\u00e3o, o que nos permite garantir a mais elevada qualidade destes produtos qu\u00edmicos de investiga\u00e7\u00e3o. A equipa de investiga\u00e7\u00e3o qu\u00edmica vende Gidazepam e pellets de 3mg. Os produtos qu\u00edmicos de investiga\u00e7\u00e3o, incluindo o Gidazepam, cumprem todos os requisitos de seguran\u00e7a. Os produtos qu\u00edmicos para investiga\u00e7\u00e3o s\u00e3o cuidadosamente distribu\u00eddos e armazenados num local fresco e seco.<\/p>\n<p>Todos os produtos s\u00e3o regularmente inspeccionados quanto \u00e0 sua qualidade, pureza e seguran\u00e7a. Conservar sempre o Gidazepam \u00e0 temperatura ambiente e fora do alcance das crian\u00e7as e dos animais dom\u00e9sticos. O nosso Gidazepam n\u00e3o se destina a uso pessoal. Destina-se apenas a fins de investiga\u00e7\u00e3o.<\/p>\n<p>N\u00e3o deve ser misturado com \u00e1lcool ou produtos qu\u00edmicos de pesquisa ao pesquisar este produto qu\u00edmico de pesquisa!<\/p>\n<p>Todos os nossos produtos t\u00eam um pre\u00e7o justo!<\/p>\n<h3><strong>Gidazepam testado em laborat\u00f3rio com resultados.<\/strong><\/h3>\n<p>Refaz progressos em dire\u00e7\u00e3o \u00e0 satisfa\u00e7\u00e3o geral de seus clientes. Diferentes exames mostraram que os clientes solicitam tantos dados quanto o esperado antes de comprar produtos qu\u00edmicos sint\u00e9ticos para pesquisa. Al\u00e9m disso, publicamos todos os resultados laboratoriais de cada composto de exame em um arquivo PDF.<\/p>\n<p>O nosso Gidazepam cumpre consistentemente os ingredientes activos e pode ser visto diretamente por todos.<\/p>\n<p>Distribu\u00edmos todas as consequ\u00eancias laboratoriais de cada produto qu\u00edmico de pesquisa em um documento PDF.<\/p>\n<h3><strong>Encomendar com seguran\u00e7a Gidazepam.<\/strong><\/h3>\n<p>Os produtos qu\u00edmicos de pesquisa TRRCSHOP s\u00e3o de excelente qualidade e t\u00eam um custo justo. Portanto, no momento em que voc\u00ea solicitar seu\u00a0<strong>Gidazepam\u00a0<\/strong>na TRRCSHOP garantimos que transportaremos o seu pedido para sua casa com rapidez e seguran\u00e7a.<\/p>\n<p>Solicitar compostos de pesquisa sint\u00e9tica com Bitcoin ou transfer\u00eancia banc\u00e1ria \u00e9 simples no TRRCSHOP.<\/p>\n<p>Enviamos o Gidazepam no mesmo dia \u00fatil se o pagamento for recebido antes das 14:00 CEST. Normalmente n\u00e3o efectuamos envios aos s\u00e1bados, domingos ou feriados nacionais\/internacionais<strong>.<\/strong><\/p>\n<h3><strong>Envio discreto de produtos qu\u00edmicos de pesquisa.<\/strong><\/h3>\n<p>Embora os produtos qu\u00edmicos de pesquisa de design sejam legalmente acess\u00edveis on-line, n\u00f3s da TRRCSHOP fornecemos de forma mais segura e razo\u00e1vel. N\u00f3s embalamos com muito boa discri\u00e7\u00e3o e nenhum sinal do que poderia estar dentro ser\u00e1 mostrado do lado de fora.<\/p>\n<p>Enviamos encomendas superiores a 500 euros com track and follow para que possa acompanhar o seu pacote de forma progressiva. enviamos encomendas superiores a 500 euros com percurso gratuito.<\/p>\n<p>N\u00e3o fornecemos itens para menores de 18 anos!<\/p>\n<h3><strong>Precau\u00e7\u00f5es<\/strong><\/h3>\n<ul>\n<li>Compre o equipamento de prote\u00e7\u00e3o individual adequado, como \u00f3culos e luvas. Limpe e cuide deles adequadamente. Siga sistemas seguros ao manusear produtos qu\u00edmicos de pesquisa e n\u00e3o tome atalhos.<\/li>\n<li>Se o produto qu\u00edmico da pesquisa entrar em contato com os olhos, lave bem e remova as lentes de contato, se necess\u00e1rio.<\/li>\n<li>Tente usar uma m\u00e1scara ao usar esses produtos qu\u00edmicos para que eles n\u00e3o entrem em voc\u00ea durante a respira\u00e7\u00e3o.<\/li>\n<li>Conforme indicam os m\u00e9todos suportados, manuseie, armazene e descarte com seguran\u00e7a materiais perigosos. Nunca jogue-os em esgotos ou canais.<\/li>\n<li>Armazene os produtos qu\u00edmicos de pesquisa de forma adequada, conforme indicado em seus nomes. Os produtos qu\u00edmicos inflam\u00e1veis devem ser guardados em cannabis seca e excelente, longe da intensidade e da luz solar. Alguns produtos sint\u00e9ticos, como os \u00e1cidos, devem ser guardados independentemente uns dos outros.<\/li>\n<li>TRRCSHOP oferecido para fins de pesquisa; o consumo humano \u00e9 altamente proibido.<\/li>\n<\/ul>","protected":false},"excerpt":{"rendered":"<p><strong>Nome IUPAC: <\/strong>7-bromo-5-fenil-1,2-di-hidro-3H-1,4-benzodiazepina-2-ona<\/p>\n<p><strong>CAS # <\/strong>129186-29-4<\/p>\n<p><strong>Outro nome: <\/strong>desalquilgidazepam ou bromo-nordazepam<\/p>\n<p><strong>Forma: <\/strong>pelotas<\/p>\n<p><strong>An\u00e1lise de RMN: <\/strong>C15H11BrN2O<\/p>","protected":false},"featured_media":8430,"comment_status":"open","ping_status":"closed","template":"","meta":[],"product_brand":[],"product_cat":[93],"product_tag":[],"class_list":{"0":"post-8380","1":"product","2":"type-product","3":"status-publish","4":"has-post-thumbnail","6":"product_cat-order-pills-online","8":"first","9":"instock","10":"shipping-taxable","11":"purchasable","12":"product-type-variable"},"jetpack_sharing_enabled":true,"_links":{"self":[{"href":"https:\/\/rezeptfrei-apotheke.net\/pt\/wp-json\/wp\/v2\/product\/8380","targetHints":{"allow":["GET"]}}],"collection":[{"href":"https:\/\/rezeptfrei-apotheke.net\/pt\/wp-json\/wp\/v2\/product"}],"about":[{"href":"https:\/\/rezeptfrei-apotheke.net\/pt\/wp-json\/wp\/v2\/types\/product"}],"replies":[{"embeddable":true,"href":"https:\/\/rezeptfrei-apotheke.net\/pt\/wp-json\/wp\/v2\/comments?post=8380"}],"wp:featuredmedia":[{"embeddable":true,"href":"https:\/\/rezeptfrei-apotheke.net\/pt\/wp-json\/wp\/v2\/media\/8430"}],"wp:attachment":[{"href":"https:\/\/rezeptfrei-apotheke.net\/pt\/wp-json\/wp\/v2\/media?parent=8380"}],"wp:term":[{"taxonomy":"product_brand","embeddable":true,"href":"https:\/\/rezeptfrei-apotheke.net\/pt\/wp-json\/wp\/v2\/product_brand?post=8380"},{"taxonomy":"product_cat","embeddable":true,"href":"https:\/\/rezeptfrei-apotheke.net\/pt\/wp-json\/wp\/v2\/product_cat?post=8380"},{"taxonomy":"product_tag","embeddable":true,"href":"https:\/\/rezeptfrei-apotheke.net\/pt\/wp-json\/wp\/v2\/product_tag?post=8380"}],"curies":[{"name":"wp","href":"https:\/\/api.w.org\/{rel}","templated":true}]}}