{"id":8381,"date":"2023-10-21T10:57:49","date_gmt":"2023-10-21T10:57:49","guid":{"rendered":"https:\/\/rezeptfrei-apotheke.net\/?post_type=product&#038;p=8381"},"modified":"2023-10-21T10:58:55","modified_gmt":"2023-10-21T10:58:55","slug":"flubrotizolam-05mg-bars","status":"publish","type":"product","link":"https:\/\/rezeptfrei-apotheke.net\/pt\/product\/flubrotizolam-05mg-bars\/","title":{"rendered":"FLUBROTIZOLAM 0,5MG barras"},"content":{"rendered":"<h2><strong>Informa\u00e7\u00f5es gerais sobre flubrotizolam<\/strong><\/h2>\n<p>Flubrotizolam \u00e9 um produto qu\u00edmico de pesquisa que foi introduzido no in\u00edcio de 2010<\/p>\n<p>Flubrotizolam \u00e9 um potente derivado de benzodiazep\u00ednico e produto qu\u00edmico de pesquisa que pertence \u00e0 classe das tienotriazolodiazepinas.<\/p>\n<p>\u00c9 um derivado do benzodiazep\u00ednico flubromazolam e \u00e9 relatado que tem efeitos qu\u00edmicos substanciais.<\/p>\n<p>Flubrotizolam tem o nome qu\u00edmico 8-Bromo-6-(2-fluorofenil)-1-metil-4H-[1,2,4]triazolo[4,3-a][1,4]benzodiazepina. Ele compartilha uma estrutura estrutural semelhante com outros benzodiazep\u00ednicos, consistindo em um anel de benzeno fundido com um anel de diazep\u00ednico.<\/p>\n<p>Devido \u00e0 alta pot\u00eancia do flubrotizolam, o uso necess\u00e1rio para efeitos significativos est\u00e1 na faixa de microgramas. O micrograma equivale a um mil\u00e9simo de miligrama (mg) e representa uma quantidade extremamente pequena de uma subst\u00e2ncia. A pot\u00eancia de um produto qu\u00edmico de pesquisa refere-se \u00e0 quantidade da subst\u00e2ncia necess\u00e1ria para produzir um efeito espec\u00edfico. No caso do flubrotizolam, devido \u00e0 sua alta pot\u00eancia, mesmo quantidades muito pequenas podem ter efeitos significativos no experimento.<\/p>\n<h3>\u00a0<strong>Composi\u00e7\u00e3o qu\u00edmica do flubrotizolam<\/strong><\/h3>\n<p>A composi\u00e7\u00e3o qu\u00edmica do flubrotizolam \u00e9 a seguinte:<\/p>\n<p>Nome qu\u00edmico: 8-bromo-6-(2-fluorofenil)-1-metil-4H-[1, 2, 4]triazolo[4,3-a][1,4]benzodiazepina<\/p>\n<p>F\u00f3rmula molecular: C15H10BrFN4S<\/p>\n<p>A f\u00f3rmula molecular C15H10BrFN4S representa um composto qu\u00edmico composto por quinze \u00e1tomos de carbono (C15), dez \u00e1tomos de hidrog\u00eanio (H10), um \u00e1tomo de bromo (Br), um \u00e1tomo de fl\u00faor (F), quatro \u00e1tomos de nitrog\u00eanio (N4) e um \u00e1tomo de enxofre ( S).<\/p>\n<p>Peso molecular: 371,2 g\/mol<\/p>\n<p>O flubrotizolam pertence \u00e0 classe de produtos qu\u00edmicos de pesquisa dos benzodiazep\u00ednicos e sua estrutura qu\u00edmica \u00e9 derivada do n\u00facleo dos benzodiazep\u00ednicos. Possui um sistema de anel triazolobenzodiazep\u00ednico fundido, o que lhe confere propriedades \u00fanicas.<\/p>\n<p>O n\u00facleo da benzodiazepina, que compreende um anel diazep\u00ednico fundido com um anel triazol.<\/p>\n<h3><strong>Compre flubrotizolam de alta qualidade.<\/strong><\/h3>\n<p><strong>LOJA TRRC\u00a0<\/strong>tem muitos longos per\u00edodos de envolvimento com a ind\u00fastria de planejamento qu\u00edmico de pesquisa, o que nos permite garantir o melhor desses produtos qu\u00edmicos de pesquisa.\u00a0<strong>Compra de flubrotizolam<\/strong>\u00a0\u00e9 simples e tem qualidade superior. O custo do Flubrotizolam \u00e9 menor do que o de outras organiza\u00e7\u00f5es.<\/p>\n<p>Os produtos qu\u00edmicos de pesquisa, incluindo o flubrotizolam, atendem a todos os requisitos de seguran\u00e7a. Os produtos qu\u00edmicos de pesquisa s\u00e3o cuidadosamente distribu\u00eddos e guardados em um local excelente e seco.<\/p>\n<p>Todos os itens s\u00e3o consistentemente investigados quanto \u00e0 qualidade, seguran\u00e7a e pureza.<\/p>\n<p>Nosso flubrotizolam \u00e9 apenas para uso em pesquisa. \u00c9 para fins de pesquisa, por assim dizer.<\/p>\n<p>Nossos itens t\u00eam um custo justo e voc\u00ea pode comprar o composto de pesquisa de flubrotizolam online a pre\u00e7os excepcionalmente modestos.<\/p>\n<h3><strong>Flubrotizolam testado em laborat\u00f3rio com resultados.<\/strong><\/h3>\n<p>Refaz progressos em dire\u00e7\u00e3o \u00e0 satisfa\u00e7\u00e3o geral de seus clientes. Diferentes exames mostraram que os clientes solicitam tantos dados quanto o esperado antes de comprar produtos qu\u00edmicos sint\u00e9ticos para pesquisa. Al\u00e9m disso, publicamos todos os resultados laboratoriais de cada composto de exame em um arquivo PDF.<\/p>\n<p>Nosso\u00a0<strong>pelotas de flubrotizolam\u00a0<\/strong>consistentemente atendem aos ingredientes ativos e podem ser vistos por todos.<\/p>\n<p>Distribu\u00edmos todas as consequ\u00eancias laboratoriais de cada produto qu\u00edmico de pesquisa em um documento PDF.<\/p>\n<h3><strong>Encomende com seguran\u00e7a o flubrotizolam.<\/strong><\/h3>\n<p>Os produtos qu\u00edmicos de pesquisa TRRC SHOP s\u00e3o de excelente qualidade e t\u00eam um custo justo. Portanto, quando voc\u00ea solicita seus produtos qu\u00edmicos de pesquisa no TRRC SHOP, garantimos que encaminharemos sua solicita\u00e7\u00e3o ao seu laborat\u00f3rio de pesquisa de forma r\u00e1pida e segura, pois a venda de produtos qu\u00edmicos de pesquisa est\u00e1 sempre dispon\u00edvel no TRRC SHOP.<\/p>\n<p>Solicitar compostos de pesquisa sint\u00e9tica com Bitcoin ou transfer\u00eancia banc\u00e1ria \u00e9 simples no TRRC SHOP.<\/p>\n<p>Enviamos produtos qu\u00edmicos de pesquisa no mesmo dia \u00fatil se o pagamento for recebido antes das 15h CEST.<\/p>\n<p>N\u00e3o fornecemos itens para menores de 18 anos!<\/p>\n<p><strong>Pelotas de flubrotizolam para venda<\/strong>\u00a0s\u00e3o apenas para fins de pesquisa.<\/p>\n<h3><strong>Envio discreto de produtos qu\u00edmicos de pesquisa.<\/strong><\/h3>\n<p>A TRRC SHOP embalar\u00e1 seu pedido com seguran\u00e7a para garantir o transporte adequado. Al\u00e9m disso, embalamos com perfeita discri\u00e7\u00e3o e nenhum sinal do que poderia estar dentro ser\u00e1 mostrado do lado de fora.<\/p>","protected":false},"excerpt":{"rendered":"<p><strong>Nome IUPAC: <\/strong>4-bromo-7-(2-fluorofenil)-13-metil-3-tia-1,8,11,12-tetrazatriciclo[8.3.0.02,6]trideca-2(6),4,7,10,12 -penteno<\/p>\n<p><strong>CAS # <\/strong>57801-95-3<\/p>\n<p><strong>Outro nome: <\/strong>Fanax<\/p>\n<p><strong>An\u00e1lise de RMN: <\/strong>C15H10BrFN4S<\/p>","protected":false},"featured_media":8432,"comment_status":"open","ping_status":"closed","template":"","meta":[],"product_brand":[],"product_cat":[93],"product_tag":[],"class_list":{"0":"post-8381","1":"product","2":"type-product","3":"status-publish","4":"has-post-thumbnail","6":"product_cat-order-pills-online","8":"first","9":"instock","10":"shipping-taxable","11":"purchasable","12":"product-type-variable"},"jetpack_sharing_enabled":true,"_links":{"self":[{"href":"https:\/\/rezeptfrei-apotheke.net\/pt\/wp-json\/wp\/v2\/product\/8381","targetHints":{"allow":["GET"]}}],"collection":[{"href":"https:\/\/rezeptfrei-apotheke.net\/pt\/wp-json\/wp\/v2\/product"}],"about":[{"href":"https:\/\/rezeptfrei-apotheke.net\/pt\/wp-json\/wp\/v2\/types\/product"}],"replies":[{"embeddable":true,"href":"https:\/\/rezeptfrei-apotheke.net\/pt\/wp-json\/wp\/v2\/comments?post=8381"}],"wp:featuredmedia":[{"embeddable":true,"href":"https:\/\/rezeptfrei-apotheke.net\/pt\/wp-json\/wp\/v2\/media\/8432"}],"wp:attachment":[{"href":"https:\/\/rezeptfrei-apotheke.net\/pt\/wp-json\/wp\/v2\/media?parent=8381"}],"wp:term":[{"taxonomy":"product_brand","embeddable":true,"href":"https:\/\/rezeptfrei-apotheke.net\/pt\/wp-json\/wp\/v2\/product_brand?post=8381"},{"taxonomy":"product_cat","embeddable":true,"href":"https:\/\/rezeptfrei-apotheke.net\/pt\/wp-json\/wp\/v2\/product_cat?post=8381"},{"taxonomy":"product_tag","embeddable":true,"href":"https:\/\/rezeptfrei-apotheke.net\/pt\/wp-json\/wp\/v2\/product_tag?post=8381"}],"curies":[{"name":"wp","href":"https:\/\/api.w.org\/{rel}","templated":true}]}}