{"id":8634,"date":"2023-10-21T10:58:57","date_gmt":"2023-10-21T10:58:57","guid":{"rendered":"https:\/\/rezeptfrei-apotheke.net\/?post_type=product&#038;p=8634"},"modified":"2023-10-31T09:00:43","modified_gmt":"2023-10-31T09:00:43","slug":"2-methyl-ap-237-20mg-pellets","status":"publish","type":"product","link":"https:\/\/rezeptfrei-apotheke.net\/pt\/product\/2-methyl-ap-237-20mg-pellets\/","title":{"rendered":"Pelotas de 2-METIL-AP-237 20 mg"},"content":{"rendered":"<p><strong>Declara\u00e7\u00f5es de perigo<\/strong><\/p>\n<ul>\n<li>2-METIL-AP-237 pellets de 20 mg \u00e9 um produto qu\u00edmico de pesquisa, o que significa que \u00e9 uma subst\u00e2ncia desconhecida, portanto, pode haver consequ\u00eancias desconhecidas ao fazer pesquisas, portanto, sempre tome as medidas adequadas ao fazer pesquisas.<\/li>\n<li>Produtos qu\u00edmicos de pesquisa podem causar irrita\u00e7\u00e3o respirat\u00f3ria.<\/li>\n<li>Produtos qu\u00edmicos de pesquisa podem causar irrita\u00e7\u00e3o nos olhos.<\/li>\n<li>Os produtos qu\u00edmicos de pesquisa n\u00e3o se destinam ao consumo humano, animal ou outro consumo.<\/li>\n<li>Os produtos qu\u00edmicos de pesquisa n\u00e3o devem ser despejados em esgotos ou descartados de forma inadequada.<\/li>\n<\/ul>","protected":false},"excerpt":{"rendered":"<p>Nome IUPAC:<br \/>\nForma: pelotas<br \/>\nAn\u00e1lise de RMN: N\/A<\/p>","protected":false},"featured_media":8652,"comment_status":"open","ping_status":"closed","template":"","meta":[],"product_brand":[],"product_cat":[93],"product_tag":[],"class_list":{"0":"post-8634","1":"product","2":"type-product","3":"status-publish","4":"has-post-thumbnail","6":"product_cat-order-pills-online","8":"first","9":"instock","10":"shipping-taxable","11":"purchasable","12":"product-type-variable"},"jetpack_sharing_enabled":true,"_links":{"self":[{"href":"https:\/\/rezeptfrei-apotheke.net\/pt\/wp-json\/wp\/v2\/product\/8634","targetHints":{"allow":["GET"]}}],"collection":[{"href":"https:\/\/rezeptfrei-apotheke.net\/pt\/wp-json\/wp\/v2\/product"}],"about":[{"href":"https:\/\/rezeptfrei-apotheke.net\/pt\/wp-json\/wp\/v2\/types\/product"}],"replies":[{"embeddable":true,"href":"https:\/\/rezeptfrei-apotheke.net\/pt\/wp-json\/wp\/v2\/comments?post=8634"}],"wp:featuredmedia":[{"embeddable":true,"href":"https:\/\/rezeptfrei-apotheke.net\/pt\/wp-json\/wp\/v2\/media\/8652"}],"wp:attachment":[{"href":"https:\/\/rezeptfrei-apotheke.net\/pt\/wp-json\/wp\/v2\/media?parent=8634"}],"wp:term":[{"taxonomy":"product_brand","embeddable":true,"href":"https:\/\/rezeptfrei-apotheke.net\/pt\/wp-json\/wp\/v2\/product_brand?post=8634"},{"taxonomy":"product_cat","embeddable":true,"href":"https:\/\/rezeptfrei-apotheke.net\/pt\/wp-json\/wp\/v2\/product_cat?post=8634"},{"taxonomy":"product_tag","embeddable":true,"href":"https:\/\/rezeptfrei-apotheke.net\/pt\/wp-json\/wp\/v2\/product_tag?post=8634"}],"curies":[{"name":"wp","href":"https:\/\/api.w.org\/{rel}","templated":true}]}}