{"id":8636,"date":"2023-10-21T10:58:57","date_gmt":"2023-10-21T10:58:57","guid":{"rendered":"https:\/\/rezeptfrei-apotheke.net\/?post_type=product&#038;p=8636"},"modified":"2026-02-16T10:06:18","modified_gmt":"2026-02-16T10:06:18","slug":"2-fdck-pellets-50mg","status":"publish","type":"product","link":"https:\/\/rezeptfrei-apotheke.net\/pt\/product\/2-fdck-pellets-50mg\/","title":{"rendered":"Pelotas 2-FDCK 50mg"},"content":{"rendered":"<div class=\"wpb-content-wrapper\"><div class=\"vc_row wpb_row vc_row-fluid\"><div class=\"wpb_column vc_column_container vc_col-sm-12\"><div class=\"vc_column-inner\"><div class=\"wpb_wrapper\">\n\t<div class=\"wpb_text_column wpb_content_element\" >\n\t\t<div class=\"wpb_wrapper\">\n\t\t\t<h2>Informa\u00e7\u00f5es sobre 2F-cetamina<\/h2>\n<p><a href=\"https:\/\/en.wikipedia.org\/wiki\/2-Fluorodeschloroketamine\" target=\"_blank\" rel=\"noopener\">2F-cetamina<\/a>, tamb\u00e9m conhecido como 2-fdck, \u00e9 semelhante \u00e0 cetamina usada no mundo m\u00e9dico. \u00c9 uma subst\u00e2ncia dissociativa menos conhecida pertencente \u00e0 classe das arilciclohexilaminas.<\/p>\n<p>Atualmente, a 2F-cetamina est\u00e1 dispon\u00edvel em p\u00f3.<\/p>\n<p>Segundo relatos de laborat\u00f3rios, existem muitas semelhan\u00e7as entre a cetamina e a 2F-cetamina (2-FDCK). Quimicamente, suas estruturas s\u00e3o quase as mesmas. A diferen\u00e7a est\u00e1 na composi\u00e7\u00e3o, onde o componente cloro \u00e9 substitu\u00eddo por um componente fl\u00faor.<\/p>\n<h2>Cetamina, a qu\u00edmica<\/h2>\n<p>2-FDCK \u00e9 uma arilciclohexilamina (ACH) com o nome qu\u00edmico 2-(2-clorofenil)-2-(metilamino)ciclohexanona. \u00c9 um p\u00f3 cristalino branco sol\u00favel em \u00e1gua e solventes org\u00e2nicos como etanol e acetona.<\/p>\n<p><strong>Nome IUPAC:<\/strong>\u00a02-(2-Fluorofenil)-2-metilamino-ciclohexanona<br \/>\n<strong>Dispon\u00edvel como:<\/strong>\u00a0p\u00f3, cristais<br \/>\n<strong>Pureza:<\/strong>\u00a098%+<br \/>\n<strong>Cor:<\/strong>\u00a0branco<br \/>\n<strong>Nome sistem\u00e1tico:<\/strong>\u00a0(R\/S)-2-(2-fluorofenil)-2-(metilamino)ciclohexanona<br \/>\n<strong>F\u00f3rmula:<\/strong>\u00a0C13H16FNO<br \/>\n<strong>Classe qu\u00edmica:<\/strong>\u00a0Arilciclohexilamina<\/p>\n<h2>Como a cetamina \u00e9 usada?<\/h2>\n<p>Se voc\u00ea estiver realizando pesquisas com este produto, certifique-se de tomar os cuidados laboratoriais necess\u00e1rios, como limpar superf\u00edcies e usar luvas, m\u00e1scara e roupas de prote\u00e7\u00e3o.<\/p>\n<h3>Qual \u00e9 a melhor forma de armazenar 2-FDCK?<\/h3>\n<p>Para armazenar seus produtos qu\u00edmicos de pesquisa adequadamente e garantir o melhor prazo de validade, \u00e9 altamente recomend\u00e1vel mant\u00ea-los em um ambiente seco e fresco.<\/p>\n<p>Mantenha o 2-FDCK longe de chamas abertas e do calor tanto quanto poss\u00edvel. Os produtos qu\u00edmicos de pesquisa podem ser armazenados por um per\u00edodo m\u00ednimo de 1 a 2 anos.<\/p>\n\n\t\t<\/div>\n\t<\/div>\n<\/div><\/div><\/div><\/div>\n<\/div>","protected":false},"excerpt":{"rendered":"<p><strong>An\u00e1lise de RMN: <\/strong>N \/ D<\/p>","protected":false},"featured_media":8656,"comment_status":"open","ping_status":"closed","template":"","meta":[],"product_brand":[],"product_cat":[93],"product_tag":[],"class_list":{"0":"post-8636","1":"product","2":"type-product","3":"status-publish","4":"has-post-thumbnail","6":"product_cat-order-pills-online","8":"first","9":"instock","10":"shipping-taxable","11":"purchasable","12":"product-type-variable"},"jetpack_sharing_enabled":true,"_links":{"self":[{"href":"https:\/\/rezeptfrei-apotheke.net\/pt\/wp-json\/wp\/v2\/product\/8636","targetHints":{"allow":["GET"]}}],"collection":[{"href":"https:\/\/rezeptfrei-apotheke.net\/pt\/wp-json\/wp\/v2\/product"}],"about":[{"href":"https:\/\/rezeptfrei-apotheke.net\/pt\/wp-json\/wp\/v2\/types\/product"}],"replies":[{"embeddable":true,"href":"https:\/\/rezeptfrei-apotheke.net\/pt\/wp-json\/wp\/v2\/comments?post=8636"}],"wp:featuredmedia":[{"embeddable":true,"href":"https:\/\/rezeptfrei-apotheke.net\/pt\/wp-json\/wp\/v2\/media\/8656"}],"wp:attachment":[{"href":"https:\/\/rezeptfrei-apotheke.net\/pt\/wp-json\/wp\/v2\/media?parent=8636"}],"wp:term":[{"taxonomy":"product_brand","embeddable":true,"href":"https:\/\/rezeptfrei-apotheke.net\/pt\/wp-json\/wp\/v2\/product_brand?post=8636"},{"taxonomy":"product_cat","embeddable":true,"href":"https:\/\/rezeptfrei-apotheke.net\/pt\/wp-json\/wp\/v2\/product_cat?post=8636"},{"taxonomy":"product_tag","embeddable":true,"href":"https:\/\/rezeptfrei-apotheke.net\/pt\/wp-json\/wp\/v2\/product_tag?post=8636"}],"curies":[{"name":"wp","href":"https:\/\/api.w.org\/{rel}","templated":true}]}}