{"id":8640,"date":"2023-10-21T10:58:57","date_gmt":"2023-10-21T10:58:57","guid":{"rendered":"https:\/\/rezeptfrei-apotheke.net\/?post_type=product&#038;p=8640"},"modified":"2023-10-31T08:56:23","modified_gmt":"2023-10-31T08:56:23","slug":"3d-mxe-pellets-40mg","status":"publish","type":"product","link":"https:\/\/rezeptfrei-apotheke.net\/pt\/product\/3d-mxe-pellets-40mg\/","title":{"rendered":"Pelotas 3D-MXE 40mg"},"content":{"rendered":"<p>Nome do produto: Pelotas DMXE 40mg<\/p>\n<p>Outro(s) Nome(s): Desoximetoxetamina, 3D-MXE, metetamina, cloridrato de 3-Me-2\u2032-oxo-PCE<\/p>\n<p>CAS: N\/D<\/p>\n<p>Ingrediente(s) ativo(s): DMXE HCl (40 mg)<\/p>\n<p>Outros ingredientes: MCC, di\u00f3xido de sil\u00edcio coloidal, amidoglicolato de s\u00f3dio, estearil fumarato de s\u00f3dio, E172<\/p>\n<p>Apar\u00eancia: pellet preto redondo de 8 mm<\/p>\n<p><b><u>Informa\u00e7\u00f5es:<br \/>\n<\/u><\/b><\/p>\n<p>DMXE \u00e9 uma subst\u00e2ncia dissociativa da classe das arilciclohexilaminas que produz efeitos dissociativos, anest\u00e9sicos, estimulantes e alucin\u00f3genos quando administrada.<\/p>\n<p>Acredita-se que tenha sido sintetizado pela primeira vez por um laborat\u00f3rio na Holanda em 2020 e marcado como o an\u00e1logo MXE perfeito!<\/p>\n<p>Pouco se sabe sobre o DMXE devido \u00e0 sua relativa novidade, por isso iremos fornecer informa\u00e7\u00f5es sobre a classe qu\u00edmica a que pertence \u2013 arilciclohexilaminas.<\/p>","protected":false},"excerpt":{"rendered":"<p><strong>Forma: <\/strong>pelotas<\/p>\n<p><strong>An\u00e1lise de RMN: <\/strong>N \/ D<\/p>","protected":false},"featured_media":8664,"comment_status":"open","ping_status":"closed","template":"","meta":[],"product_brand":[],"product_cat":[93],"product_tag":[],"class_list":{"0":"post-8640","1":"product","2":"type-product","3":"status-publish","4":"has-post-thumbnail","6":"product_cat-order-pills-online","8":"first","9":"instock","10":"shipping-taxable","11":"purchasable","12":"product-type-variable"},"jetpack_sharing_enabled":true,"_links":{"self":[{"href":"https:\/\/rezeptfrei-apotheke.net\/pt\/wp-json\/wp\/v2\/product\/8640","targetHints":{"allow":["GET"]}}],"collection":[{"href":"https:\/\/rezeptfrei-apotheke.net\/pt\/wp-json\/wp\/v2\/product"}],"about":[{"href":"https:\/\/rezeptfrei-apotheke.net\/pt\/wp-json\/wp\/v2\/types\/product"}],"replies":[{"embeddable":true,"href":"https:\/\/rezeptfrei-apotheke.net\/pt\/wp-json\/wp\/v2\/comments?post=8640"}],"wp:featuredmedia":[{"embeddable":true,"href":"https:\/\/rezeptfrei-apotheke.net\/pt\/wp-json\/wp\/v2\/media\/8664"}],"wp:attachment":[{"href":"https:\/\/rezeptfrei-apotheke.net\/pt\/wp-json\/wp\/v2\/media?parent=8640"}],"wp:term":[{"taxonomy":"product_brand","embeddable":true,"href":"https:\/\/rezeptfrei-apotheke.net\/pt\/wp-json\/wp\/v2\/product_brand?post=8640"},{"taxonomy":"product_cat","embeddable":true,"href":"https:\/\/rezeptfrei-apotheke.net\/pt\/wp-json\/wp\/v2\/product_cat?post=8640"},{"taxonomy":"product_tag","embeddable":true,"href":"https:\/\/rezeptfrei-apotheke.net\/pt\/wp-json\/wp\/v2\/product_tag?post=8640"}],"curies":[{"name":"wp","href":"https:\/\/api.w.org\/{rel}","templated":true}]}}