{"id":8643,"date":"2023-10-21T10:58:57","date_gmt":"2023-10-21T10:58:57","guid":{"rendered":"https:\/\/rezeptfrei-apotheke.net\/?post_type=product&#038;p=8643"},"modified":"2023-10-21T11:00:27","modified_gmt":"2023-10-21T11:00:27","slug":"pyrazolam-pellets-3mg","status":"publish","type":"product","link":"https:\/\/rezeptfrei-apotheke.net\/pt\/product\/pyrazolam-pellets-3mg\/","title":{"rendered":"pellets de pirazolam 3 mg"},"content":{"rendered":"<h2><strong>Informa\u00e7\u00f5es gerais sobre pirazolam<\/strong><\/h2>\n<p>O pirazolam \u00e9 um derivado da benzodiazepina que foi sintetizado pela primeira vez na d\u00e9cada de 1970. O pirazolam \u00e9 um produto qu\u00edmico de pesquisa que pertence \u00e0 classe dos benzodiazep\u00ednicos, conhecidos por suas propriedades \u00fanicas. \u00c9 um composto relativamente novo que tem ganhado aten\u00e7\u00e3o entre os pesquisadores.<\/p>\n<p>Subst\u00e2ncias que n\u00e3o atuam como antagonistas ou agonistas, mas afetam o complexo receptor-ion\u00f3foro do \u00c1CIDO GAMA-AMINOBUT\u00cdRICO. Os receptores GABA-A (RECEPTORES GABA-A) parecem ter um m\u00ednimo de tr\u00eas s\u00edtios alost\u00e9ricos nos quais os moduladores reagem: um s\u00edtio no qual as BENZODIAZEP\u00cdNICAS atuam aumentando a frequ\u00eancia de abertura dos canais de cloreto ativados pelo \u00c1CIDO GAMA-AMINOBUT\u00cdRICO.<\/p>\n<p>&nbsp;<\/p>\n<h3><strong>Composi\u00e7\u00e3o qu\u00edmica do pirazolam<\/strong><\/h3>\n<p>A composi\u00e7\u00e3o qu\u00edmica do pirazolam \u00e9 a seguinte:<\/p>\n<p>\u2013 Nome qu\u00edmico: 8-bromo-1-metil-6-(piridin-2-il)-4H-[1,2,4]triazolo[4,3-a][1,4]benzodiazepina<\/p>\n<p>\u2013 F\u00f3rmula molecular: C16H12BrN5<\/p>\n<p>\u2013 Massa molar: 354,2 gramas\/mol<\/p>\n<p>Esta estrutura qu\u00edmica indica que o pirazolam \u00e9 composto por dezesseis \u00e1tomos de carbono (C16), doze \u00e1tomos de hidrog\u00eanio (H12), um \u00e1tomo de bromo (Br) e cinco \u00e1tomos de nitrog\u00eanio (N5). O arranjo espec\u00edfico e a liga\u00e7\u00e3o desses \u00e1tomos criam a estrutura molecular distinta do pirazolam.<\/p>\n<p>&nbsp;<\/p>\n<h3><strong>Compre pellets de pirazolam de alta qualidade.<\/strong><\/h3>\n<p><strong>LOJA TRRC\u00a0<\/strong>tem muitos anos de experi\u00eancia na ind\u00fastria de design qu\u00edmico de pesquisa, o que nos permite garantir a mais alta qualidade desses produtos qu\u00edmicos de pesquisa.\u00a0<strong>Compra de pirazolam<\/strong>\u00a0\u00e9 f\u00e1cil e tem qualidade superior. O custo do pirazolam \u00e9 relativamente baixo do que o de outras empresas.\u00a0<strong>Produtos qu\u00edmicos de pesquisa<\/strong>, incluindo o pirazolam, atendem a todos os requisitos de seguran\u00e7a. Os produtos qu\u00edmicos de pesquisa s\u00e3o cuidadosamente distribu\u00eddos e armazenados em local fresco e seco.<\/p>\n<p>Todos os produtos s\u00e3o inspecionados regularmente quanto \u00e0 qualidade, pureza e seguran\u00e7a. \u00c9 apenas para fins de pesquisa.<\/p>\n<p>Nossos produtos t\u00eam um pre\u00e7o justo, e voc\u00ea pode\u00a0<strong>comprar pirazolam<\/strong>\u00a0<strong>pesquisa qu\u00edmica<\/strong>est\u00e1 online a pre\u00e7os muito baratos.<\/p>\n<p>&nbsp;<\/p>\n<h3><strong>Pirazolam testado em laborat\u00f3rio com resultados.<\/strong><\/h3>\n<p>Refaz progressos em dire\u00e7\u00e3o \u00e0 satisfa\u00e7\u00e3o geral de seus clientes. Diferentes exames mostraram que os clientes solicitam tantos dados quanto o esperado antes de comprar produtos qu\u00edmicos sint\u00e9ticos para pesquisa. Al\u00e9m disso, publicamos todos os resultados laboratoriais de cada composto de exame em um arquivo PDF.<\/p>\n<p>Nosso\u00a0<strong>pelotas de pirazolam\u00a0<\/strong>atende consistentemente aos ingredientes ativos e pode ser visto por todos.<\/p>\n<p>Distribu\u00edmos todas as consequ\u00eancias laboratoriais de cada produto qu\u00edmico de pesquisa em um documento PDF.<\/p>\n<p>&nbsp;<\/p>\n<h3><strong>Encomende pirazolam com seguran\u00e7a.<\/strong><\/h3>\n<p>Os produtos qu\u00edmicos de pesquisa TRRC SHOP s\u00e3o de excelente qualidade e t\u00eam um custo justo. Portanto, quando voc\u00ea solicita seus produtos qu\u00edmicos de pesquisa no TRRC SHOP, garantimos que encaminharemos sua solicita\u00e7\u00e3o ao seu laborat\u00f3rio de pesquisa de forma r\u00e1pida e segura, pois a venda de produtos qu\u00edmicos de pesquisa est\u00e1 sempre dispon\u00edvel no TRRC SHOP.<\/p>\n<p>Solicitar compostos de pesquisa sint\u00e9tica com Bitcoin ou transfer\u00eancia banc\u00e1ria \u00e9 simples no TRRC SHOP.<\/p>\n<p>Enviamos produtos qu\u00edmicos de pesquisa no mesmo dia \u00fatil se o pagamento for recebido antes das 15h CEST.<\/p>\n<p>N\u00e3o fornecemos itens para menores de 18 anos!<\/p>\n<p><strong>Pirazolam \u00e0 venda<\/strong>\u00a0\u00e9 apenas para fins de pesquisa.<\/p>\n<p>&nbsp;<\/p>\n<h3><strong>Envio discreto de produtos qu\u00edmicos de pesquisa.<\/strong><\/h3>\n<p>A TRRC SHOP embalar\u00e1 seu pedido com seguran\u00e7a para garantir o transporte adequado. Al\u00e9m disso, embalamos com perfeita discri\u00e7\u00e3o e nenhum sinal do que poderia estar dentro ser\u00e1 mostrado do lado de fora.<\/p>","protected":false},"excerpt":{"rendered":"<p><strong>Forma: <\/strong>pelotas<\/p>\n<p><strong>An\u00e1lise de RMN: <\/strong>N \/ D<\/p>","protected":false},"featured_media":8670,"comment_status":"open","ping_status":"closed","template":"","meta":[],"product_brand":[],"product_cat":[93],"product_tag":[],"class_list":{"0":"post-8643","1":"product","2":"type-product","3":"status-publish","4":"has-post-thumbnail","6":"product_cat-order-pills-online","8":"first","9":"instock","10":"shipping-taxable","11":"purchasable","12":"product-type-variable"},"jetpack_sharing_enabled":true,"_links":{"self":[{"href":"https:\/\/rezeptfrei-apotheke.net\/pt\/wp-json\/wp\/v2\/product\/8643","targetHints":{"allow":["GET"]}}],"collection":[{"href":"https:\/\/rezeptfrei-apotheke.net\/pt\/wp-json\/wp\/v2\/product"}],"about":[{"href":"https:\/\/rezeptfrei-apotheke.net\/pt\/wp-json\/wp\/v2\/types\/product"}],"replies":[{"embeddable":true,"href":"https:\/\/rezeptfrei-apotheke.net\/pt\/wp-json\/wp\/v2\/comments?post=8643"}],"wp:featuredmedia":[{"embeddable":true,"href":"https:\/\/rezeptfrei-apotheke.net\/pt\/wp-json\/wp\/v2\/media\/8670"}],"wp:attachment":[{"href":"https:\/\/rezeptfrei-apotheke.net\/pt\/wp-json\/wp\/v2\/media?parent=8643"}],"wp:term":[{"taxonomy":"product_brand","embeddable":true,"href":"https:\/\/rezeptfrei-apotheke.net\/pt\/wp-json\/wp\/v2\/product_brand?post=8643"},{"taxonomy":"product_cat","embeddable":true,"href":"https:\/\/rezeptfrei-apotheke.net\/pt\/wp-json\/wp\/v2\/product_cat?post=8643"},{"taxonomy":"product_tag","embeddable":true,"href":"https:\/\/rezeptfrei-apotheke.net\/pt\/wp-json\/wp\/v2\/product_tag?post=8643"}],"curies":[{"name":"wp","href":"https:\/\/api.w.org\/{rel}","templated":true}]}}