{"id":8649,"date":"2023-10-21T10:58:58","date_gmt":"2023-10-21T10:58:58","guid":{"rendered":"https:\/\/rezeptfrei-apotheke.net\/?post_type=product&#038;p=8649"},"modified":"2023-10-31T08:46:11","modified_gmt":"2023-10-31T08:46:11","slug":"2-fea-pellets-60mg","status":"publish","type":"product","link":"https:\/\/rezeptfrei-apotheke.net\/pt\/product\/2-fea-pellets-60mg\/","title":{"rendered":"Pelotas de 2-FEA 60mg"},"content":{"rendered":"<h2><strong>COMPRAR 2-FEA\/3-FEA<\/strong><\/h2>\n<p>3Phoria \u00e9 um produto qu\u00edmico de pesquisa que consiste em uma mistura cuidadosa de 2-FEA e 3-FEA. De acordo com relat\u00f3rios cient\u00edficos, o 2\/3-FEA produz os seguintes resultados estimulantes cl\u00e1ssicos:<\/p>\n<p>O 2-FEA \u00e9 um estimulante da classe das anfetaminas e est\u00e1 intimamente relacionado ao 2-FMA, tamb\u00e9m conhecido como 2-Fluoretanfetamina. Os resultados ap\u00f3s a pesquisa cient\u00edfica do 2-FEA s\u00e3o diferentes est\u00edmulos e euforia. O 2-FEA, em teoria, aumenta efetivamente os n\u00edveis de monoamina, neurotransmissores, dopamina, norepinefrina e serotonina.<\/p>\n<p>3-FEA, tamb\u00e9m conhecido como 3-fluorometanfetamina, \u00e9 um composto fluorado da fam\u00edlia das anfetaminas. Relat\u00f3rios de pesquisa caracterizaram o 3-FEA como um liberador triplo de monoamina moderadamente potente, dominante na serotonina, que produz uma mistura de resultados entactog\u00eanicos e levemente estimulantes em cobaias.<\/p>\n<p>&nbsp;<\/p>\n<h2><strong>COMO USAR PELLETS 2-FEA\/3-FEA (3PHORIA)?<\/strong><\/h2>\n<p>Pelotas de 2\/3-FEA prensadas em 160 mg de pelotas de alta qualidade para todas as suas necessidades de pesquisa. Armazene os pellets em local seco e fresco para m\u00e1xima vida \u00fatil. A propor\u00e7\u00e3o de cada pellet \u00e9 de 40 mg de 2-FEA para 120 mg de 3-FEA. Armazene em local seco e fresco para m\u00e1xima durabilidade. Ao manusear produtos qu\u00edmicos de pesquisa, certifique-se de sempre tomar as devidas precau\u00e7\u00f5es no laborat\u00f3rio, como limpar superf\u00edcies e usar luvas, m\u00e1scara e roupas de prote\u00e7\u00e3o.<\/p>\n<p>&nbsp;<\/p>\n<h2><strong>DEFINI\u00c7\u00c3O 2-FEA\/3-FEA (3PHORIA)<\/strong><\/h2>\n<p>A defini\u00e7\u00e3o de 2-FEA\/3FEA (3phoria) \u00e9 oficialmente conhecida como 2-Fluoroetanfetamina e 3-Fluoroetanfetamina, ambas anfetaminas sint\u00e9ticas fortes. 2-Fluoroetanfetamina e 3-Fluoroetanfetamina est\u00e3o estruturalmente relacionadas a uma s\u00e9rie de anfetaminas substitu\u00eddas fluoradas que originalmente inclu\u00edam compostos como 2-FA, 3-FA, 4-FA, 2-FMA e 4-FMA.<\/p>\n<p>&nbsp;<\/p>\n<h2><strong>INFORMA\u00c7\u00d5ES B\u00c1SICAS DE QU\u00cdMICA 2-FEA\/3-FEA (3PHORIA)<\/strong><\/h2>\n<p>2-FEA\/3-FEA s\u00e3o uma mol\u00e9cula sint\u00e9tica da classe das anfetaminas. As mol\u00e9culas desta classe cont\u00eam um n\u00facleo de fenetilamina. Este n\u00facleo \u00e9 composto por um anel fenil ligado a um grupo amino atrav\u00e9s de uma cadeia etil substitu\u00edda por um grupo metil (ou seja, as anfetaminas s\u00e3o fenetilaminas alfa-metiladas). O 3-FEA, em espec\u00edfico, \u00e9 o an\u00e1logo fluorado na posi\u00e7\u00e3o 3 da etilanfetamina, tamb\u00e9m conhecido como etanfetamina. Possui semelhan\u00e7as estruturais com a fenfluramina 3-FA. Este composto tem uma hist\u00f3ria extremamente curta de pesquisa cient\u00edfica e \u00e9 relativamente novo no mercado de pesquisa qu\u00edmica. Portanto, \u00e9 altamente recomend\u00e1vel usar pr\u00e1ticas de redu\u00e7\u00e3o de danos ao usar esta subst\u00e2ncia.<\/p>\n<p>&nbsp;<\/p>\n<h2><strong>ONDE COMPRAR 2-FEA\/3-FEA (3PHORIA)<\/strong><\/h2>\n<p>2-FEA\/3FEA (3phoria) pode ser adquirido aqui no site <a href=\"https:\/\/rezeptfrei-apotheke.net\/pt\/\">Rchemsho<\/a>site p. Vendemos 2-FEA\/3FEA (3phoria) de qualidade premium, normalmente em pellets. No entanto, muitas vezes temos outras formas de subst\u00e2ncia dispon\u00edveis, por isso n\u00e3o hesite em contactar-nos para saber se temos a sua forma de subst\u00e2ncia preferida em stock. Voc\u00ea deve ter pelo menos 18 anos para comprar 2-FEA\/3FEA (3phoria) conosco.<\/p>","protected":false},"excerpt":{"rendered":"<p><strong>Nome IUPAC: <\/strong>N-etil-2-fluoro-\u03b1-metil-benzenoetanamina, monocloridrato<\/p>\n<p><strong>CAS # <\/strong>3871-89-4<\/p>\n<p><strong>Apar\u00eancia: <\/strong>pelotas<\/p>\n<p><strong>An\u00e1lise de RMN: <\/strong>n \/ D<\/p>","protected":false},"featured_media":8707,"comment_status":"open","ping_status":"closed","template":"","meta":[],"product_brand":[],"product_cat":[93],"product_tag":[],"class_list":{"0":"post-8649","1":"product","2":"type-product","3":"status-publish","4":"has-post-thumbnail","6":"product_cat-order-pills-online","8":"first","9":"instock","10":"shipping-taxable","11":"purchasable","12":"product-type-variable"},"jetpack_sharing_enabled":true,"_links":{"self":[{"href":"https:\/\/rezeptfrei-apotheke.net\/pt\/wp-json\/wp\/v2\/product\/8649","targetHints":{"allow":["GET"]}}],"collection":[{"href":"https:\/\/rezeptfrei-apotheke.net\/pt\/wp-json\/wp\/v2\/product"}],"about":[{"href":"https:\/\/rezeptfrei-apotheke.net\/pt\/wp-json\/wp\/v2\/types\/product"}],"replies":[{"embeddable":true,"href":"https:\/\/rezeptfrei-apotheke.net\/pt\/wp-json\/wp\/v2\/comments?post=8649"}],"wp:featuredmedia":[{"embeddable":true,"href":"https:\/\/rezeptfrei-apotheke.net\/pt\/wp-json\/wp\/v2\/media\/8707"}],"wp:attachment":[{"href":"https:\/\/rezeptfrei-apotheke.net\/pt\/wp-json\/wp\/v2\/media?parent=8649"}],"wp:term":[{"taxonomy":"product_brand","embeddable":true,"href":"https:\/\/rezeptfrei-apotheke.net\/pt\/wp-json\/wp\/v2\/product_brand?post=8649"},{"taxonomy":"product_cat","embeddable":true,"href":"https:\/\/rezeptfrei-apotheke.net\/pt\/wp-json\/wp\/v2\/product_cat?post=8649"},{"taxonomy":"product_tag","embeddable":true,"href":"https:\/\/rezeptfrei-apotheke.net\/pt\/wp-json\/wp\/v2\/product_tag?post=8649"}],"curies":[{"name":"wp","href":"https:\/\/api.w.org\/{rel}","templated":true}]}}