{"id":8676,"date":"2023-10-21T10:59:18","date_gmt":"2023-10-21T10:59:18","guid":{"rendered":"https:\/\/rezeptfrei-apotheke.net\/?post_type=product&#038;p=8676"},"modified":"2023-10-31T08:42:12","modified_gmt":"2023-10-31T08:42:12","slug":"3-fma-pellets-50-mg","status":"publish","type":"product","link":"https:\/\/rezeptfrei-apotheke.net\/pt\/product\/3-fma-pellets-50-mg\/","title":{"rendered":"Pelotas de 3-FMA 50 mg"},"content":{"rendered":"<h2><strong>O que \u00e9\u00a0<\/strong><strong>3-FMA?<\/strong><\/h2>\n<p>O 3-FMA \u00e9 um produto qu\u00edmico de investiga\u00e7\u00e3o que se insere na classe qu\u00edmica das anfetaminas de substitui\u00e7\u00e3o. Em termos de estrutura qu\u00edmica, o 3-FMA \u00e9 muito semelhante ao 2-FMA, 3-FA, 4-FMA e 4-FA. 3-FMA significa 3-Fluorometanfetamina. Este produto qu\u00edmico de investiga\u00e7\u00e3o \u00e9 muito recente e, por conseguinte, n\u00e3o existe uma abund\u00e2ncia de relat\u00f3rios sobre os resultados da experimenta\u00e7\u00e3o com este produto qu\u00edmico.<\/p>\n<p>Devido a este facto, deves tomar precau\u00e7\u00f5es se tencionas fazer experi\u00eancias com este produto. Usa os teus \u00f3culos de seguran\u00e7a quando estiveres a fazer experi\u00eancias com o 3-FMA.<\/p>\n<p>&nbsp;<\/p>\n<h2><strong>Onde comprar 3-FMA?<\/strong><\/h2>\n<p>Aqui, vendemos alguns dos 3-FMA de melhor qualidade dispon\u00edveis no mercado. O nosso 3-FMA apresenta-se normalmente sob a forma de p\u00f3. No entanto, muitas vezes temos outras formas dispon\u00edveis. Por isso, n\u00e3o hesite em contactar-nos se quiser comprar 3-FMA sob outra forma.<\/p>\n<p>Voc\u00ea deve ter pelo menos 18 anos de idade e estar em total conformidade com as leis do seu pa\u00eds para comprar 3-FMA de n\u00f3s. Aceitamos todos os principais cart\u00f5es de cr\u00e9dito e tamb\u00e9m Bitcoin para pagamento. O envio no mesmo dia est\u00e1 dispon\u00edvel em muitos pa\u00edses.<\/p>\n<p>&nbsp;<\/p>\n<h2><strong>3-FMA Legalidade<\/strong><\/h2>\n<p>Aconselhamos vivamente o utilizador a consultar as leis relevantes do seu pa\u00eds de resid\u00eancia ou local de expedi\u00e7\u00e3o relativamente \u00e0 legalidade dos produtos.<\/p>\n<p>Com as nossas actuais restri\u00e7\u00f5es de transporte, tomamos todas as medidas razo\u00e1veis para reduzir o perigo para os nossos consumidores.<\/p>","protected":false},"excerpt":{"rendered":"<p><strong>Nome IUPAC: <\/strong>1-(3-Fluorofenil)-N-metilpropan-2-amina<\/p>\n<p><strong>CAS # <\/strong>1182818-14-9<\/p>\n<p><strong>Outro nome: <\/strong>3-Fluorometanfetamina<\/p>\n<p><strong>Forma: <\/strong>pelotas<\/p>\n<p><strong>An\u00e1lise de RMN: <\/strong>C10H14FN<\/p>","protected":false},"featured_media":8712,"comment_status":"open","ping_status":"closed","template":"","meta":[],"product_brand":[],"product_cat":[93],"product_tag":[],"class_list":{"0":"post-8676","1":"product","2":"type-product","3":"status-publish","4":"has-post-thumbnail","6":"product_cat-order-pills-online","8":"first","9":"instock","10":"shipping-taxable","11":"purchasable","12":"product-type-variable"},"jetpack_sharing_enabled":true,"_links":{"self":[{"href":"https:\/\/rezeptfrei-apotheke.net\/pt\/wp-json\/wp\/v2\/product\/8676","targetHints":{"allow":["GET"]}}],"collection":[{"href":"https:\/\/rezeptfrei-apotheke.net\/pt\/wp-json\/wp\/v2\/product"}],"about":[{"href":"https:\/\/rezeptfrei-apotheke.net\/pt\/wp-json\/wp\/v2\/types\/product"}],"replies":[{"embeddable":true,"href":"https:\/\/rezeptfrei-apotheke.net\/pt\/wp-json\/wp\/v2\/comments?post=8676"}],"wp:featuredmedia":[{"embeddable":true,"href":"https:\/\/rezeptfrei-apotheke.net\/pt\/wp-json\/wp\/v2\/media\/8712"}],"wp:attachment":[{"href":"https:\/\/rezeptfrei-apotheke.net\/pt\/wp-json\/wp\/v2\/media?parent=8676"}],"wp:term":[{"taxonomy":"product_brand","embeddable":true,"href":"https:\/\/rezeptfrei-apotheke.net\/pt\/wp-json\/wp\/v2\/product_brand?post=8676"},{"taxonomy":"product_cat","embeddable":true,"href":"https:\/\/rezeptfrei-apotheke.net\/pt\/wp-json\/wp\/v2\/product_cat?post=8676"},{"taxonomy":"product_tag","embeddable":true,"href":"https:\/\/rezeptfrei-apotheke.net\/pt\/wp-json\/wp\/v2\/product_tag?post=8676"}],"curies":[{"name":"wp","href":"https:\/\/api.w.org\/{rel}","templated":true}]}}