{"id":8679,"date":"2023-10-21T10:59:19","date_gmt":"2023-10-21T10:59:19","guid":{"rendered":"https:\/\/rezeptfrei-apotheke.net\/?post_type=product&#038;p=8679"},"modified":"2026-02-16T10:15:07","modified_gmt":"2026-02-16T10:15:07","slug":"2c-c-pellets-30mg","status":"publish","type":"product","link":"https:\/\/rezeptfrei-apotheke.net\/pt\/product\/2c-c-pellets-30mg\/","title":{"rendered":"Pelotas 2C-C 30mg"},"content":{"rendered":"<div class=\"wpb-content-wrapper\"><div class=\"vc_row wpb_row vc_row-fluid\"><div class=\"wpb_column vc_column_container vc_col-sm-12\"><div class=\"vc_column-inner\"><div class=\"wpb_wrapper\">\n\t<div class=\"wpb_text_column wpb_content_element\" >\n\t\t<div class=\"wpb_wrapper\">\n\t\t\t<h2>Compre pellets 2C-C \u2013 30 mg<\/h2>\n<p>Procurando um produto qu\u00edmico de pesquisa de alta qualidade para seus estudos de laborat\u00f3rio? N\u00e3o procure mais, 2C-C Pellets \u2013 30mg, agora dispon\u00edvel em <a href=\"https:\/\/rezeptfrei-apotheke.net\/pt\/\">Rchemshop<\/a>.<\/p>\n<p>Pellets 2C-C \u2013 30 mg s\u00e3o um produto qu\u00edmico de pesquisa que pertence \u00e0 fam\u00edlia 2C de psicod\u00e9licos. Este composto \u00e9 conhecido por seus efeitos alucin\u00f3genos e \u00e9 frequentemente usado para fins de pesquisa.<\/p>\n<p>Dedicamo-nos a fornecer aos nossos clientes produtos qu\u00edmicos de pesquisa da mais alta qualidade dispon\u00edveis, e nossos Pellets 2C-C \u2013 30 mg n\u00e3o s\u00e3o exce\u00e7\u00e3o. Nosso produto \u00e9 fabricado em instala\u00e7\u00f5es de \u00faltima gera\u00e7\u00e3o e exaustivamente testado quanto \u00e0 pureza e qualidade, garantindo que voc\u00ea receba apenas o melhor produto poss\u00edvel para suas necessidades de pesquisa.<\/p>\n<p>Ao trabalhar com 2C-C Pellets \u2013 30mg, \u00e9 fundamental seguir as orienta\u00e7\u00f5es e procedimentos de seguran\u00e7a recomendados e manusear o composto com cuidado. Este produto qu\u00edmico de pesquisa n\u00e3o se destina ao consumo humano e s\u00f3 deve ser usado por profissionais treinados em ambiente laboratorial controlado.<\/p>\n<p>Se voc\u00ea est\u00e1 procurando um produto qu\u00edmico de pesquisa de alta qualidade para seus estudos de laborat\u00f3rio, n\u00e3o procure mais, 2C-C Pellets \u2013 30mg da . Fa\u00e7a seu pedido agora e experimente os produtos qu\u00edmicos de pesquisa da mais alta qualidade dispon\u00edveis no mercado atualmente.<\/p>\n<p><em>Compre 2C<\/em>&#8211;<em>Pelotas C<\/em>\u00a0\u2013 30 mg s\u00e3o um produto qu\u00edmico de pesquisa que pertence \u00e0 fam\u00edlia 2C de psicod\u00e9licos. Este composto \u00e9 conhecido por seus efeitos alucin\u00f3genos<\/p>\n\n\t\t<\/div>\n\t<\/div>\n<\/div><\/div><\/div><\/div>\n<\/div>","protected":false},"excerpt":{"rendered":"<p><strong>Nome IUPAC: <\/strong>2,5-Dimetoxi-4-clorofenetilamina<\/p>\n<p><strong>CAS # <\/strong>88441-15-0<\/p>\n<p><strong>Apar\u00eancia: <\/strong>vermelho<\/p>\n<p><strong>Forma: <\/strong>pelota<\/p>\n<p><strong>An\u00e1lise de RMN: <\/strong>n \/ D<\/p>","protected":false},"featured_media":8718,"comment_status":"open","ping_status":"closed","template":"","meta":[],"product_brand":[],"product_cat":[93],"product_tag":[],"class_list":{"0":"post-8679","1":"product","2":"type-product","3":"status-publish","4":"has-post-thumbnail","6":"product_cat-order-pills-online","8":"first","9":"instock","10":"shipping-taxable","11":"purchasable","12":"product-type-variable"},"jetpack_sharing_enabled":true,"_links":{"self":[{"href":"https:\/\/rezeptfrei-apotheke.net\/pt\/wp-json\/wp\/v2\/product\/8679","targetHints":{"allow":["GET"]}}],"collection":[{"href":"https:\/\/rezeptfrei-apotheke.net\/pt\/wp-json\/wp\/v2\/product"}],"about":[{"href":"https:\/\/rezeptfrei-apotheke.net\/pt\/wp-json\/wp\/v2\/types\/product"}],"replies":[{"embeddable":true,"href":"https:\/\/rezeptfrei-apotheke.net\/pt\/wp-json\/wp\/v2\/comments?post=8679"}],"wp:featuredmedia":[{"embeddable":true,"href":"https:\/\/rezeptfrei-apotheke.net\/pt\/wp-json\/wp\/v2\/media\/8718"}],"wp:attachment":[{"href":"https:\/\/rezeptfrei-apotheke.net\/pt\/wp-json\/wp\/v2\/media?parent=8679"}],"wp:term":[{"taxonomy":"product_brand","embeddable":true,"href":"https:\/\/rezeptfrei-apotheke.net\/pt\/wp-json\/wp\/v2\/product_brand?post=8679"},{"taxonomy":"product_cat","embeddable":true,"href":"https:\/\/rezeptfrei-apotheke.net\/pt\/wp-json\/wp\/v2\/product_cat?post=8679"},{"taxonomy":"product_tag","embeddable":true,"href":"https:\/\/rezeptfrei-apotheke.net\/pt\/wp-json\/wp\/v2\/product_tag?post=8679"}],"curies":[{"name":"wp","href":"https:\/\/api.w.org\/{rel}","templated":true}]}}