{"id":8682,"date":"2023-10-21T10:59:19","date_gmt":"2023-10-21T10:59:19","guid":{"rendered":"https:\/\/rezeptfrei-apotheke.net\/?post_type=product&#038;p=8682"},"modified":"2023-10-30T21:47:55","modified_gmt":"2023-10-30T21:47:55","slug":"5-meo-mipt-pellets-15mg","status":"publish","type":"product","link":"https:\/\/rezeptfrei-apotheke.net\/pt\/product\/5-meo-mipt-pellets-15mg\/","title":{"rendered":"Pelotas de 5-MeO-MiPT 15 mg"},"content":{"rendered":"<h2><span class=\"\">Pellets Moxy Order 5-MeO-MiPT 10mg<\/span><\/h2>\n<p><strong>5-MeO-MiPT<\/strong>\u00a0\u00e9 uma subst\u00e2ncia que s\u00f3 \u00e9 vendida para fins de investiga\u00e7\u00e3o e, portanto, n\u00e3o se destina ao consumo.<\/p>\n<p><strong>Ganhe 5 blisters (50 pellets) e pague 4!\u00a0<\/strong><em>(j\u00e1 inclu\u00eddo no pre\u00e7o graduado.)<\/em><\/p>\n<p>O 5-MeO-MiPT mant\u00e9m sua estabilidade por at\u00e9 2 anos quando armazenado em ambiente adequado. O 5-MeOMiPT destina-se a fins de investiga\u00e7\u00e3o e n\u00e3o a consumo. Por isso \u00e9 importante que o produto seja mantido fora do alcance de crian\u00e7as e animais de estima\u00e7\u00e3o.<\/p>\n<p>Oferecemos produtos qu\u00edmicos de pesquisa de boa qualidade por um pre\u00e7o justo. Seu pedido ser\u00e1 enviado todos os dias dentro de 24 horas. Portanto, ordene\u00a0<em>5MeOMiPT<\/em>\u00a0com seguran\u00e7a e rapidez via professor.nl!<\/p>\n<h3>Propriedades 5-MeO-MiPT<\/h3>\n<p><strong>Sin\u00f4nimo:<\/strong>\u00a0Cloridrato de 5-metoxi-N-isopropil-N-metiltriptamina<br \/>\n<strong>N\u00famero CAS:<\/strong>\u00a096096-55-8<br \/>\n<strong>F\u00f3rmula:<\/strong>\u00a0N-[2-(5-metoxi-1H-indol-3-il)etil]-N-metilpropan-2-amina<br \/>\n<strong>Massa molar:<\/strong>\u00a0246.354 gmol<br \/>\n<strong>Pureza:<\/strong>\u00a0&gt;97%<\/p>\n<h3>O que \u00e9 5-MeO-MiPT?<\/h3>\n<p>5-MeO-MiPT, tamb\u00e9m conhecido como &#039;Moxy&#039;, \u00e9 um produto qu\u00edmico de pesquisa que pertence \u00e0 fam\u00edlia das triptaminas. Foi sintetizado e estudado pela primeira vez por cientistas no final da d\u00e9cada de 1980 como parte de pesquisas em andamento sobre a estrutura e os efeitos dos compostos psicoativos. A investiga\u00e7\u00e3o inicial sobre o 5-MeO-MiPT centrou-se nos seus efeitos em modelos animais, com o objetivo de compreender o seu perfil farmacol\u00f3gico e potenciais aplica\u00e7\u00f5es terap\u00eauticas. Ao estudar as suas interac\u00e7\u00f5es com diferentes sistemas de neurotransmissores, os investigadores pretendiam descobrir o mecanismo de ac\u00e7\u00e3o do composto e explorar os seus efeitos potenciais no comportamento, percep\u00e7\u00e3o e cogni\u00e7\u00e3o.<\/p>\n<p>Os pesquisadores continuam a estudar o 5-MeO-MiPT para expandir nossa compreens\u00e3o de seus efeitos no c\u00e9rebro e no comportamento. Eles exploram suas potenciais aplica\u00e7\u00f5es terap\u00eauticas, como seu uso em pesquisas em sa\u00fade mental e no tratamento de diversos transtornos psicol\u00f3gicos. Al\u00e9m disso, h\u00e1 estudos em andamento que visam elucidar o papel dessa subst\u00e2ncia na neuroci\u00eancia, na pesquisa da consci\u00eancia e na explora\u00e7\u00e3o de estados alterados de consci\u00eancia.<\/p>\n<h3>Como surgiu o 5-MeO-MiPT?<\/h3>\n<p>5-MeO-MiPT \u00e9 um RC que se enquadra na categoria de triptamina. Foi sintetizado e estudado pela primeira vez por cientistas no final da d\u00e9cada de 1980, como parte de suas pesquisas em andamento sobre compostos psicoativos e seus efeitos no c\u00e9rebro. O objetivo principal da pesquisa sobre o 5-MeO-MiPT foi obter mais informa\u00e7\u00f5es sobre sua estrutura qu\u00edmica, propriedades e poss\u00edveis efeitos psicoativos. Os cientistas estavam particularmente interessados em explorar as suas semelhan\u00e7as com outras triptaminas e o seu potencial como composto psicad\u00e9lico.<\/p>\n<p>A s\u00edntese do 5-MeO-MiPT envolveu uma s\u00e9rie de procedimentos laboratoriais cuidadosamente elaborados para garantir pureza e estabilidade. Os cientistas realizaram an\u00e1lises minuciosas da sua estrutura molecular e realizaram v\u00e1rios testes para avaliar a sua pot\u00eancia e interac\u00e7\u00f5es com receptores no c\u00e9rebro. Inicialmente, a investiga\u00e7\u00e3o do 5-MeO-MiPT centrou-se no estudo dos seus efeitos em modelos animais. Isto permitiu aos investigadores investigar o perfil farmacol\u00f3gico e explorar potenciais aplica\u00e7\u00f5es terap\u00eauticas. Ao investigar as intera\u00e7\u00f5es com diferentes sistemas de neurotransmissores, os cientistas pretendiam revelar o mecanismo de a\u00e7\u00e3o e obter informa\u00e7\u00f5es sobre a influ\u00eancia no comportamento, na percep\u00e7\u00e3o e na cogni\u00e7\u00e3o.<\/p>\n<p>A pesquisa em andamento sobre o 5-MeO-MiPT visa expandir nossa compreens\u00e3o de seus efeitos no c\u00e9rebro e no comportamento. Os cientistas continuam a investigar potenciais aplica\u00e7\u00f5es terap\u00eauticas, tais como a utiliza\u00e7\u00e3o em investiga\u00e7\u00e3o em sa\u00fade mental e no tratamento de v\u00e1rios dist\u00farbios psicol\u00f3gicos. Al\u00e9m disso, est\u00e3o em andamento estudos para explorar seu papel na neuroci\u00eancia, na pesquisa da consci\u00eancia e na explora\u00e7\u00e3o de estados alterados de consci\u00eancia.<\/p>\n<h3>Declara\u00e7\u00e3o de perigo<\/h3>\n<p>5-MeO-MiPT pode causar irrita\u00e7\u00e3o respirat\u00f3ria.<br \/>\n5-MeO-MiPT pode causar irrita\u00e7\u00e3o nos olhos.<br \/>\n\u00c9 proibido descarregar produtos qu\u00edmicos de pesquisa no meio ambiente.<\/p>","protected":false},"excerpt":{"rendered":"<p><strong>Nome IUPAC:<\/strong><\/p>\n<p><strong>CAS # <\/strong>96096-55-8<\/p>\n<p><strong>Apar\u00eancia: <\/strong>Verde<\/p>\n<p><strong>Forma: <\/strong>pelotas<\/p>\n<p><strong>An\u00e1lise de RMN: <\/strong>C15H22N2O<\/p>","protected":false},"featured_media":8721,"comment_status":"open","ping_status":"closed","template":"","meta":[],"product_brand":[],"product_cat":[93],"product_tag":[],"class_list":{"0":"post-8682","1":"product","2":"type-product","3":"status-publish","4":"has-post-thumbnail","6":"product_cat-order-pills-online","8":"first","9":"instock","10":"shipping-taxable","11":"purchasable","12":"product-type-variable"},"jetpack_sharing_enabled":true,"_links":{"self":[{"href":"https:\/\/rezeptfrei-apotheke.net\/pt\/wp-json\/wp\/v2\/product\/8682","targetHints":{"allow":["GET"]}}],"collection":[{"href":"https:\/\/rezeptfrei-apotheke.net\/pt\/wp-json\/wp\/v2\/product"}],"about":[{"href":"https:\/\/rezeptfrei-apotheke.net\/pt\/wp-json\/wp\/v2\/types\/product"}],"replies":[{"embeddable":true,"href":"https:\/\/rezeptfrei-apotheke.net\/pt\/wp-json\/wp\/v2\/comments?post=8682"}],"wp:featuredmedia":[{"embeddable":true,"href":"https:\/\/rezeptfrei-apotheke.net\/pt\/wp-json\/wp\/v2\/media\/8721"}],"wp:attachment":[{"href":"https:\/\/rezeptfrei-apotheke.net\/pt\/wp-json\/wp\/v2\/media?parent=8682"}],"wp:term":[{"taxonomy":"product_brand","embeddable":true,"href":"https:\/\/rezeptfrei-apotheke.net\/pt\/wp-json\/wp\/v2\/product_brand?post=8682"},{"taxonomy":"product_cat","embeddable":true,"href":"https:\/\/rezeptfrei-apotheke.net\/pt\/wp-json\/wp\/v2\/product_cat?post=8682"},{"taxonomy":"product_tag","embeddable":true,"href":"https:\/\/rezeptfrei-apotheke.net\/pt\/wp-json\/wp\/v2\/product_tag?post=8682"}],"curies":[{"name":"wp","href":"https:\/\/api.w.org\/{rel}","templated":true}]}}