{"id":8683,"date":"2023-10-21T10:59:19","date_gmt":"2023-10-21T10:59:19","guid":{"rendered":"https:\/\/rezeptfrei-apotheke.net\/?post_type=product&#038;p=8683"},"modified":"2023-10-30T21:55:34","modified_gmt":"2023-10-30T21:55:34","slug":"3-fpm-pellets-60mg","status":"publish","type":"product","link":"https:\/\/rezeptfrei-apotheke.net\/pt\/product\/3-fpm-pellets-60mg\/","title":{"rendered":"Pelotas de 3-FPM 60 mg"},"content":{"rendered":"<h2><strong>O que \u00e9 3-FPM?<\/strong><\/h2>\n<p>3-FPM \u00e9 a abrevia\u00e7\u00e3o de 3-Fluorofenmetrazina. 3-FPM \u00e9 um produto qu\u00edmico de pesquisa que possui fortes propriedades estimulantes. O 3-FPM se enquadra na classe de produtos qu\u00edmicos fenol morfolina. Os resultados experimentais do 3-FPM s\u00e3o geralmente considerados muito semelhantes e quase id\u00eanticos aos da anfetamina. Os resultados experimentais do 3-FPM s\u00e3o frequentemente descritos como menos intensos do que os da anfetamina ou de outros estimulantes.<\/p>\n<h2><strong>Onde comprar 3-FPM?<\/strong><\/h2>\n<p>Aqui no <a href=\"https:\/\/rezeptfrei-apotheke.net\/pt\/\">Rchemshop<\/a> temos 3-FPM de alta qualidade para venda. Nosso 3-FPM est\u00e1 dispon\u00edvel em p\u00f3 e pellets. Portanto, independentemente do estado qu\u00edmico que voc\u00ea preferir entre essas duas op\u00e7\u00f5es, n\u00f3s temos o que voc\u00ea precisa.<\/p>\n<p>O 3-FPM que temos dispon\u00edvel para venda destina-se apenas para fins de pesquisa. N\u00e3o se destina ao uso interno. Voc\u00ea tamb\u00e9m deve ter mais de 18 anos para comprar 3-FPM conosco e estar em total conformidade legal com as leis do seu pa\u00eds.<\/p>\n<h2><strong>Situa\u00e7\u00e3o Jur\u00eddica 3-FPM<\/strong><\/h2>\n<p>\u00c9 ilegal comprar, vender ou possuir 3-FPM em Israel, na Su\u00ed\u00e7a e nos Estados Unidos. No Reino Unido, \u00e9 considerado um an\u00e1logo da fenmetrazina, que \u00e9 um medicamento de classe II quando utilizado para consumo humano.<\/p>","protected":false},"excerpt":{"rendered":"<p><strong>Nome IUPAC: <\/strong>2-(3-fluorofenil)-3-metilmorfolina, monocloridrato<\/p>\n<p><strong>CAS # <\/strong>1803562-83-5<\/p>\n<p><strong>Outro nome: <\/strong>3-Fluorofenmetrazina (cloridrato)<\/p>\n<p><strong>Apar\u00eancia: <\/strong>pelotas<\/p>\n<p><strong>An\u00e1lise de RMN: <\/strong>C11H14FNO \u2022 HCl<\/p>","protected":false},"featured_media":8736,"comment_status":"open","ping_status":"closed","template":"","meta":[],"product_brand":[],"product_cat":[93],"product_tag":[],"class_list":{"0":"post-8683","1":"product","2":"type-product","3":"status-publish","4":"has-post-thumbnail","6":"product_cat-order-pills-online","8":"first","9":"instock","10":"shipping-taxable","11":"purchasable","12":"product-type-variable"},"jetpack_sharing_enabled":true,"_links":{"self":[{"href":"https:\/\/rezeptfrei-apotheke.net\/pt\/wp-json\/wp\/v2\/product\/8683","targetHints":{"allow":["GET"]}}],"collection":[{"href":"https:\/\/rezeptfrei-apotheke.net\/pt\/wp-json\/wp\/v2\/product"}],"about":[{"href":"https:\/\/rezeptfrei-apotheke.net\/pt\/wp-json\/wp\/v2\/types\/product"}],"replies":[{"embeddable":true,"href":"https:\/\/rezeptfrei-apotheke.net\/pt\/wp-json\/wp\/v2\/comments?post=8683"}],"wp:featuredmedia":[{"embeddable":true,"href":"https:\/\/rezeptfrei-apotheke.net\/pt\/wp-json\/wp\/v2\/media\/8736"}],"wp:attachment":[{"href":"https:\/\/rezeptfrei-apotheke.net\/pt\/wp-json\/wp\/v2\/media?parent=8683"}],"wp:term":[{"taxonomy":"product_brand","embeddable":true,"href":"https:\/\/rezeptfrei-apotheke.net\/pt\/wp-json\/wp\/v2\/product_brand?post=8683"},{"taxonomy":"product_cat","embeddable":true,"href":"https:\/\/rezeptfrei-apotheke.net\/pt\/wp-json\/wp\/v2\/product_cat?post=8683"},{"taxonomy":"product_tag","embeddable":true,"href":"https:\/\/rezeptfrei-apotheke.net\/pt\/wp-json\/wp\/v2\/product_tag?post=8683"}],"curies":[{"name":"wp","href":"https:\/\/api.w.org\/{rel}","templated":true}]}}