{"id":8684,"date":"2023-10-21T10:59:19","date_gmt":"2023-10-21T10:59:19","guid":{"rendered":"https:\/\/rezeptfrei-apotheke.net\/?post_type=product&#038;p=8684"},"modified":"2023-10-30T21:59:22","modified_gmt":"2023-10-30T21:59:22","slug":"2-3-fea-pellets-50mg-125mg","status":"publish","type":"product","link":"https:\/\/rezeptfrei-apotheke.net\/pt\/product\/2-3-fea-pellets-50mg-125mg\/","title":{"rendered":"Pelotas 2\/3-FEA 50mg\/125mg"},"content":{"rendered":"<p>Voc\u00ea quer\u00a0<strong>comprar p\u00f3 3-FEA<\/strong>, 3-Fluoroetanfetamina? Ent\u00e3o voc\u00ea veio ao lugar certo! Todos os produtos qu\u00edmicos de pesquisa em nossa loja virtual s\u00e3o testados em laborat\u00f3rio e s\u00e3o da mais pura qualidade. Os pedidos s\u00e3o embalados discretamente e enviados em 24 horas. Al\u00e9m disso, voc\u00ea pode pagar com seguran\u00e7a e rapidez via Bitcoin e criptografia.<\/p>\n<h3>Onde posso comprar 3-FEA?<\/h3>\n<p>Na nossa loja virtual voc\u00ea pode encontrar todos os seus\u00a0<strong>produtos qu\u00edmicos de pesquisa<\/strong>\u00a0e aqui voc\u00ea tamb\u00e9m pode solicitar o 3-FEA da melhor qualidade.<\/p>\n<p>Esta subst\u00e2ncia destina-se apenas a uso laboratorial.<\/p>\n<p>Certifique-se sempre de tomar as precau\u00e7\u00f5es de seguran\u00e7a adequadas. Por exemplo, lembre-se de cobrir a pele exposta e usar \u00f3culos de seguran\u00e7a.<\/p>\n<p><em><strong>Observe:<\/strong>\u00a0Tal como outros produtos qu\u00edmicos de investiga\u00e7\u00e3o, o 3-FEA destina-se apenas a fins de investiga\u00e7\u00e3o e n\u00e3o deve de forma alguma ser consumido por seres humanos, animais ou outros organismos vivos.<\/em><\/p>\n<p>Armazene em local seco e fresco para m\u00e1xima durabilidade.<\/p>","protected":false},"excerpt":{"rendered":"<p><strong>Nome IUPAC: <\/strong>nulo<\/p>\n<p><strong>CAS # <\/strong>3871-89-4 \/ 54982-43-3<\/p>\n<p><strong>Outro nome: <\/strong>2-Fluoroetil Anfetamina \/ 3-Fluoroetilanfetamina<\/p>\n<p><strong>Apar\u00eancia: <\/strong>Pelotas<\/p>\n<p><strong>Forma: <\/strong>pelotas<\/p>\n<p><strong>An\u00e1lise de RMN: <\/strong>N \/ D<\/p>","protected":false},"featured_media":8737,"comment_status":"open","ping_status":"closed","template":"","meta":[],"product_brand":[],"product_cat":[93],"product_tag":[],"class_list":{"0":"post-8684","1":"product","2":"type-product","3":"status-publish","4":"has-post-thumbnail","6":"product_cat-order-pills-online","8":"first","9":"instock","10":"shipping-taxable","11":"purchasable","12":"product-type-variable"},"jetpack_sharing_enabled":true,"_links":{"self":[{"href":"https:\/\/rezeptfrei-apotheke.net\/pt\/wp-json\/wp\/v2\/product\/8684","targetHints":{"allow":["GET"]}}],"collection":[{"href":"https:\/\/rezeptfrei-apotheke.net\/pt\/wp-json\/wp\/v2\/product"}],"about":[{"href":"https:\/\/rezeptfrei-apotheke.net\/pt\/wp-json\/wp\/v2\/types\/product"}],"replies":[{"embeddable":true,"href":"https:\/\/rezeptfrei-apotheke.net\/pt\/wp-json\/wp\/v2\/comments?post=8684"}],"wp:featuredmedia":[{"embeddable":true,"href":"https:\/\/rezeptfrei-apotheke.net\/pt\/wp-json\/wp\/v2\/media\/8737"}],"wp:attachment":[{"href":"https:\/\/rezeptfrei-apotheke.net\/pt\/wp-json\/wp\/v2\/media?parent=8684"}],"wp:term":[{"taxonomy":"product_brand","embeddable":true,"href":"https:\/\/rezeptfrei-apotheke.net\/pt\/wp-json\/wp\/v2\/product_brand?post=8684"},{"taxonomy":"product_cat","embeddable":true,"href":"https:\/\/rezeptfrei-apotheke.net\/pt\/wp-json\/wp\/v2\/product_cat?post=8684"},{"taxonomy":"product_tag","embeddable":true,"href":"https:\/\/rezeptfrei-apotheke.net\/pt\/wp-json\/wp\/v2\/product_tag?post=8684"}],"curies":[{"name":"wp","href":"https:\/\/api.w.org\/{rel}","templated":true}]}}