{"id":8686,"date":"2023-10-21T10:59:19","date_gmt":"2023-10-21T10:59:19","guid":{"rendered":"https:\/\/rezeptfrei-apotheke.net\/?post_type=product&#038;p=8686"},"modified":"2023-10-31T07:31:48","modified_gmt":"2023-10-31T07:31:48","slug":"4-ho-met-pellets-20mg","status":"publish","type":"product","link":"https:\/\/rezeptfrei-apotheke.net\/pt\/product\/4-ho-met-pellets-20mg\/","title":{"rendered":"Pelotas 4-HO-MET 20 mg"},"content":{"rendered":"<p>Encomende pellets de 4-AcO-MET 20 mg, 4-HO-MET (metocina, metilcibina ou 4-hidroxi-<i>N<\/i>-metilo-<i>N<\/i>-etiltriptamina) \u00e9 um produto qu\u00edmico de pesquisa da classe das triptaminas com efeitos psicod\u00e9licos. Este produto qu\u00edmico de pesquisa atua agindo nos receptores de serotonina presentes no sistema nervoso central. Relatos aned\u00f3ticos sugerem que os resultados deste produto s\u00e3o quase id\u00eanticos aos da psilocina (o principal ingrediente ativo dos cogumelos m\u00e1gicos). Este produto qu\u00edmico de pesquisa foi sintetizado pela primeira vez por Alexander Shulgin e foi documentado em seu livro TiHKAL (Tryptamines I Have Known and Loved).<\/p>","protected":false},"excerpt":{"rendered":"<p><strong>Nome IUPAC: <\/strong>3-(2-[Isopropil (metil) amino]etil)-1H-indol-4-ol<\/p>\n<p><strong>Outro nome: <\/strong>4-hidroxi-N-metil-N-isopropiltriptamina<\/p>\n<p><strong>Forma: <\/strong>pelotas<\/p>\n<p><strong>An\u00e1lise de RMN: <\/strong>N \/ D<\/p>","protected":false},"featured_media":8739,"comment_status":"open","ping_status":"closed","template":"","meta":[],"product_brand":[],"product_cat":[93],"product_tag":[98,99,100,101,102,103],"class_list":{"0":"post-8686","1":"product","2":"type-product","3":"status-publish","4":"has-post-thumbnail","6":"product_cat-order-pills-online","7":"product_tag-4-aco-met-pellets-20mg","8":"product_tag-4-aco-with","9":"product_tag-4acomet","10":"product_tag-buy-tryptamines","11":"product_tag-pellets","12":"product_tag-tryptamine","14":"first","15":"instock","16":"shipping-taxable","17":"purchasable","18":"product-type-variable"},"jetpack_sharing_enabled":true,"_links":{"self":[{"href":"https:\/\/rezeptfrei-apotheke.net\/pt\/wp-json\/wp\/v2\/product\/8686","targetHints":{"allow":["GET"]}}],"collection":[{"href":"https:\/\/rezeptfrei-apotheke.net\/pt\/wp-json\/wp\/v2\/product"}],"about":[{"href":"https:\/\/rezeptfrei-apotheke.net\/pt\/wp-json\/wp\/v2\/types\/product"}],"replies":[{"embeddable":true,"href":"https:\/\/rezeptfrei-apotheke.net\/pt\/wp-json\/wp\/v2\/comments?post=8686"}],"wp:featuredmedia":[{"embeddable":true,"href":"https:\/\/rezeptfrei-apotheke.net\/pt\/wp-json\/wp\/v2\/media\/8739"}],"wp:attachment":[{"href":"https:\/\/rezeptfrei-apotheke.net\/pt\/wp-json\/wp\/v2\/media?parent=8686"}],"wp:term":[{"taxonomy":"product_brand","embeddable":true,"href":"https:\/\/rezeptfrei-apotheke.net\/pt\/wp-json\/wp\/v2\/product_brand?post=8686"},{"taxonomy":"product_cat","embeddable":true,"href":"https:\/\/rezeptfrei-apotheke.net\/pt\/wp-json\/wp\/v2\/product_cat?post=8686"},{"taxonomy":"product_tag","embeddable":true,"href":"https:\/\/rezeptfrei-apotheke.net\/pt\/wp-json\/wp\/v2\/product_tag?post=8686"}],"curies":[{"name":"wp","href":"https:\/\/api.w.org\/{rel}","templated":true}]}}