{"id":8687,"date":"2023-10-21T10:59:19","date_gmt":"2023-10-21T10:59:19","guid":{"rendered":"https:\/\/rezeptfrei-apotheke.net\/?post_type=product&#038;p=8687"},"modified":"2026-02-16T10:24:49","modified_gmt":"2026-02-16T10:24:49","slug":"2c-b-fly-pellets-10mg","status":"publish","type":"product","link":"https:\/\/rezeptfrei-apotheke.net\/pt\/product\/2c-b-fly-pellets-10mg\/","title":{"rendered":"Pelotas 2C-B-FLY 10mg"},"content":{"rendered":"<div class=\"wpb-content-wrapper\"><div class=\"vc_row wpb_row vc_row-fluid\"><div class=\"wpb_column vc_column_container vc_col-sm-12\"><div class=\"vc_column-inner\"><div class=\"wpb_wrapper\">\n\t<div class=\"wpb_text_column wpb_content_element\" >\n\t\t<div class=\"wpb_wrapper\">\n\t\t\t<h2>Comprar 2C-B-FLY<\/h2>\n<p>O 2C-B-FLY \u00e9 um produto qu\u00edmico de investiga\u00e7\u00e3o e s\u00f3 deve ser utilizado para este fim. No entanto, o 2C-B-FLY tamb\u00e9m pode ter efeitos no corpo quando consumido. Note-se que estes efeitos n\u00e3o s\u00e3o apenas positivos e que h\u00e1 uma raz\u00e3o para que o 2C-B-FLY s\u00f3 deva ser utilizado para fins cient\u00edficos. Aqui discutiremos os efeitos para garantir que est\u00e1 a us\u00e1-lo apenas para os fins certos.<br \/>\nA Funcaps s\u00f3 vende 2C-B-FLY. Pode comprar 2C-B-FLY na Rchemshop. Garantimos uma elevada qualidade, pelo que pode utiliz\u00e1-lo para fins de investiga\u00e7\u00e3o e n\u00e3o para consumo.<\/p>\n\n\t\t<\/div>\n\t<\/div>\n<\/div><\/div><\/div><\/div>\n<\/div>","protected":false},"excerpt":{"rendered":"<p><strong>Nome IUPAC: <\/strong>2-(4-bromo-2,3,6,7-tetrahidrofuro[2,3-f][1]benzofuran-8-il)etanamina<\/p>\n<p><strong>CAS # <\/strong>733720-95-1<\/p>\n<p><strong>Outro nome: <\/strong>2-(4-bromo-2,3,6,7-tetrahidrofuro[2,3-f][1]benzofuran-8-il)etanamina<\/p>\n<p><strong>Apar\u00eancia: <\/strong>Pelotas de 10 mg<\/p>\n<p><strong>Forma: <\/strong>pelota<\/p>\n<p><strong>An\u00e1lise de RMN: <\/strong>C12H14BrNO2<\/p>","protected":false},"featured_media":8740,"comment_status":"open","ping_status":"closed","template":"","meta":[],"product_brand":[],"product_cat":[93],"product_tag":[],"class_list":{"0":"post-8687","1":"product","2":"type-product","3":"status-publish","4":"has-post-thumbnail","6":"product_cat-order-pills-online","8":"first","9":"instock","10":"shipping-taxable","11":"purchasable","12":"product-type-variable"},"jetpack_sharing_enabled":true,"_links":{"self":[{"href":"https:\/\/rezeptfrei-apotheke.net\/pt\/wp-json\/wp\/v2\/product\/8687","targetHints":{"allow":["GET"]}}],"collection":[{"href":"https:\/\/rezeptfrei-apotheke.net\/pt\/wp-json\/wp\/v2\/product"}],"about":[{"href":"https:\/\/rezeptfrei-apotheke.net\/pt\/wp-json\/wp\/v2\/types\/product"}],"replies":[{"embeddable":true,"href":"https:\/\/rezeptfrei-apotheke.net\/pt\/wp-json\/wp\/v2\/comments?post=8687"}],"wp:featuredmedia":[{"embeddable":true,"href":"https:\/\/rezeptfrei-apotheke.net\/pt\/wp-json\/wp\/v2\/media\/8740"}],"wp:attachment":[{"href":"https:\/\/rezeptfrei-apotheke.net\/pt\/wp-json\/wp\/v2\/media?parent=8687"}],"wp:term":[{"taxonomy":"product_brand","embeddable":true,"href":"https:\/\/rezeptfrei-apotheke.net\/pt\/wp-json\/wp\/v2\/product_brand?post=8687"},{"taxonomy":"product_cat","embeddable":true,"href":"https:\/\/rezeptfrei-apotheke.net\/pt\/wp-json\/wp\/v2\/product_cat?post=8687"},{"taxonomy":"product_tag","embeddable":true,"href":"https:\/\/rezeptfrei-apotheke.net\/pt\/wp-json\/wp\/v2\/product_tag?post=8687"}],"curies":[{"name":"wp","href":"https:\/\/api.w.org\/{rel}","templated":true}]}}