{"id":8688,"date":"2023-10-21T10:59:19","date_gmt":"2023-10-21T10:59:19","guid":{"rendered":"https:\/\/rezeptfrei-apotheke.net\/?post_type=product&#038;p=8688"},"modified":"2023-10-31T07:35:07","modified_gmt":"2023-10-31T07:35:07","slug":"bk-2c-b-hcl","status":"publish","type":"product","link":"https:\/\/rezeptfrei-apotheke.net\/pt\/product\/bk-2c-b-hcl\/","title":{"rendered":"bk-2C-BHCl"},"content":{"rendered":"<h2><strong>Informa\u00e7\u00f5es gerais sobre bk-2C-B HCL<\/strong><\/h2>\n<p><strong>bk-2C-BHCl<\/strong>\u00a0\u00e9 um produto qu\u00edmico planejador de pesquisa, ainda mais explicitamente uma catinona simples da subst\u00e2ncia controlada 2C-B (2,5-dimetoxi-4-bromofenetilamina), que Alexander Shulgin incorporou pela primeira vez. N\u00e3o se sabe quem primeiro sintetizou o bk-2C-B, mas ele j\u00e1 estava dispon\u00edvel em meados de 2013 como um produto qu\u00edmico para explora\u00e7\u00e3o esportiva.<\/p>\n<p>Com o passar dos anos, surgiram alguns artigos revelando caracteriza\u00e7\u00f5es anal\u00edticas da subst\u00e2ncia. \u00c9 oferecido em sites e \u00e9 chamado de exame sint\u00e9tico alucin\u00f3geno.<\/p>\n<p>Desde 12 de outubro de 2016, o bk-2C-B tornou-se a subst\u00e2ncia controlada do Canad\u00e1 (Cronograma III). Tamb\u00e9m \u00e9 ilegal na Alemanha, na Su\u00ed\u00e7a e no Reino Unificado.<\/p>\n<h3><strong>Composi\u00e7\u00e3o qu\u00edmica do bk-2C-B HCL<\/strong><\/h3>\n<p>Seu nome convencional \u00e9 2-amino-1-(4-Bromo-2, 5-dimetoxi fenil)-etanona, monocloridrato, e sua equa\u00e7\u00e3o subat\u00f4mica \u00e9 C10H12BrNO3 \u2022 HCl.<\/p>\n<p>Bk-2C-B \u00e9 uma fenetilamina substitu\u00edda. Destaca substituintes metoxi em R2 e R5 e bromo em R4. Um grupo de cetonas est\u00e1 dispon\u00edvel na posi\u00e7\u00e3o beta (\u03b2) do \u00fatil grupo de aminas associado ao carbono alfa (\u03b1), fazendo com que seu nome mostre que \u00e9 um simples prim\u00e1rio de 2C-B. Devido \u00e0 concentra\u00e7\u00e3o \u00fatil da cetona, ela \u00e9 frequentemente chamada de catinona substitu\u00edda.<\/p>\n<h3><strong>Farmacologia bk-2C-B HCL<\/strong><\/h3>\n<p>Bk-2C-B provavelmente atua como um agonista intermedi\u00e1rio de 5-HT2A. Acredita-se que os efeitos psicod\u00e9licos prov\u00eam de sua viabilidade nos receptores 5-HT2A. No entanto, o trabalho dessas conex\u00f5es e como elas provocam a experi\u00eancia psicod\u00e9lica permanece indefinido.<\/p>\n<p>Bk-2C-B, ou beta-ceto 2C-B, \u00e9 uma fenetilamina substitu\u00edda destacando um anel fenil ligado a um grupo amino (NH2) atrav\u00e9s de uma cadeia et\u00edlica. Bk-2C-B cont\u00e9m a forma de 2C-B substitu\u00edda por um grupo de cetonas no carbono beta da estrutura (R1). Al\u00e9m disso, bk-2C-B inclui reuni\u00f5es utilit\u00e1rias metoxi CH3O conectadas aos carbonos R2 e R5 e uma mol\u00e9cula de bromo unida ao carbono R4 do anel fenil.<\/p>\n<p>Bk-2C-B tem um lugar com o grupo 2C de fenetilaminas que cont\u00e9m grupos metoxi nas posi\u00e7\u00f5es 2-5 do anel benz\u00eanico.<\/p>\n<h3><strong>HCL bk-2C-B de alta qualidade<\/strong><\/h3>\n<p><strong>Panac\u00e9ia Qu\u00edmica<\/strong>\u00a0tem muitos anos de experi\u00eancia na ind\u00fastria de design qu\u00edmico de pesquisa, o que nos permite garantir a mais alta qualidade desses produtos qu\u00edmicos de pesquisa. A equipe de pesquisa qu\u00edmica vende bk-2C-B HCL.\u00a0<strong>Produtos qu\u00edmicos de pesquisa<\/strong>, incluindo HCLs bk-2C-B, atendem a todos os requisitos de seguran\u00e7a. Os produtos qu\u00edmicos de pesquisa s\u00e3o cuidadosamente distribu\u00eddos e armazenados em local fresco e seco.<\/p>\n<p>Todos os produtos s\u00e3o inspecionados regularmente quanto \u00e0 qualidade, pureza e seguran\u00e7a. Mantenha sempre o bk-2C-B HCL em temperatura ambiente e fora do alcance de crian\u00e7as e animais de estima\u00e7\u00e3o. Nosso bk-2C-B HCL n\u00e3o se destina ao uso pessoal. \u00c9 apenas para fins de pesquisa.<\/p>\n<p>N\u00e3o deve ser misturado com \u00e1lcool ou produtos qu\u00edmicos de pesquisa ao pesquisar este produto qu\u00edmico de pesquisa!<\/p>\n<p>Todos os nossos produtos t\u00eam um pre\u00e7o justo!<\/p>\n<h3><strong>HCL bk-2C-B testado em laborat\u00f3rio com resultados.<\/strong><\/h3>\n<p>Refaz progressos em dire\u00e7\u00e3o \u00e0 satisfa\u00e7\u00e3o geral de seus clientes. Diferentes exames mostraram que os clientes solicitam tantos dados quanto o esperado antes de comprar produtos qu\u00edmicos sint\u00e9ticos para pesquisa. Al\u00e9m disso, publicamos todos os resultados laboratoriais de cada composto de exame em um arquivo PDF.<\/p>\n<p>Nosso\u00a0<strong>bk-2C-B HCL em p\u00f3<\/strong>\u00a0consistentemente atende aos ingredientes ativos e pode ser visto diretamente por todos.<\/p>\n<p>Distribu\u00edmos todas as consequ\u00eancias laboratoriais de cada produto qu\u00edmico de pesquisa em um documento PDF.<\/p>\n<h3><strong>Fa\u00e7a seu pedido com seguran\u00e7a na bk-2C-B HCL.<\/strong><\/h3>\n<p>Os produtos qu\u00edmicos de pesquisa da Panacea Chems s\u00e3o de excelente qualidade e t\u00eam um custo justo. Portanto, quando voc\u00ea solicita seus produtos qu\u00edmicos de pesquisa na Panacea Chems, garantimos que encaminharemos sua solicita\u00e7\u00e3o para sua casa com rapidez e seguran\u00e7a, pois a venda de produtos qu\u00edmicos de pesquisa est\u00e1 sempre dispon\u00edvel na Panacea Chems.<\/p>\n<p>Solicitar compostos de pesquisa sint\u00e9tica com Bitcoin ou transfer\u00eancia banc\u00e1ria \u00e9 simples na Panacea Chems.<\/p>\n<p>Enviamos p\u00f3 qu\u00edmico para pesquisa no mesmo dia \u00fatil se o pagamento for recebido antes das 15h CEST.<\/p>\n<p>N\u00e3o fornecemos itens para menores de 18 anos!<\/p>\n<p>A venda de produtos qu\u00edmicos para pesquisa \u00e9 apenas para fins de pesquisa.<\/p>\n<p>&nbsp;<\/p>\n<h3><strong>Envio discreto de produtos qu\u00edmicos de pesquisa.<\/strong><\/h3>\n<p>A Panacea Chems embalar\u00e1 seu pedido com seguran\u00e7a para garantir o transporte adequado. Al\u00e9m disso, embalamos com perfeita discri\u00e7\u00e3o e nenhum sinal do que poderia estar dentro ser\u00e1 mostrado do lado de fora.<\/p>\n<h3><strong>Precau\u00e7\u00f5es<\/strong><\/h3>\n<ul>\n<li>Compre bk-2C-B HCL o equipamento de prote\u00e7\u00e3o individual apropriado, como \u00f3culos e luvas. Limpe e cuide deles adequadamente. Siga sistemas seguros ao manusear produtos qu\u00edmicos de pesquisa e n\u00e3o tome atalhos.<\/li>\n<li>Se o produto qu\u00edmico da pesquisa entrar em contato com os olhos, lave bem e remova as lentes de contato, se necess\u00e1rio.<\/li>\n<li>Tente usar uma m\u00e1scara ao usar esses produtos qu\u00edmicos para que eles n\u00e3o entrem em voc\u00ea durante a respira\u00e7\u00e3o.<\/li>\n<li>Conforme indicam os m\u00e9todos suportados, manuseie, armazene e descarte com seguran\u00e7a materiais perigosos. Nunca jogue-os em esgotos ou canais.<\/li>\n<li>Armazene os produtos qu\u00edmicos de pesquisa de forma adequada, conforme indicado em seus nomes. Os produtos qu\u00edmicos inflam\u00e1veis devem ser guardados em cannabis seca e excelente, longe da intensidade e da luz solar. Alguns produtos sint\u00e9ticos, como os \u00e1cidos, devem ser guardados independentemente uns dos outros.<\/li>\n<li>Panacea Chems oferecido para fins de pesquisa; o consumo humano \u00e9 altamente proibido.<\/li>\n<\/ul>","protected":false},"excerpt":{"rendered":"<p><strong>Nome IUPAC:<\/strong><\/p>\n<p>2-amino-1-(4-bromo-2,5-dimetoxifenil)-etanona, monocloridrato<\/p>\n<p><strong>CAS #<\/strong><\/p>\n<p>807631-09-0<\/p>\n<p><strong>Outro nome:<\/strong><\/p>\n<p>bk-4-Bromo-2,5-dimetoxifenetilamina<\/p>\n<p><strong>Apar\u00eancia:<\/strong><\/p>\n<p>p\u00f3<\/p>\n<p><strong>Forma:<\/strong><\/p>\n<p>HCl<\/p>\n<p><strong>An\u00e1lise de RMN:<\/strong><\/p>\n<p>C10H12BrNO3<\/p>","protected":false},"featured_media":8741,"comment_status":"open","ping_status":"closed","template":"","meta":[],"product_brand":[],"product_cat":[94],"product_tag":[],"class_list":{"0":"post-8688","1":"product","2":"type-product","3":"status-publish","4":"has-post-thumbnail","6":"product_cat-phenethylamine-derivatives","8":"first","9":"instock","10":"shipping-taxable","11":"purchasable","12":"product-type-variable"},"jetpack_sharing_enabled":true,"_links":{"self":[{"href":"https:\/\/rezeptfrei-apotheke.net\/pt\/wp-json\/wp\/v2\/product\/8688","targetHints":{"allow":["GET"]}}],"collection":[{"href":"https:\/\/rezeptfrei-apotheke.net\/pt\/wp-json\/wp\/v2\/product"}],"about":[{"href":"https:\/\/rezeptfrei-apotheke.net\/pt\/wp-json\/wp\/v2\/types\/product"}],"replies":[{"embeddable":true,"href":"https:\/\/rezeptfrei-apotheke.net\/pt\/wp-json\/wp\/v2\/comments?post=8688"}],"wp:featuredmedia":[{"embeddable":true,"href":"https:\/\/rezeptfrei-apotheke.net\/pt\/wp-json\/wp\/v2\/media\/8741"}],"wp:attachment":[{"href":"https:\/\/rezeptfrei-apotheke.net\/pt\/wp-json\/wp\/v2\/media?parent=8688"}],"wp:term":[{"taxonomy":"product_brand","embeddable":true,"href":"https:\/\/rezeptfrei-apotheke.net\/pt\/wp-json\/wp\/v2\/product_brand?post=8688"},{"taxonomy":"product_cat","embeddable":true,"href":"https:\/\/rezeptfrei-apotheke.net\/pt\/wp-json\/wp\/v2\/product_cat?post=8688"},{"taxonomy":"product_tag","embeddable":true,"href":"https:\/\/rezeptfrei-apotheke.net\/pt\/wp-json\/wp\/v2\/product_tag?post=8688"}],"curies":[{"name":"wp","href":"https:\/\/api.w.org\/{rel}","templated":true}]}}