{"id":8689,"date":"2023-10-21T10:59:19","date_gmt":"2023-10-21T10:59:19","guid":{"rendered":"https:\/\/rezeptfrei-apotheke.net\/?post_type=product&#038;p=8689"},"modified":"2023-10-31T07:25:48","modified_gmt":"2023-10-31T07:25:48","slug":"%ce%b2h-2c-b-bohb","status":"publish","type":"product","link":"https:\/\/rezeptfrei-apotheke.net\/pt\/product\/%ce%b2h-2c-b-bohb\/","title":{"rendered":"\u03b2H-2C-B (BOHB)"},"content":{"rendered":"<h2><strong>O que \u00e9 BK-2C-B HCL?\u00a0<\/strong><\/h2>\n<p>\u03b2k-2C-B \u00e9 um substituto da fenetilamina. Em R2 e R5, possui substituintes metoxi e R4 possui bromo. O grupo funcional amina ligado ao carbono alfa (\u03b1) possui um grupo cetona na posi\u00e7\u00e3o beta (\u03b2), dando origem ao seu nome e sugerindo que \u00e9 um equivalente estrutural de 2C-B. \u00c9 frequentemente referida como catinona substitu\u00edda devido ao grupo funcional cetona.<\/p>\n<p>V\u00e1rias 2,5-dimetoxifenetilamina t\u00eam a posi\u00e7\u00e3o quatro do anel arom\u00e1tico substitu\u00edda. Mais especificamente, \u00e9 um an\u00e1logo da catinona do produto qu\u00edmico 2C-B (2,5-dimetoxi-4-bromofenetilamina), que foi criado pela primeira vez por Alexander Shulgin.<\/p>\n<p>A rea\u00e7\u00e3o de Grignard com brometo de metilmagn\u00e9sio, oxida\u00e7\u00e3o, broma\u00e7\u00e3o, rea\u00e7\u00e3o com hexametilenotetramina e hidr\u00f3lise \u00e1cida constituem a via sint\u00e9tica. Um ataque nucleof\u00edlico prim\u00e1rio ao carbono cet\u00f4nico da mol\u00e9cula inicial resulta em \u00e1lcool secund\u00e1rio como mecanismo para esta rota sint\u00e9tica.<\/p>\n<h2><strong>Isen\u00e7\u00e3o de responsabilidade<\/strong><\/h2>\n<p>Sob nenhuma circunst\u00e2ncia este produto deve ser administrado a pessoas ou animais. \u00c9 vendido exclusivamente para uso em pesquisas laboratoriais. Sugerimos lidar com o material com cuidado. Se algo de ruim acontecer, n\u00e3o seremos respons\u00e1veis por qualquer controle de danos.<\/p>\n<h2><strong>O BK-2C-B HCL \u00e9 legal?<\/strong><\/h2>\n<p>Antes de adquirir o BK-2C-B HCL, recomendamos que voc\u00ea consulte as autoridades relevantes em sua \u00e1rea de resid\u00eancia ou destino de remessa.<\/p>\n<p>Ao empregar regulamenta\u00e7\u00f5es rigorosas nas vendas deste produto, garantimos que nossos clientes tomem as precau\u00e7\u00f5es necess\u00e1rias para mant\u00ea-los no lado certo da lei. Voc\u00ea, como cliente, deve estar ciente das leis em sua \u00e1rea porque os regulamentos est\u00e3o mudando continuamente. Quaisquer quest\u00f5es legais que possam resultar da compra do BK-2C-B HCL em seu pa\u00eds n\u00e3o s\u00e3o de nossa responsabilidade.<\/p>\n<h2><strong>Onde comprar BK-2C-B HCL?<\/strong><\/h2>\n<p>Chemical Planet \u00e9 um dos principais varejistas e distribuidores de BK-2C-B HCL e outros produtos qu\u00edmicos. S\u00f3 adquirimos dignidade vendendo produtos qu\u00edmicos de alta qualidade, incluindo os incomuns. BK-2C-B HCL est\u00e1 dispon\u00edvel em p\u00f3 e \u00e9 vendido exclusivamente para uso em pesquisas de laborat\u00f3rio. Somente pessoas com pelo menos 18 anos de idade est\u00e3o autorizadas a comprar esta subst\u00e2ncia conosco.<\/p>","protected":false},"excerpt":{"rendered":"<p><strong>Nome IUPAC: <\/strong>Cloridrato de 2,5-dimetoxi-beta-hidroxi-4-bromofenetilamina<\/p>\n<p><strong>Forma: <\/strong>p\u00f3<\/p>","protected":false},"featured_media":8742,"comment_status":"open","ping_status":"closed","template":"","meta":[],"product_brand":[],"product_cat":[94],"product_tag":[],"class_list":{"0":"post-8689","1":"product","2":"type-product","3":"status-publish","4":"has-post-thumbnail","6":"product_cat-phenethylamine-derivatives","8":"first","9":"instock","10":"shipping-taxable","11":"purchasable","12":"product-type-variable"},"jetpack_sharing_enabled":true,"_links":{"self":[{"href":"https:\/\/rezeptfrei-apotheke.net\/pt\/wp-json\/wp\/v2\/product\/8689","targetHints":{"allow":["GET"]}}],"collection":[{"href":"https:\/\/rezeptfrei-apotheke.net\/pt\/wp-json\/wp\/v2\/product"}],"about":[{"href":"https:\/\/rezeptfrei-apotheke.net\/pt\/wp-json\/wp\/v2\/types\/product"}],"replies":[{"embeddable":true,"href":"https:\/\/rezeptfrei-apotheke.net\/pt\/wp-json\/wp\/v2\/comments?post=8689"}],"wp:featuredmedia":[{"embeddable":true,"href":"https:\/\/rezeptfrei-apotheke.net\/pt\/wp-json\/wp\/v2\/media\/8742"}],"wp:attachment":[{"href":"https:\/\/rezeptfrei-apotheke.net\/pt\/wp-json\/wp\/v2\/media?parent=8689"}],"wp:term":[{"taxonomy":"product_brand","embeddable":true,"href":"https:\/\/rezeptfrei-apotheke.net\/pt\/wp-json\/wp\/v2\/product_brand?post=8689"},{"taxonomy":"product_cat","embeddable":true,"href":"https:\/\/rezeptfrei-apotheke.net\/pt\/wp-json\/wp\/v2\/product_cat?post=8689"},{"taxonomy":"product_tag","embeddable":true,"href":"https:\/\/rezeptfrei-apotheke.net\/pt\/wp-json\/wp\/v2\/product_tag?post=8689"}],"curies":[{"name":"wp","href":"https:\/\/api.w.org\/{rel}","templated":true}]}}