{"id":8691,"date":"2023-10-21T10:59:19","date_gmt":"2023-10-21T10:59:19","guid":{"rendered":"https:\/\/rezeptfrei-apotheke.net\/?post_type=product&#038;p=8691"},"modified":"2023-10-30T21:43:37","modified_gmt":"2023-10-30T21:43:37","slug":"4f-mph","status":"publish","type":"product","link":"https:\/\/rezeptfrei-apotheke.net\/pt\/product\/4f-mph\/","title":{"rendered":"4F-MPH"},"content":{"rendered":"<h2><strong>Informa\u00e7\u00f5es gerais sobre 4F-MPH<\/strong><\/h2>\n<p>Compre 4F-MPH, tamb\u00e9m conhecido como 4-Fluorometilfenidato, \u00e9 um produto qu\u00edmico sint\u00e9tico de pesquisa que pertence \u00e0 classe dos fenidatos. \u00c9 um an\u00e1logo intimamente relacionado do metilfenidato (Ritalina) e compartilha muitas propriedades semelhantes. Estas subst\u00e2ncias s\u00e3o frequentemente desenvolvidas para explorar novas estruturas qu\u00edmicas.<\/p>\n<p>O 4F-MPH \u00e9 um composto relativamente novo e seu hist\u00f3rico de pesquisa \u00e9 limitado. Foi sintetizado e relatado pela primeira vez na literatura cient\u00edfica no in\u00edcio dos anos 2000. Como produto qu\u00edmico de investiga\u00e7\u00e3o, as suas propriedades e efeitos ainda est\u00e3o a ser estudados, e poder\u00e1 haver investiga\u00e7\u00e3o em curso para compreender a sua farmacologia, aplica\u00e7\u00f5es potenciais e riscos.<\/p>\n<p>4F-MPH \u00e9 estruturalmente semelhante ao metilfenidato (Ritalina), mas cont\u00e9m uma substitui\u00e7\u00e3o de \u00e1tomo de fl\u00faor.<\/p>\n<p>&nbsp;<\/p>\n<h3><strong>Composi\u00e7\u00e3o qu\u00edmica de 4F-MPH<\/strong><\/h3>\n<p>4F-MPH, tamb\u00e9m conhecido como 4-Fluorometilfenidato, \u00e9 um produto qu\u00edmico de pesquisa que pertence \u00e0s classes da fenetilamina e da piperidina. A composi\u00e7\u00e3o qu\u00edmica do 4F-MPH \u00e9 a seguinte:<\/p>\n<p>Nome qu\u00edmico: \u00e1cido 2-(4-fluorofenil)-2-metil-3-(piperidin-2-il)propan\u00f3ico, \u00e9ster met\u00edlico<\/p>\n<p>F\u00f3rmula molecular: C14H18FNO2<\/p>\n<p>Peso molecular: 251,3 g\/mol<\/p>\n<p>Esta f\u00f3rmula indica que 4F-MPH consiste em quatorze \u00e1tomos de carbono (C14), dezoito \u00e1tomos de hidrog\u00eanio (H18), um \u00e1tomo de fl\u00faor (F), um \u00e1tomo de nitrog\u00eanio (N) e dois \u00e1tomos de oxig\u00eanio (O2).<\/p>\n<p>O composto consiste em um anel fenil substitu\u00eddo por um \u00e1tomo de fl\u00faor na posi\u00e7\u00e3o para (posi\u00e7\u00e3o 4). Ele tamb\u00e9m cont\u00e9m um anel piperidina ligado ao anel fenil por meio de uma ponte de dois carbonos. O anel piperidina \u00e9 uma caracter\u00edstica comum em muitos produtos qu\u00edmicos de pesquisa.<\/p>\n<p>&nbsp;<\/p>\n<h3><strong>Compre 4F-MPH de alta qualidade.<\/strong><\/h3>\n<p><strong>Panac\u00e9ia Qu\u00edmica\u00a0<\/strong>tem v\u00e1rios envolvimentos prolongados com a ind\u00fastria de planejamento qu\u00edmico de pesquisa, engajando-nos para garantir o melhor desses produtos qu\u00edmicos de pesquisa de explora\u00e7\u00e3o.\u00a0<strong>Compra de 4F-MPH<\/strong>\u00a0\u00e9 essencial e tem qualidade superior.\u00a0<strong>4F-MPH<\/strong>a compra \u00e9 menor do que a de v\u00e1rias organiza\u00e7\u00f5es.<\/p>\n<p>Produtos qu\u00edmicos de pesquisa, incluindo\u00a0<strong>4F-MPH<\/strong>, atenda a todos os requisitos de seguran\u00e7a. Os produtos qu\u00edmicos de pesquisa s\u00e3o cuidadosamente distribu\u00eddos e manuseados em um local excelente e seco.<\/p>\n<p>Todos os itens s\u00e3o explorados de forma confi\u00e1vel quanto \u00e0 qualidade, seguran\u00e7a e pureza. Mantenha persistentemente\u00a0<strong>4F-MPH<\/strong>\u00a0\u00e0 temperatura ambiente. \u00c9 apenas para fins de pesquisa.<\/p>\n<p>O pre\u00e7o do nosso produto qu\u00edmico \u00e9 muito razo\u00e1vel e voc\u00ea pode\u00a0<strong>comprar 4F-MPH\u00a0<\/strong>online a pre\u00e7os incrivelmente baratos.<\/p>\n<p>&nbsp;<\/p>\n<h3><strong>P\u00f3 4F-MPH testado em laborat\u00f3rio com resultados.<\/strong><\/h3>\n<p>Refaz progressos em dire\u00e7\u00e3o \u00e0 satisfa\u00e7\u00e3o geral de seus clientes. Diferentes exames mostraram que os clientes solicitam tantos dados quanto o esperado antes de comprar produtos qu\u00edmicos sint\u00e9ticos para pesquisa. Al\u00e9m disso, publicamos todos os resultados laboratoriais de cada composto de exame em um arquivo PDF.<\/p>\n<p>Nosso\u00a0<strong>4F-MPH comprar on-line\u00a0<\/strong>consistentemente atendem aos ingredientes ativos e podem ser vistos por todos.<\/p>\n<p>Distribu\u00edmos todas as consequ\u00eancias laboratoriais de cada produto qu\u00edmico de pesquisa em um documento PDF.<\/p>\n<p>&nbsp;<\/p>\n<h3><strong>Fa\u00e7a o pedido com seguran\u00e7a na 4F-MPH.<\/strong><\/h3>\n<p>Os produtos qu\u00edmicos de pesquisa da Panacea Chems s\u00e3o de excelente qualidade e t\u00eam um custo justo. Portanto, quando voc\u00ea solicita seus produtos qu\u00edmicos de pesquisa na Panacea Chems, garantimos que encaminharemos sua solicita\u00e7\u00e3o ao seu laborat\u00f3rio de pesquisa de forma r\u00e1pida e segura, pois a venda de produtos qu\u00edmicos de pesquisa est\u00e1 sempre dispon\u00edvel na Panacea Chems.<\/p>\n<p>Solicitar compostos de pesquisa sint\u00e9tica com Bitcoin ou transfer\u00eancia banc\u00e1ria \u00e9 simples na Panacea Chems.<\/p>\n<p>Enviamos produtos qu\u00edmicos de pesquisa no mesmo dia \u00fatil se o pagamento for recebido antes das 15h CEST.<\/p>\n<p>N\u00e3o fornecemos itens para menores de 18 anos!<\/p>\n<p><strong>4F-MPH \u00e0 venda<\/strong>\u00a0\u00e9 apenas para fins de pesquisa.<\/p>\n<p>&nbsp;<\/p>\n<h3><strong>Envio discreto de produtos qu\u00edmicos de pesquisa.<\/strong><\/h3>\n<p>A Panacea Chems embalar\u00e1 seu pedido com seguran\u00e7a para garantir o transporte adequado. Al\u00e9m disso, embalamos com perfeita discri\u00e7\u00e3o e nenhum sinal do que poderia estar dentro ser\u00e1 mostrado do lado de fora.<\/p>","protected":false},"excerpt":{"rendered":"<p><strong>Nome IUPAC: <\/strong>2-(4-fluorofenil)-2-(piperidin-2-il)acetato de metila<\/p>\n<p><strong>CAS # <\/strong>1354631-33-6<\/p>\n<p><strong>Outro nome: <\/strong>4-Fluorometilfenidato, 4-FMPH<\/p>\n<p><strong>Apar\u00eancia: <\/strong>p\u00f3<\/p>\n<p><strong>An\u00e1lise de RMN: <\/strong>C14H18FNO2<\/p>","protected":false},"featured_media":8744,"comment_status":"open","ping_status":"closed","template":"","meta":[],"product_brand":[],"product_cat":[95],"product_tag":[],"class_list":{"0":"post-8691","1":"product","2":"type-product","3":"status-publish","4":"has-post-thumbnail","6":"product_cat-buy-piperidines-online","8":"first","9":"instock","10":"shipping-taxable","11":"purchasable","12":"product-type-variable"},"jetpack_sharing_enabled":true,"_links":{"self":[{"href":"https:\/\/rezeptfrei-apotheke.net\/pt\/wp-json\/wp\/v2\/product\/8691","targetHints":{"allow":["GET"]}}],"collection":[{"href":"https:\/\/rezeptfrei-apotheke.net\/pt\/wp-json\/wp\/v2\/product"}],"about":[{"href":"https:\/\/rezeptfrei-apotheke.net\/pt\/wp-json\/wp\/v2\/types\/product"}],"replies":[{"embeddable":true,"href":"https:\/\/rezeptfrei-apotheke.net\/pt\/wp-json\/wp\/v2\/comments?post=8691"}],"wp:featuredmedia":[{"embeddable":true,"href":"https:\/\/rezeptfrei-apotheke.net\/pt\/wp-json\/wp\/v2\/media\/8744"}],"wp:attachment":[{"href":"https:\/\/rezeptfrei-apotheke.net\/pt\/wp-json\/wp\/v2\/media?parent=8691"}],"wp:term":[{"taxonomy":"product_brand","embeddable":true,"href":"https:\/\/rezeptfrei-apotheke.net\/pt\/wp-json\/wp\/v2\/product_brand?post=8691"},{"taxonomy":"product_cat","embeddable":true,"href":"https:\/\/rezeptfrei-apotheke.net\/pt\/wp-json\/wp\/v2\/product_cat?post=8691"},{"taxonomy":"product_tag","embeddable":true,"href":"https:\/\/rezeptfrei-apotheke.net\/pt\/wp-json\/wp\/v2\/product_tag?post=8691"}],"curies":[{"name":"wp","href":"https:\/\/api.w.org\/{rel}","templated":true}]}}