{"id":8694,"date":"2023-10-21T10:59:20","date_gmt":"2023-10-21T10:59:20","guid":{"rendered":"https:\/\/rezeptfrei-apotheke.net\/?post_type=product&#038;p=8694"},"modified":"2026-02-13T15:32:21","modified_gmt":"2026-02-13T15:32:21","slug":"desoxypipradrol","status":"publish","type":"product","link":"https:\/\/rezeptfrei-apotheke.net\/pt\/product\/desoxypipradrol\/","title":{"rendered":"desoxipipradrol"},"content":{"rendered":"<div class=\"wpb-content-wrapper\"><div class=\"vc_row wpb_row vc_row-fluid\"><div class=\"wpb_column vc_column_container vc_col-sm-12\"><div class=\"vc_column-inner\"><div class=\"wpb_wrapper\">\n\t<div class=\"wpb_text_column wpb_content_element\" >\n\t\t<div class=\"wpb_wrapper\">\n\t\t\t<h2>A MELHOR MANEIRA DE OBTER ALTA LEGAL CONOSCO PARA COMPRAR 2-DPMP PARA VENDA<\/h2>\n<p>Desoxipipradrol, tamb\u00e9m conhecido como 2-difenilmetilpiperidina<a href=\"#\">\u00a0Compre 2-DPMP<\/a>, foi desenvolvido pela Ciba na d\u00e9cada de 1950. Apesar de nunca ter sido vendida ou licenciada para uso medicinal, desenvolveu uma reputa\u00e7\u00e3o como uma subst\u00e2ncia poderosa e controversa.\u00a0<a href=\"https:\/\/en.wikipedia.org\/wiki\/Desoxypipradrol\" target=\"_blank\" rel=\"noopener\">Desoxipipradrol<\/a>, um NDRI (inibidor da recapta\u00e7\u00e3o de norepinefrina-dopamina), tem sido mal utilizado por seus efeitos euf\u00f3ricos e estimulantes. A droga foi amplamente desconsiderada durante d\u00e9cadas, apesar do seu potencial, e nunca foi comercializada ou licenciada para uso medicinal.<\/p>\n<h3>Os efeitos do desoxipipradrol<\/h3>\n<p>O desoxipipradrol eleva os n\u00edveis de dopamina e norepinefrina no c\u00e9rebro como um NDRI. Os benef\u00edcios disso incluem melhora do humor, energia e estado de alerta, bem como redu\u00e7\u00e3o da necessidade de alimenta\u00e7\u00e3o e sono. Os efeitos do desoxipipradrol s\u00e3o compar\u00e1veis aos de outras drogas estimulantes, como anfetaminas e coca\u00edna. O medicamento \u00e9 significativamente mais potente e pode ter efeitos colaterais importantes, como ansiedade, psicose e palpita\u00e7\u00f5es card\u00edacas. O desoxipipradrol n\u00e3o se tornou conhecido como droga recreativa at\u00e9 o final dos anos 1990 e in\u00edcio dos anos 2000. Tornou-se popular entre os festeiros e os ca\u00e7adores de emo\u00e7\u00f5es devido aos seus fortes efeitos estimulantes e euf\u00f3ricos. No entanto, os efeitos do desoxipipradrol no corpo humano ainda n\u00e3o eram amplamente conhecidos.<\/p>\n<h3>OS PERIGOS DO DESOXIPIPRADROL<\/h3>\n<p>Junto com os efeitos colaterais listados anteriormente, o medicamento tem a capacidade de causar ataques card\u00edacos, palpita\u00e7\u00f5es e at\u00e9 hipertens\u00e3o. O desoxipipradrol \u00e9 uma subst\u00e2ncia potente que pode resultar rapidamente em overdose. Isto \u00e9 particularmente verdadeiro para novos consumidores e aqueles que tomam grandes quantidades da droga. Juntamente com os seus riscos f\u00edsicos, o desoxipipradrol tem o potencial de causar graves problemas de sa\u00fade mental, como ansiedade, paran\u00f3ia e at\u00e9 alucina\u00e7\u00f5es. Esses efeitos podem durar muito tempo ap\u00f3s o efeito do medicamento e podem perturbar seriamente o paciente.<\/p>\n<h3>DESOXYPIPRADROL NO PAISAGEM ATUAL DE MEDICAMENTOS<\/h3>\n<p>Apesar dos seus riscos, especialmente em festas e clubes, o desoxipipradrol ainda \u00e9 uma droga recreativa amplamente utilizada. As autoridades respons\u00e1veis pela aplica\u00e7\u00e3o da lei e os especialistas em sa\u00fade p\u00fablica est\u00e3o agora a examin\u00e1-la mais de perto devido \u00e0 sua reputa\u00e7\u00e3o como uma toxina letal. seja tornando-o ilegal ou adicionando-o a uma lista de subst\u00e2ncias proibidas. Isso tem levado \u00e0 diminui\u00e7\u00e3o de sua utiliza\u00e7\u00e3o em diversas situa\u00e7\u00f5es, por\u00e9m ainda \u00e9 o medicamento preferido por algumas pessoas.<\/p>\n\n\t\t<\/div>\n\t<\/div>\n<\/div><\/div><\/div><\/div>\n<\/div>","protected":false},"excerpt":{"rendered":"<p>Nome IUPAC: 2-benzidrilpiperidina<br \/>\nCAS # 519-74-4<br \/>\nApar\u00eancia: p\u00f3<br \/>\nAn\u00e1lise de RMN: C18H21N<\/p>","protected":false},"featured_media":8747,"comment_status":"open","ping_status":"closed","template":"","meta":[],"product_brand":[],"product_cat":[95],"product_tag":[],"class_list":{"0":"post-8694","1":"product","2":"type-product","3":"status-publish","4":"has-post-thumbnail","6":"product_cat-buy-piperidines-online","8":"first","9":"instock","10":"shipping-taxable","11":"purchasable","12":"product-type-variable"},"jetpack_sharing_enabled":true,"_links":{"self":[{"href":"https:\/\/rezeptfrei-apotheke.net\/pt\/wp-json\/wp\/v2\/product\/8694","targetHints":{"allow":["GET"]}}],"collection":[{"href":"https:\/\/rezeptfrei-apotheke.net\/pt\/wp-json\/wp\/v2\/product"}],"about":[{"href":"https:\/\/rezeptfrei-apotheke.net\/pt\/wp-json\/wp\/v2\/types\/product"}],"replies":[{"embeddable":true,"href":"https:\/\/rezeptfrei-apotheke.net\/pt\/wp-json\/wp\/v2\/comments?post=8694"}],"wp:featuredmedia":[{"embeddable":true,"href":"https:\/\/rezeptfrei-apotheke.net\/pt\/wp-json\/wp\/v2\/media\/8747"}],"wp:attachment":[{"href":"https:\/\/rezeptfrei-apotheke.net\/pt\/wp-json\/wp\/v2\/media?parent=8694"}],"wp:term":[{"taxonomy":"product_brand","embeddable":true,"href":"https:\/\/rezeptfrei-apotheke.net\/pt\/wp-json\/wp\/v2\/product_brand?post=8694"},{"taxonomy":"product_cat","embeddable":true,"href":"https:\/\/rezeptfrei-apotheke.net\/pt\/wp-json\/wp\/v2\/product_cat?post=8694"},{"taxonomy":"product_tag","embeddable":true,"href":"https:\/\/rezeptfrei-apotheke.net\/pt\/wp-json\/wp\/v2\/product_tag?post=8694"}],"curies":[{"name":"wp","href":"https:\/\/api.w.org\/{rel}","templated":true}]}}