{"id":8695,"date":"2023-10-21T10:59:20","date_gmt":"2023-10-21T10:59:20","guid":{"rendered":"https:\/\/rezeptfrei-apotheke.net\/?post_type=product&#038;p=8695"},"modified":"2023-10-30T21:12:44","modified_gmt":"2023-10-30T21:12:44","slug":"4-mpm","status":"publish","type":"product","link":"https:\/\/rezeptfrei-apotheke.net\/pt\/product\/4-mpm\/","title":{"rendered":"4-MPD"},"content":{"rendered":"<h2><strong><span data-preserver-spaces=\"true\">Compre 4-MPD on-line:<\/span><\/strong><\/h2>\n<p><span data-preserver-spaces=\"true\">Estamos oferecendo o local ideal para adquirir seu p\u00f3 ou droga recreativa Compre 4-MPD. Este medicamento \u00e9 aumentado para fazer voc\u00ea se sentir bem. \u00c9 uma droga linda. Agora, esta droga tornou-se mais conhecida entre adultos e jovens. \u00c9 um p\u00f3 proibido que tamb\u00e9m \u00e9 usado em todo o mundo para o bem-estar. \u00c9 um medicamento artificial. Ele vem em diferentes formas, como comprimido, c\u00e1psula ou p\u00f3. Estamos lhe dando p\u00f3, o processo vital usual para praticar esta droga. Estamos apresentando em uma faixa de pre\u00e7o razo\u00e1vel.\u00a0<\/span><\/p>\n<h4><strong><span data-preserver-spaces=\"true\">Tudo sobre: 4-mpd Compre Online<\/span><\/strong><\/h4>\n<p><span data-preserver-spaces=\"true\">Este \u00e9 um medicamento fabricado conhecido como 4-Metilpentedrona, tamb\u00e9m conhecido como 4-MPD ou 4-Metil-metilamino-valerofenona. Este p\u00f3 pertence \u00e0 classe de estimulantes da catinona. Esse\u00a0<\/span><strong><em>droga sint\u00e9tica<\/em><\/strong><span data-preserver-spaces=\"true\">\u00a0\u00e9 frequentemente usado para fins recreativos devido \u00e0s suas propriedades euf\u00f3ricas e estimulantes. Apesar de sua utiliza\u00e7\u00e3o geral, cri\u00e1-lo, vend\u00ea-lo ou abusar dele sem receita \u00e9 ilegal.<\/span><\/p>\n<p><span data-preserver-spaces=\"true\">Embora a 4-metilpentedrona seja frequentemente vendida como uma op\u00e7\u00e3o segura aos medicamentos estabelecidos, \u00e9 necess\u00e1rio identificar que a falta de regulamenta\u00e7\u00e3o e controle sobre sua fabrica\u00e7\u00e3o e emiss\u00e3o o torna um produto qu\u00edmico potencialmente prejudicial. Atrav\u00e9s dessas informa\u00e7\u00f5es, nos preocuparemos com a hist\u00f3ria, os efeitos e os riscos da 4-Metilpentedrona e a condi\u00e7\u00e3o de desejar ajuda profissional para o uso da subst\u00e2ncia.<\/span><\/p>\n<h4><strong><span data-preserver-spaces=\"true\">O QUE \u00c9 4-MPD?<\/span><\/strong><\/h4>\n<p><span data-preserver-spaces=\"true\">4-MPD \u00e9 um estimulante fabricado classificado como catinona. \u00c9 o p-metil derivado da pentedrona e um hom\u00f3logo mais elevado de 4-metil metcatinona (mefedrona) e 4-metilbufedrona (4-MeMABP). Esta terapia \u00e9 considerada um medicamento criador, pois \u00e9 simulada em laborat\u00f3rio e n\u00e3o aprovada para benef\u00edcio m\u00e9dico.<\/span><\/p>\n<p><span data-preserver-spaces=\"true\">Desde a sua descoberta no in\u00edcio de 2011, a 4-metilpentedrona evoluiu para uma droga popular de uso indevido. Apesar de sua popularidade, muito pouco se sabe sobre os resultados a longo prazo da 4-Metilpentedrona, e os perigos associados ao seu uso ainda n\u00e3o s\u00e3o totalmente reconhecidos.<\/span><\/p>\n<h4><strong><span data-preserver-spaces=\"true\">Efeitos do 4-MPD:<\/span><\/strong><\/h4>\n<p><span data-preserver-spaces=\"true\">\u00c9 uma estimula\u00e7\u00e3o do sistema nervoso central que alimenta uma combina\u00e7\u00e3o de resultados, como melhora da energia, aten\u00e7\u00e3o e simpatia. Os resultados da 4-Metilpentedrona s\u00e3o semelhantes aos da metanfetamina ou da coca\u00edna e geralmente duram entre duas e tr\u00eas horas.<\/span><\/p>\n<p><span data-preserver-spaces=\"true\">Outros declaram que aumentou o estresse, a loucura e a paran\u00f3ia ap\u00f3s o uso de 4-metilpentedrona. Os resultados da 4-metilpentedrona diferem de acordo com o indiv\u00edduo, dosagem e forma de manejo.<\/span><\/p>\n<h4><strong><span data-preserver-spaces=\"true\">Perigos da 4-METILPENDRONA:<\/span><\/strong><\/h4>\n<p><span data-preserver-spaces=\"true\">Apesar de todos os seus resultados possivelmente prazerosos, a 4-metilpentedrona \u00e9 um produto qu\u00edmico inseguro e potencialmente letal. Todos os usu\u00e1rios correm o risco de consumir um produto que contenha contaminantes ou combina\u00e7\u00f5es nocivas devido \u00e0 falta de regulamenta\u00e7\u00e3o e controle sobre sua fabrica\u00e7\u00e3o e distribui\u00e7\u00e3o.<\/span><\/p>\n<p><span data-preserver-spaces=\"true\">Melhoria da frequ\u00eancia card\u00edaca, dor no peito, ansiedade,\u00a0<a href=\"https:\/\/en.wikipedia.org\/wiki\/Paranoia\" target=\"_blank\" rel=\"noopener\"><strong><em>paran\u00f3ia<\/em><\/strong><\/a>e alucina\u00e7\u00f5es s\u00e3o alguns efeitos colaterais extremos do uso de 4-metilpentedrona. Al\u00e9m de aumentos perigosos na press\u00e3o arterial, o medicamento induz parada card\u00edaca, convuls\u00f5es e derrame.<\/span><\/p>\n<p><span data-preserver-spaces=\"true\">Al\u00e9m dos riscos f\u00edsicos, a 4-metilpentedrona pode impactar substancialmente a sa\u00fade mental. O uso indevido da ess\u00eancia pode gerar tristeza, ansiedade, outras doen\u00e7as mentais e in\u00fameras dores cerebrais.<\/span><\/p>","protected":false},"excerpt":{"rendered":"<p><strong>Nome IUPAC: <\/strong>3-metil-2-(p-tolil)mofolina<\/p>\n<p><strong>CAS # <\/strong>N \/ D<\/p>\n<p><strong>Outro nome: <\/strong>4-metilfenmetrazina<\/p>\n<p><strong>Apar\u00eancia: <\/strong>cristais<\/p>\n<p><strong>An\u00e1lise de RMN: <\/strong>N \/ D<\/p>","protected":false},"featured_media":8748,"comment_status":"open","ping_status":"closed","template":"","meta":[],"product_brand":[],"product_cat":[95],"product_tag":[],"class_list":{"0":"post-8695","1":"product","2":"type-product","3":"status-publish","4":"has-post-thumbnail","6":"product_cat-buy-piperidines-online","8":"first","9":"instock","10":"shipping-taxable","11":"purchasable","12":"product-type-variable"},"jetpack_sharing_enabled":true,"_links":{"self":[{"href":"https:\/\/rezeptfrei-apotheke.net\/pt\/wp-json\/wp\/v2\/product\/8695","targetHints":{"allow":["GET"]}}],"collection":[{"href":"https:\/\/rezeptfrei-apotheke.net\/pt\/wp-json\/wp\/v2\/product"}],"about":[{"href":"https:\/\/rezeptfrei-apotheke.net\/pt\/wp-json\/wp\/v2\/types\/product"}],"replies":[{"embeddable":true,"href":"https:\/\/rezeptfrei-apotheke.net\/pt\/wp-json\/wp\/v2\/comments?post=8695"}],"wp:featuredmedia":[{"embeddable":true,"href":"https:\/\/rezeptfrei-apotheke.net\/pt\/wp-json\/wp\/v2\/media\/8748"}],"wp:attachment":[{"href":"https:\/\/rezeptfrei-apotheke.net\/pt\/wp-json\/wp\/v2\/media?parent=8695"}],"wp:term":[{"taxonomy":"product_brand","embeddable":true,"href":"https:\/\/rezeptfrei-apotheke.net\/pt\/wp-json\/wp\/v2\/product_brand?post=8695"},{"taxonomy":"product_cat","embeddable":true,"href":"https:\/\/rezeptfrei-apotheke.net\/pt\/wp-json\/wp\/v2\/product_cat?post=8695"},{"taxonomy":"product_tag","embeddable":true,"href":"https:\/\/rezeptfrei-apotheke.net\/pt\/wp-json\/wp\/v2\/product_tag?post=8695"}],"curies":[{"name":"wp","href":"https:\/\/api.w.org\/{rel}","templated":true}]}}