{"id":8696,"date":"2023-10-21T10:59:20","date_gmt":"2023-10-21T10:59:20","guid":{"rendered":"https:\/\/rezeptfrei-apotheke.net\/?post_type=product&#038;p=8696"},"modified":"2023-10-30T21:26:49","modified_gmt":"2023-10-30T21:26:49","slug":"3-fpm","status":"publish","type":"product","link":"https:\/\/rezeptfrei-apotheke.net\/pt\/product\/3-fpm\/","title":{"rendered":"3-FPM"},"content":{"rendered":"<h2>Comprar <strong>3-FPM <\/strong><strong>Informa\u00e7\u00f5es Gerais 3-FPM<\/strong><\/h2>\n<p>A 3-fluorofenmetrazina \u00e9 uma subst\u00e2ncia energizante original da classe das fenilmorfolinas. 3-FPM \u00e9 uma subsidi\u00e1ria da fenmetrazina, uma subst\u00e2ncia energizante anteriormente conhecida, utilizada clinicamente como anorex\u00edgeno na Europa na d\u00e9cada de 1950. Ele realiza sua a\u00e7\u00e3o aumentando os n\u00edveis de serotonina, dopamina e norepinefrina no c\u00e9rebro.<\/p>\n<h3><strong>Composi\u00e7\u00e3o Qu\u00edmica 3-FPM<\/strong><\/h3>\n<p>A f\u00f3rmula de 3-FPM acess\u00edvel por n\u00f3s \u00e9 C11H14FNO \u2013 peso at\u00f4mico 285,42g. 3-FPM ou 3-Fluorofenmetrazina \u00e9 considerado 3-FPH e PAL-593; este produto \u00e9 um subordinado fluorado da fenmetrazina. 3-FPM (PAL-593) \u00e9 um simples fluorado \u00e0 luz do energizador e fenilmorfolina fluorada da fenmetrazina tr\u00eas fluorofenmetrazina.<\/p>\n<p>A f\u00f3rmula qu\u00edmica \u00e9 C11H14FNO. 3-Fluorofenmetrazina \u00e9 uma simples 3F-fenmetrazina e 3-fluorofenmetrazina, outra subst\u00e2ncia de exame da fam\u00edlia dos energizadores 2-3-fluorofenil, 3-metil morfolina e 3-fluorofenmetrazina.<\/p>\n<p>3- A fluorofenmetrazina cont\u00e9m uma mol\u00e9cula de fl\u00faor integrada no esqueleto da anfetamina.<\/p>\n<h3><strong>Farmacologia do 3-FPM<\/strong><\/h3>\n<p>3-FPM (FPM 3) aumenta a atividade cerebral ativando os n\u00edveis de serotonina, dopamina e norepinefrina. Os impactos abstratos incorporam melhor concentra\u00e7\u00e3o e inspira\u00e7\u00e3o, acelerando os pensamentos e maior felicidade e entusiasmo. A cole\u00e7\u00e3o de sinapses traz efeitos de arrebatamento e experi\u00eancias estimulantes.<\/p>\n<h3><strong>Compre 3-FPM de alta qualidade<\/strong><\/h3>\n<p>A TRRCSHOP tem muitos anos de envolvimento na compra de produtos qu\u00edmicos de pesquisa de designers para que possamos garantir o melhor para cada produto. Como resultado, os produtos qu\u00edmicos de pesquisa que vendemos no site, incluindo 3-FPM 3-fluorofenmetrazina, atendem \u00e0s nossas altas diretrizes e s\u00e3o cuidadosamente enviados, guardados e mantidos em locais frescos e secos.<\/p>\n<p>Todos os itens t\u00eam um custo justo e a compra no TRRCSHOP \u00e9 isenta de preju\u00edzos.<\/p>\n<h3><strong>3-FPM testado em laborat\u00f3rio com o resultado<\/strong><\/h3>\n<p>O TRRCSHOP avan\u00e7a na expans\u00e3o da satisfa\u00e7\u00e3o do consumidor. A pesquisa mostra que o novo cliente tem muitas d\u00favidas sobre produtos qu\u00edmicos para pesquisa, como 3-FPM, 2-FMA ou FPM3. Um registro tem muitos benef\u00edcios em responder a cada uma de suas perguntas.<\/p>\n<p>Distribu\u00edmos todos os resultados laboratoriais de cada composto de explora\u00e7\u00e3o em um arquivo pdf, que dever\u00e1 ficar vis\u00edvel ao longo deste texto!<\/p>\n<p>Nosso 3-FPM geralmente concorda com os regulamentos de funcionamento e est\u00e1 dispon\u00edvel para todos. Al\u00e9m disso, os resultados do laborat\u00f3rio da Equipe de Pesquisa Qu\u00edmica geralmente est\u00e3o presentes.<\/p>\n<h3><strong>Encomende com seguran\u00e7a a partir de 3-FPM.<\/strong><\/h3>\n<p>Os produtos qu\u00edmicos de pesquisa desenhados pela TRRCSHOP s\u00e3o de excelente qualidade e possuem um custo justo. No momento em que voc\u00ea solicita seu 3-FPM na TRRCSHOP, garantimos que seu pedido ser\u00e1 encaminhado para sua casa com rapidez e seguran\u00e7a.<\/p>\n<p>Solicitar compostos de pesquisa sint\u00e9tica com Bitcoin ou transfer\u00eancia banc\u00e1ria \u00e9 f\u00e1cil no TRRCSHOP.<\/p>\n<p>Enviamos 3 FPM no mesmo dia \u00fatil se o pagamento for recebido antes das 14h CEST. N\u00e3o enviamos aos s\u00e1bados, domingos ou feriados nacionais\/internacionais<strong>.<\/strong><\/p>\n<h3><strong>Envio discreto de produtos qu\u00edmicos de pesquisa.<\/strong><\/h3>\n<p>Embora os produtos qu\u00edmicos de pesquisa de design sejam legalmente acess\u00edveis on-line, n\u00f3s da TRRCSHOP nos esfor\u00e7amos para fornecer de forma mais segura e razo\u00e1vel. Primeiro, o item \u00e9 colocado em um saco click antes de ir para um saco onde \u00e9 queimado duas vezes. N\u00f3s embalamos com muito boa discri\u00e7\u00e3o e nenhum sinal do que poderia estar dentro ser\u00e1 mostrado do lado de fora.<\/p>\n<p>Escolha uma entrega rastreada para rastrear e acompanhar para que voc\u00ea possa acompanhar seu pedido progressivamente. Por exemplo, enviamos encomendas superiores a 500 euros com percurso gr\u00e1tis.<\/p>\n<p>N\u00e3o fornecemos itens para menores de 18 anos!<\/p>\n<h3><strong>Precau\u00e7\u00f5es<\/strong><\/h3>\n<ul>\n<li>RC \u00e9 oferecido em <a href=\"https:\/\/rezeptfrei-apotheke.net\/pt\/\">loja de produtos qu\u00edmicos<\/a> s\u00e3o para fins de pesquisa, o consumo humano \u00e9 altamente proibido.<\/li>\n<li>Compre o equipamento de prote\u00e7\u00e3o individual adequado, como \u00f3culos e luvas. Limpe e cuide deles adequadamente. Siga sistemas seguros ao manusear produtos qu\u00edmicos de pesquisa e n\u00e3o tome atalhos.<\/li>\n<li>Se o produto qu\u00edmico da pesquisa entrar em contato com os olhos, lave bem e remova as lentes de contato, se necess\u00e1rio.<\/li>\n<li>Tente usar uma m\u00e1scara ao usar esses produtos qu\u00edmicos para que eles n\u00e3o entrem em voc\u00ea durante a respira\u00e7\u00e3o.<\/li>\n<li>Conforme indicam os m\u00e9todos suportados, manuseie, armazene e descarte materiais perigosos com seguran\u00e7a. Nunca jogue-os em esgotos ou canais.<\/li>\n<li>Armazene os produtos qu\u00edmicos de pesquisa de forma adequada, conforme indicado em seus nomes. Os produtos qu\u00edmicos inflam\u00e1veis devem ser guardados em local excelente e seco, longe da intensidade e da luz solar. Alguns produtos sint\u00e9ticos, como \u00e1cidos, devem ser guardados independentemente uns dos outros.<\/li>\n<\/ul>","protected":false},"excerpt":{"rendered":"<p>Nome IUPAC: 2-(3-fluorofenil)-3-metilmorfolina, monocloridrato<br \/>\nCAS # 1803562-83-5<br \/>\nOutro nome: 3-Fluorofenmetrazina (cloridrato)<br \/>\nApar\u00eancia: p\u00f3<br \/>\nAn\u00e1lise de RMN: C11H14FNO \u2022 HCl<\/p>","protected":false},"featured_media":8749,"comment_status":"open","ping_status":"closed","template":"","meta":[],"product_brand":[],"product_cat":[95],"product_tag":[],"class_list":{"0":"post-8696","1":"product","2":"type-product","3":"status-publish","4":"has-post-thumbnail","6":"product_cat-buy-piperidines-online","8":"first","9":"instock","10":"shipping-taxable","11":"purchasable","12":"product-type-variable"},"jetpack_sharing_enabled":true,"_links":{"self":[{"href":"https:\/\/rezeptfrei-apotheke.net\/pt\/wp-json\/wp\/v2\/product\/8696","targetHints":{"allow":["GET"]}}],"collection":[{"href":"https:\/\/rezeptfrei-apotheke.net\/pt\/wp-json\/wp\/v2\/product"}],"about":[{"href":"https:\/\/rezeptfrei-apotheke.net\/pt\/wp-json\/wp\/v2\/types\/product"}],"replies":[{"embeddable":true,"href":"https:\/\/rezeptfrei-apotheke.net\/pt\/wp-json\/wp\/v2\/comments?post=8696"}],"wp:featuredmedia":[{"embeddable":true,"href":"https:\/\/rezeptfrei-apotheke.net\/pt\/wp-json\/wp\/v2\/media\/8749"}],"wp:attachment":[{"href":"https:\/\/rezeptfrei-apotheke.net\/pt\/wp-json\/wp\/v2\/media?parent=8696"}],"wp:term":[{"taxonomy":"product_brand","embeddable":true,"href":"https:\/\/rezeptfrei-apotheke.net\/pt\/wp-json\/wp\/v2\/product_brand?post=8696"},{"taxonomy":"product_cat","embeddable":true,"href":"https:\/\/rezeptfrei-apotheke.net\/pt\/wp-json\/wp\/v2\/product_cat?post=8696"},{"taxonomy":"product_tag","embeddable":true,"href":"https:\/\/rezeptfrei-apotheke.net\/pt\/wp-json\/wp\/v2\/product_tag?post=8696"}],"curies":[{"name":"wp","href":"https:\/\/api.w.org\/{rel}","templated":true}]}}