{"id":8697,"date":"2023-10-21T10:59:20","date_gmt":"2023-10-21T10:59:20","guid":{"rendered":"https:\/\/rezeptfrei-apotheke.net\/?post_type=product&#038;p=8697"},"modified":"2023-10-31T08:52:48","modified_gmt":"2023-10-31T08:52:48","slug":"nb-5-meo-mipt-oxalate","status":"publish","type":"product","link":"https:\/\/rezeptfrei-apotheke.net\/pt\/product\/nb-5-meo-mipt-oxalate\/","title":{"rendered":"NB-5-MeO-MiPT (oxalato)"},"content":{"rendered":"<h2><strong>Informa\u00e7\u00f5es gerais Triptaminas: NB-5-MeO-MiPT (oxalato)<\/strong><\/h2>\n<p>A triptamina \u00e9 um metab\u00f3lito da indolamina do amino\u00e1cido triptofano necess\u00e1rio. Um indol caracteriza a estrutura da subst\u00e2ncia - um anel combinado de benzeno e pirrol e um grupo de 2-aminoetila no carbono subsequente (terceiro iota de cheiro adocicado, sendo o primeiro o nitrog\u00eanio heteroc\u00edclico). A constru\u00e7\u00e3o da triptamina \u00e9 um elemento comum de certos neuromoduladores amin\u00e9rgicos, incluindo melatonina, serotonina, bufotenina e subsidi\u00e1rias alucin\u00f3genas, por exemplo, dimetiltriptamina (DMT), psilocibina, psilocina e outros. Al\u00e9m disso, foi demonstrado que a triptamina ativa os seguintes receptores relacionados \u00e0 amina comunicados no c\u00e9rebro dos mam\u00edferos e controla a a\u00e7\u00e3o dos sistemas dopamin\u00e9rgico, seroton\u00e9rgico e glutamat\u00e9rgico.<\/p>\n<p>5-MeO-MiPT \u00e9 um medicamento alucin\u00f3geno e estimulante utilizado por alguns como ente\u00f3geno. Possui propriedades subjacentes e farmacodin\u00e2micas, como os medicamentos 5-MeO-DiPT, DiPT e MiPT. No entanto, \u00e9 normalmente utilizado como \u201csubstituto\u201d do 5-MeO-DiPT devido \u00e0 exata constru\u00e7\u00e3o e impactos.<\/p>\n<p>&nbsp;<\/p>\n<h3><strong>Composi\u00e7\u00e3o Qu\u00edmica das Triptaminas: NB-5-MeO-MiPT (oxalato)<\/strong><\/h3>\n<p>&nbsp;<\/p>\n<p>5-MeO-MiPT est\u00e1 em uma classe de misturas comumente conhecidas como triptaminas e \u00e9 o hom\u00f3logo N-metil-N-isopropil do alucin\u00f3geno 5-MeO-DMT. O nome completo do composto \u00e9 5-metoxi-N-metil-N-isopropiltriptamina.<\/p>\n<p>5-MeO-MiPT torna o reagente de Ehrlich roxo e depois se mistura at\u00e9 escurecer o azul. Faz com que o reagente marqu\u00eas fique amarelo e escuro.<\/p>\n<h3><strong>Farmacologia das Triptaminas: NB-5-MeO-MiPT (oxalato).<\/strong><\/h3>\n<p>As afinidades em um conselho de 5-HT n\u00e3o s\u00e3o totalmente gravadas em pedra pelo programa PDSP apoiado pelo NIMH. Por exemplo, associa\u00e7\u00f5es nos receptores 5-HT2A e 5-HT2C humanos e de roedores ainda est\u00e3o no ar, utilizando radioligantes agonistas e bandidos.<\/p>\n<p>Como uma propor\u00e7\u00e3o de for\u00e7a e viabilidade valiosas, as altera\u00e7\u00f5es nos n\u00edveis intracelulares de Ca2+ foram estimadas utilizando um leitor de placa de imagem fluorom\u00e9trica (FLIPRTETRA, Molecular Devices) nos receptores humanos 5-HT2A, 5-HT2B e 5-HT2C e no roedor 5-HT2A e receptores 5-HT2C. Por fim, como propor\u00e7\u00e3o da ativa\u00e7\u00e3o do receptor 5-HT2A in vivo, avaliamos a capacidade, sendo tudo igual, de estimular a HTR do camundongo.<\/p>\n<p>N\u00f3s especulamos que a energia utiliz\u00e1vel no receptor 5-HT2A do roedor poderia se conectar melhor com as informa\u00e7\u00f5es de conduta do empurr\u00e3o de cabe\u00e7a do camundongo, uma vez que as afinidades do ligante no receptor 5-HT2A do roedor se associam ao receptor 5-HT2A do camundongo, mas n\u00e3o ao receptor 5-HT2A humano.<\/p>\n<h3><strong>Compre Fluorexetamina de alta qualidade<\/strong><\/h3>\n<p>TRRCSHOP tem muitos anos de experi\u00eancia na ind\u00fastria de design de produtos qu\u00edmicos de pesquisa, o que nos permite garantir a mais alta qualidade desses produtos qu\u00edmicos de pesquisa. A equipe de pesquisa qu\u00edmica vende fluorexetamina e pellets de 2,5 mg. Os produtos qu\u00edmicos de pesquisa, incluindo Fluorexetaminas, atendem a todos os requisitos de seguran\u00e7a. Os produtos qu\u00edmicos de pesquisa s\u00e3o cuidadosamente distribu\u00eddos e armazenados em local fresco e seco.<\/p>\n<p>Todos os produtos s\u00e3o inspecionados regularmente quanto \u00e0 qualidade, pureza e seguran\u00e7a. Mantenha sempre a Fluorexetamina em temperatura ambiente e fora do alcance de crian\u00e7as e animais de estima\u00e7\u00e3o. Nossa Fluorexetamina n\u00e3o se destina ao uso pessoal. \u00c9 apenas para fins de pesquisa.<\/p>\n<p>N\u00e3o deve ser misturado com \u00e1lcool ou produtos qu\u00edmicos de pesquisa ao pesquisar este produto qu\u00edmico de pesquisa!<\/p>\n<p>Todos os nossos produtos t\u00eam um pre\u00e7o justo!<\/p>\n<h3><strong>Fluorexetamina testada em laborat\u00f3rio com resultados.<\/strong><\/h3>\n<p>Refaz progressos em dire\u00e7\u00e3o \u00e0 satisfa\u00e7\u00e3o geral de seus clientes. Diferentes exames mostraram que os clientes solicitam tantos dados quanto o esperado antes de comprar produtos qu\u00edmicos sint\u00e9ticos para pesquisa. Al\u00e9m disso, publicamos todos os resultados laboratoriais de cada composto de exame em um arquivo PDF.<\/p>\n<p>Nossa Fluorexetamina atende consistentemente aos ingredientes ativos e pode ser facilmente visualizada por todos.<\/p>\n<p>Distribu\u00edmos todas as consequ\u00eancias laboratoriais de cada produto qu\u00edmico de pesquisa em um documento PDF.<\/p>\n<h3><strong>Encomende com seguran\u00e7a a Fluorexetamina.<\/strong><\/h3>\n<p>Os produtos qu\u00edmicos de pesquisa TRRCSHOP s\u00e3o de excelente qualidade e t\u00eam um custo justo. Portanto, no momento em que voc\u00ea solicitar seu\u00a0<strong>Fluorexetamina\u00a0<\/strong>na TRRCSHOP garantimos que transportaremos o seu pedido para sua casa com rapidez e seguran\u00e7a.<\/p>\n<p>Solicitar compostos de pesquisa sint\u00e9tica com Bitcoin ou transfer\u00eancia banc\u00e1ria \u00e9 simples no TRRCSHOP.<\/p>\n<p>Enviamos Fluorexetamina no mesmo dia \u00fatil se o pagamento for recebido antes das 14h CEST. Geralmente n\u00e3o enviamos aos s\u00e1bados, domingos ou feriados nacionais\/internacionais<strong>.<\/strong><\/p>\n<h3><strong>Envio discreto de produtos qu\u00edmicos de pesquisa.<\/strong><\/h3>\n<p>Embora os produtos qu\u00edmicos de pesquisa de design sejam legalmente acess\u00edveis on-line, n\u00f3s da Rcendeavor entregamos de forma mais segura e razo\u00e1vel. N\u00f3s embalamos com muito boa discri\u00e7\u00e3o e nenhum sinal do que poderia estar dentro ser\u00e1 mostrado do lado de fora.<\/p>\n<p>Enviamos encomendas superiores a 500 euros com track and follow para que possa acompanhar o seu pacote de forma progressiva. enviamos encomendas superiores a 500 euros com percurso gratuito.<\/p>\n<p>N\u00e3o fornecemos itens para menores de 18 anos!<\/p>\n<h3><strong>Precau\u00e7\u00f5es<\/strong><\/h3>\n<ul>\n<li>Compre o equipamento de prote\u00e7\u00e3o individual adequado, como \u00f3culos e luvas. Limpe e cuide deles adequadamente. Siga sistemas seguros ao manusear produtos qu\u00edmicos de pesquisa e n\u00e3o tome atalhos.<\/li>\n<li>Se o produto qu\u00edmico da pesquisa entrar em contato com os olhos, lave bem e remova as lentes de contato, se necess\u00e1rio.<\/li>\n<li>Tente usar uma m\u00e1scara ao usar esses produtos qu\u00edmicos para que eles n\u00e3o entrem em voc\u00ea durante a respira\u00e7\u00e3o.<\/li>\n<li>Conforme indicam os m\u00e9todos suportados, manuseie, armazene e descarte com seguran\u00e7a materiais perigosos. Nunca jogue-os em esgotos ou canais.<\/li>\n<li>Armazene os produtos qu\u00edmicos de pesquisa de forma adequada, conforme indicado em seus nomes. Os produtos qu\u00edmicos inflam\u00e1veis devem ser guardados em cannabis seca e excelente, longe da intensidade e da luz solar. Alguns produtos sint\u00e9ticos, como os \u00e1cidos, devem ser guardados independentemente uns dos outros.<\/li>\n<li>TRRCSHOP oferecido para fins de pesquisa; o consumo humano \u00e9 altamente proibido.<\/li>\n<\/ul>","protected":false},"excerpt":{"rendered":"<p>Nome IUPAC: terc-butil 3-(2-(isopropil(metil)amino)etil)-5-metoxi-1H-indole-1-carboxilato oxalato<br \/>\nApar\u00eancia: p\u00f3<br \/>\nForma: oxalato<\/p>","protected":false},"featured_media":8750,"comment_status":"open","ping_status":"closed","template":"","meta":[],"product_brand":[],"product_cat":[96],"product_tag":[],"class_list":{"0":"post-8697","1":"product","2":"type-product","3":"status-publish","4":"has-post-thumbnail","6":"product_cat-buy-tryptamines-online","8":"first","9":"instock","10":"shipping-taxable","11":"purchasable","12":"product-type-variable"},"jetpack_sharing_enabled":true,"_links":{"self":[{"href":"https:\/\/rezeptfrei-apotheke.net\/pt\/wp-json\/wp\/v2\/product\/8697","targetHints":{"allow":["GET"]}}],"collection":[{"href":"https:\/\/rezeptfrei-apotheke.net\/pt\/wp-json\/wp\/v2\/product"}],"about":[{"href":"https:\/\/rezeptfrei-apotheke.net\/pt\/wp-json\/wp\/v2\/types\/product"}],"replies":[{"embeddable":true,"href":"https:\/\/rezeptfrei-apotheke.net\/pt\/wp-json\/wp\/v2\/comments?post=8697"}],"wp:featuredmedia":[{"embeddable":true,"href":"https:\/\/rezeptfrei-apotheke.net\/pt\/wp-json\/wp\/v2\/media\/8750"}],"wp:attachment":[{"href":"https:\/\/rezeptfrei-apotheke.net\/pt\/wp-json\/wp\/v2\/media?parent=8697"}],"wp:term":[{"taxonomy":"product_brand","embeddable":true,"href":"https:\/\/rezeptfrei-apotheke.net\/pt\/wp-json\/wp\/v2\/product_brand?post=8697"},{"taxonomy":"product_cat","embeddable":true,"href":"https:\/\/rezeptfrei-apotheke.net\/pt\/wp-json\/wp\/v2\/product_cat?post=8697"},{"taxonomy":"product_tag","embeddable":true,"href":"https:\/\/rezeptfrei-apotheke.net\/pt\/wp-json\/wp\/v2\/product_tag?post=8697"}],"curies":[{"name":"wp","href":"https:\/\/api.w.org\/{rel}","templated":true}]}}