{"id":8698,"date":"2023-10-21T10:59:20","date_gmt":"2023-10-21T10:59:20","guid":{"rendered":"https:\/\/rezeptfrei-apotheke.net\/?post_type=product&#038;p=8698"},"modified":"2026-02-13T14:25:45","modified_gmt":"2026-02-13T14:25:45","slug":"nb-5-meo-dalt-oxalate","status":"publish","type":"product","link":"https:\/\/rezeptfrei-apotheke.net\/pt\/product\/nb-5-meo-dalt-oxalate\/","title":{"rendered":"NB-5-MeO-DALT (oxalato)"},"content":{"rendered":"<h2><strong>O que \u00e9 5-MEO-DALT?<\/strong><\/h2>\n<p>O nome completo de 5-MeO-DALT \u00e9 N-alil-N-[2-(5-metoxi-1H-indol-3-il)etil] prop-2-en-1-amina. Est\u00e1 relacionado de v\u00e1rias maneiras aos compostos Compre 5-MeO-DPT e DALT (N, N-Dialiltriptamina). 5-MeO-DALT tem seu nome comercial devido aos componentes de sua estrutura qu\u00edmica 5-MethOxy-DiALlyl Tryptamina. Possui um grupo amino que possui dois grupos alila ligados a ele, bem como um anel indol de triptamina com um grupo 5-metoxi ligado a ele. Tem muitas semelhan\u00e7as estruturais com DALT e 5-MeO-DiPT.<\/p>\n<p>&nbsp;<\/p>\n<p>Foi sintetizado pela primeira vez por Alexander Shulgin. Ele enviou o primeiro material sobre a s\u00edntese do 5-MeO-DALT para um pesquisador associado chamado Murple em maio de 2004, ap\u00f3s o qual foi distribu\u00eddo online.<\/p>\n<p>Depois de ser sintetizado na China por laborat\u00f3rios comerciais, o Buy 5-MeO-DALT tornou-se dispon\u00edvel no mercado atrav\u00e9s de um fornecedor de produtos qu\u00edmicos online em junho de 2004.<\/p>","protected":false},"excerpt":{"rendered":"<p>O que \u00e9 5-MEO-DALT? O nome completo de 5-MeO-DALT \u00e9 N-alil-N-[2-(5-metoxi-1H-indol-3-il)etil] prop-2-en-1-amina. Est\u00e1 relacionado de muitas maneiras com o<\/p>","protected":false},"featured_media":8751,"comment_status":"open","ping_status":"closed","template":"","meta":[],"product_brand":[],"product_cat":[96],"product_tag":[],"class_list":{"0":"post-8698","1":"product","2":"type-product","3":"status-publish","4":"has-post-thumbnail","6":"product_cat-buy-tryptamines-online","8":"first","9":"instock","10":"shipping-taxable","11":"purchasable","12":"product-type-variable"},"jetpack_sharing_enabled":true,"_links":{"self":[{"href":"https:\/\/rezeptfrei-apotheke.net\/pt\/wp-json\/wp\/v2\/product\/8698","targetHints":{"allow":["GET"]}}],"collection":[{"href":"https:\/\/rezeptfrei-apotheke.net\/pt\/wp-json\/wp\/v2\/product"}],"about":[{"href":"https:\/\/rezeptfrei-apotheke.net\/pt\/wp-json\/wp\/v2\/types\/product"}],"replies":[{"embeddable":true,"href":"https:\/\/rezeptfrei-apotheke.net\/pt\/wp-json\/wp\/v2\/comments?post=8698"}],"wp:featuredmedia":[{"embeddable":true,"href":"https:\/\/rezeptfrei-apotheke.net\/pt\/wp-json\/wp\/v2\/media\/8751"}],"wp:attachment":[{"href":"https:\/\/rezeptfrei-apotheke.net\/pt\/wp-json\/wp\/v2\/media?parent=8698"}],"wp:term":[{"taxonomy":"product_brand","embeddable":true,"href":"https:\/\/rezeptfrei-apotheke.net\/pt\/wp-json\/wp\/v2\/product_brand?post=8698"},{"taxonomy":"product_cat","embeddable":true,"href":"https:\/\/rezeptfrei-apotheke.net\/pt\/wp-json\/wp\/v2\/product_cat?post=8698"},{"taxonomy":"product_tag","embeddable":true,"href":"https:\/\/rezeptfrei-apotheke.net\/pt\/wp-json\/wp\/v2\/product_tag?post=8698"}],"curies":[{"name":"wp","href":"https:\/\/api.w.org\/{rel}","templated":true}]}}