{"id":8722,"date":"2023-10-21T10:59:43","date_gmt":"2023-10-21T10:59:43","guid":{"rendered":"https:\/\/rezeptfrei-apotheke.net\/?post_type=product&#038;p=8722"},"modified":"2023-10-30T20:58:41","modified_gmt":"2023-10-30T20:58:41","slug":"5-cl-amt","status":"publish","type":"product","link":"https:\/\/rezeptfrei-apotheke.net\/pt\/product\/5-cl-amt\/","title":{"rendered":"5-cl-AMT"},"content":{"rendered":"<p>Compre 5-cl-AMT \u00e9 um produto qu\u00edmico de pesquisa, o que significa que \u00e9 uma subst\u00e2ncia desconhecida, portanto pode haver consequ\u00eancias desconhecidas ao fazer pesquisas, portanto, sempre tome as medidas adequadas ao fazer pesquisas.<\/p>\n<ul>\n<li>Produtos qu\u00edmicos de pesquisa podem causar irrita\u00e7\u00e3o respirat\u00f3ria.<\/li>\n<li>Produtos qu\u00edmicos de pesquisa podem causar irrita\u00e7\u00e3o nos olhos.<\/li>\n<li>Os produtos qu\u00edmicos de pesquisa n\u00e3o se destinam ao consumo humano, animal ou outro consumo.<\/li>\n<li>Os produtos qu\u00edmicos de pesquisa n\u00e3o devem ser despejados em esgotos ou descartados de forma inadequada.<\/li>\n<\/ul>","protected":false},"excerpt":{"rendered":"<p><strong>Nome IUPAC: <\/strong>oxalato de terc-butil 3-(2-(dialilamino)etil)-5-metoxi-1H-indole-1-carboxilato<\/p>\n<p><strong>Apar\u00eancia: <\/strong>p\u00f3<\/p>\n<p><strong>Forma: <\/strong>oxalato<\/p>","protected":false},"featured_media":8752,"comment_status":"open","ping_status":"closed","template":"","meta":[],"product_brand":[],"product_cat":[96],"product_tag":[],"class_list":{"0":"post-8722","1":"product","2":"type-product","3":"status-publish","4":"has-post-thumbnail","6":"product_cat-buy-tryptamines-online","8":"first","9":"instock","10":"shipping-taxable","11":"purchasable","12":"product-type-variable"},"jetpack_sharing_enabled":true,"_links":{"self":[{"href":"https:\/\/rezeptfrei-apotheke.net\/pt\/wp-json\/wp\/v2\/product\/8722","targetHints":{"allow":["GET"]}}],"collection":[{"href":"https:\/\/rezeptfrei-apotheke.net\/pt\/wp-json\/wp\/v2\/product"}],"about":[{"href":"https:\/\/rezeptfrei-apotheke.net\/pt\/wp-json\/wp\/v2\/types\/product"}],"replies":[{"embeddable":true,"href":"https:\/\/rezeptfrei-apotheke.net\/pt\/wp-json\/wp\/v2\/comments?post=8722"}],"wp:featuredmedia":[{"embeddable":true,"href":"https:\/\/rezeptfrei-apotheke.net\/pt\/wp-json\/wp\/v2\/media\/8752"}],"wp:attachment":[{"href":"https:\/\/rezeptfrei-apotheke.net\/pt\/wp-json\/wp\/v2\/media?parent=8722"}],"wp:term":[{"taxonomy":"product_brand","embeddable":true,"href":"https:\/\/rezeptfrei-apotheke.net\/pt\/wp-json\/wp\/v2\/product_brand?post=8722"},{"taxonomy":"product_cat","embeddable":true,"href":"https:\/\/rezeptfrei-apotheke.net\/pt\/wp-json\/wp\/v2\/product_cat?post=8722"},{"taxonomy":"product_tag","embeddable":true,"href":"https:\/\/rezeptfrei-apotheke.net\/pt\/wp-json\/wp\/v2\/product_tag?post=8722"}],"curies":[{"name":"wp","href":"https:\/\/api.w.org\/{rel}","templated":true}]}}